{"id":4790,"date":"2021-09-28T14:21:59","date_gmt":"2021-09-28T12:21:59","guid":{"rendered":"https:\/\/roviti.com\/?post_type=product&#038;p=4790"},"modified":"2025-10-09T10:58:00","modified_gmt":"2025-10-09T08:58:00","slug":"huile-de-pepins-de-figue-de-barbarie","status":"publish","type":"product","link":"https:\/\/roviti.com\/fr\/produit\/huile-de-pepins-de-figue-de-barbarie\/","title":{"rendered":"Huile de p\u00e9pins de figue de barbarie"},"content":{"rendered":"<p style=\"font-size: 130%;\" align=\"center;\"><em>Huile de p\u00e9pins de Figue de Barbarie Bio Dop 100% \u2013 15 ml<\/em><\/p>\n<p align=\"justify\">Mode d&#8217;emploi: Il est possible de l&#8217;\u00fatiliser seule ou en compl\u00e9ment de votre creme de nuit qui doit \u00eatre appliqu\u00e9 en dernier. Sa composition est riche en actifs qui sont tr\u00e8s b\u00e9n\u00e9fiques pour la peau et les cheveux. Par cons\u00e9quent, cette huile est souvent utilis\u00e9e dans les traitements cosm\u00e9tiques avec d&#8217;excellents r\u00e9sultats.<\/p>\n<h3><em><strong>VISAGE ET CONTOUR DES YEUX<\/strong><\/em><\/h3>\n<p align=\"justify\">Pour une action anti-\u00e2ge, hydratante et r\u00e9g\u00e9n\u00e9ratrice, d\u00e9poser 2 \u00e0 3 gouttes d&#8217;huile dans le creux de la main et puis r\u00e9partir sur l&#8217;ensemble du visage et du contour des yeux par un massage doux. <i><strong>De pr\u00e9f\u00e9rence le soir avant de dormir<\/strong><\/i>.<\/p>\n<h4><em><strong>CORPS ET MAINS<\/strong><\/em><\/h4>\n<p align=\"justify\">Pour un effet hydratant et nourrissant, d\u00e9posez 5-6 gouttes <a href=\"https:\/\/fr.wikipedia.org\/wiki\/Huile_de_figue_de_Barbarie\">d&#8217;huile<\/a> dans la paume de la main et massez doucement les parties du corps souhait\u00e9es.<\/p>\n<h4><em><strong>CHEVEUX<\/strong><\/em><\/h4>\n<p align=\"justify\">Pour une action r\u00e9paratrice, appliquer sur les cheveux propres et r\u00e9partir sur les longueurs. Il n&#8217;est pas n\u00e9cessaire de rincer.<\/p>\n<p align=\"justify\">Les acides gras et la vitamine E recompactent la paroi externe du cheveu, lui donnant brillance, texture et volume.<\/p>\n<p align=\"justify\">Mais, ne pas d\u00e9passer 3 \u00e0 4 gouttes <a href=\"https:\/\/roviti.com\/fr\/produit\/huile-de-pepins-de-figue-de-barbarie\/\">d&#8217;huile v\u00e9g\u00e9tale pure de figue de barbarie<\/a>, 1 fois par jour.<\/p>\n<p align=\"justify\"><strong><em>Avertissements:<\/em><\/strong> En premier lieu \u00e9viter le contact avec les yeux. Cette <i><strong>huile naturelle<\/strong><\/i> est \u00e1 conserver \u00e1 l&#8217;abri de la lumi\u00e8re pour pr\u00e9server son efficacit\u00e9. Ne pas ing\u00e9rer. \u00c0 utiliser en usage externe seulement.<\/p>\n<p align=\"justify\">Afin de v\u00e9rifier les \u00e9ventuelles intol\u00e9rances allergiques individuelles aux ingr\u00e9dients du cosm\u00e9tique, il est recommand\u00e9 de r\u00e9aliser un test pr\u00e9ventif. Pour cela, appliquez une petite quantit\u00e9 de produit sur une partie peu expos\u00e9e de la peau (par exemple sur un bras).<\/p>\n<p align=\"justify\">Finalement, ROVITI srl d\u00e9cline toute responsabilit\u00e9 suite \u00e0 une mauvaise utilisation, \u00e0 la non-v\u00e9rification des intol\u00e9rances individuelles et aussi au non-respect des normes de test pr\u00e9ventif indiqu\u00e9es ici.<\/p>\n<p>Views: 1453<\/p>","protected":false},"excerpt":{"rendered":"<p style=\"font-size: 140%;\" align=\"justify;\"><strong><i>Huile de p\u00e9pins de figue de barbarie<\/i><\/strong><strong> bio dop 100% &#8211; 15 ml<\/strong>.<\/p>\n<p>&nbsp;<\/p>\n<p align=\"justify\">C&#8217;est un produit rare et pr\u00e9cieux, obtenu par pression \u00e0 froid des graines. D\u2019abord, a ne pas confondre avec la figue de barbarie mac\u00e9r\u00e9e ! Nous <strong><em>garantissons<\/em><\/strong> une huile 100% naturelle et biologique sans aucun additif de synth\u00e8se.<\/p>\n<p>&nbsp;<\/p>\n<p align=\"justify\">Produit natural et certifi\u00e9- <a href=\"https:\/\/roviti.com\/wp-content\/uploads\/2022\/02\/analisi-olio-di-fico-dindia.pdf\"><i>T\u00e9l\u00e9charger la certification.<\/i><\/a><\/p>\n<p>&nbsp;<\/p>\n<p align=\"justify\"><em><strong>Parfum<\/strong>: tr\u00e8s l\u00e9g\u00e8re addition de notes de figues de Barbarie obtenues en transformant les caract\u00e9ristiques gustatives du fruit en une essence parfum\u00e9e.<\/em><\/p>\n<h2 style=\"font-size: 105%;\">Les propri\u00e9t\u00e9s cosm\u00e9tiques de l&#8217;huile de p\u00e9pins de figue de barbarie<\/h2>\n<p align=\"justify\">L&#8217;huile de p\u00e9pins de figue de barbarie contribuient \u00e0 la <i><strong>r\u00e9g\u00e9n\u00e9ration<\/strong><\/i> de la peau. Elle a aussie une action cicatrisante qui sera tr\u00e8s utile pour r\u00e9duire l\u2019aspect des cicatrices. Finalement, ses propri\u00e9t\u00e9s sont sup\u00e9rieures \u00e0 celles de l\u2019huile d\u2019argan et les autres huiles naturelles \u00e0 usage cosm\u00e9tique actuellement sur le march\u00e9.<\/p>\n<h2 style=\"font-size: 105%;\">Le contenu de\u00a0l&#8217;huile de p\u00e9pins de figue de barbarie<\/h2>\n<p align=\"justify\">En premier lieu, elle est riche en potassium, calcium, phosphore, fer, vitamines du groupe B et en r\u00e9tinol.<\/p>\n<p>&nbsp;<\/p>\n<p align=\"justify\">Aussi, l&#8217;huile pure r\u00e9v\u00e8le une quantit\u00e9 importante d&#8217;acides gras essentiels. Principalement des om\u00e9ga 6, ainsi que de la vitamine E, des carot\u00e9no\u00efdes et des phytost\u00e9rols, ce qui lui conf\u00e8re des <i><strong>propri\u00e9t\u00e9s uniques<\/strong><\/i> en mati\u00e8re de soins de la peau.<\/p>\n<h2 style=\"font-size: 105%;\">Meilleure environnement pour l&#8217;huile de p\u00e9pins de figue de barbarie de haute qualit\u00e9<\/h2>\n<p align=\"justify\">L&#8217;huile de p\u00e9pin de figue de barbarie Roviti est produit enti\u00e8rement en Sicile (Italie) dans les terres magnifiques et luxuriantes au pied du volcan Etna. L&#8217;analyse du sol a montr\u00e9 qu&#8217;il est excellent pour les figues de Barbarie.<\/p>\n<p>&nbsp;<\/p>\n<p align=\"justify\">Le figuier de Barbarie est une plante qui s&#8217;est parfaitement adapt\u00e9e au sol volcanique. C&#8217;est un sol tr\u00e8s riche en substances min\u00e9rales que la plante extrait.<\/p>\n<p>&nbsp;<\/p>\n<p align=\"justify\">La Sicile se caract\u00e9rise par un climat m\u00e9diterran\u00e9en avec des \u00e9t\u00e9s longs et secs. Et des pr\u00e9cipitations concentr\u00e9es en automne et en hiver.<\/p>\n<p>&nbsp;<\/p>\n<p align=\"justify\">Le sol dans lequel pousse le figuier de Barbarie n&#8217;a pas besoin d&#8217;\u00eatre fertilis\u00e9, taill\u00e9 ou arros\u00e9.<\/p>\n<p>&nbsp;<\/p>\n<p align=\"justify\">Gr\u00e2ce \u00e0 la puissance de ses racines, qui sont capables de d\u00e9placer le sol de lave, il se d\u00e9veloppe de mani\u00e8re luxuriante, donnant au fruit <i><strong>d&#8217;excellentes caract\u00e9ristiques nutritionnelles<\/strong><\/i>.<\/p>\n","protected":false},"featured_media":4793,"template":"","meta":{"_acf_changed":false},"product_cat":[],"product_tag":[102],"class_list":["post-4790","product","type-product","status-publish","has-post-thumbnail","hentry","product_tag-make-up-fr"],"acf":[],"yoast_head":"<!-- This site is optimized with the Yoast SEO plugin v22.8 - https:\/\/yoast.com\/wordpress\/plugins\/seo\/ -->\n<title>Huile de p\u00e9pins de figue de barbarie<\/title>\n<meta name=\"description\" content=\"Huile de p\u00e9pins de figue de barbarie 15 ml - Bio Dop 100%, riche en potassium, calcium, phosphore, fer, vitamines du groupe B et en r\u00e9tinol.\" \/>\n<meta name=\"robots\" content=\"index, follow, max-snippet:-1, max-image-preview:large, max-video-preview:-1\" \/>\n<link rel=\"canonical\" href=\"https:\/\/roviti.com\/fr\/produit\/huile-de-pepins-de-figue-de-barbarie\/\" \/>\n<meta property=\"og:locale\" content=\"fr_FR\" \/>\n<meta property=\"og:type\" content=\"article\" \/>\n<meta property=\"og:title\" content=\"Huile de p\u00e9pins de figue de barbarie\" \/>\n<meta property=\"og:description\" content=\"Huile de p\u00e9pins de figue de barbarie 15 ml - Bio Dop 100%, riche en potassium, calcium, phosphore, fer, vitamines du groupe B et en r\u00e9tinol.\" \/>\n<meta property=\"og:url\" content=\"https:\/\/roviti.com\/fr\/produit\/huile-de-pepins-de-figue-de-barbarie\/\" \/>\n<meta property=\"og:site_name\" content=\"Cosm\u00e9tiques naturels d&#039;excellence - Roviti\" \/>\n<meta property=\"article:modified_time\" content=\"2025-10-09T08:58:00+00:00\" \/>\n<meta property=\"og:image\" content=\"https:\/\/roviti.com\/wp-content\/uploads\/2021\/09\/olio.png\" \/>\n\t<meta property=\"og:image:width\" content=\"800\" \/>\n\t<meta property=\"og:image:height\" content=\"1071\" \/>\n\t<meta property=\"og:image:type\" content=\"image\/png\" \/>\n<meta name=\"twitter:card\" content=\"summary_large_image\" \/>\n<meta name=\"twitter:label1\" content=\"Dur\u00e9e de lecture estim\u00e9e\" \/>\n\t<meta name=\"twitter:data1\" content=\"2 minutes\" \/>\n<!-- \/ Yoast SEO plugin. -->","yoast_head_json":{"title":"Huile de p\u00e9pins de figue de barbarie","description":"Huile de p\u00e9pins de figue de barbarie 15 ml - Bio Dop 100%, riche en potassium, calcium, phosphore, fer, vitamines du groupe B et en r\u00e9tinol.","robots":{"index":"index","follow":"follow","max-snippet":"max-snippet:-1","max-image-preview":"max-image-preview:large","max-video-preview":"max-video-preview:-1"},"canonical":"https:\/\/roviti.com\/fr\/produit\/huile-de-pepins-de-figue-de-barbarie\/","og_locale":"fr_FR","og_type":"article","og_title":"Huile de p\u00e9pins de figue de barbarie","og_description":"Huile de p\u00e9pins de figue de barbarie 15 ml - Bio Dop 100%, riche en potassium, calcium, phosphore, fer, vitamines du groupe B et en r\u00e9tinol.","og_url":"https:\/\/roviti.com\/fr\/produit\/huile-de-pepins-de-figue-de-barbarie\/","og_site_name":"Cosm\u00e9tiques naturels d'excellence - Roviti","article_modified_time":"2025-10-09T08:58:00+00:00","og_image":[{"width":800,"height":1071,"url":"https:\/\/roviti.com\/wp-content\/uploads\/2021\/09\/olio.png","type":"image\/png"}],"twitter_card":"summary_large_image","twitter_misc":{"Dur\u00e9e de lecture estim\u00e9e":"2 minutes"},"schema":{"@context":"https:\/\/schema.org","@graph":[{"@type":"WebPage","@id":"https:\/\/roviti.com\/fr\/produit\/huile-de-pepins-de-figue-de-barbarie\/","url":"https:\/\/roviti.com\/fr\/produit\/huile-de-pepins-de-figue-de-barbarie\/","name":"Huile de p\u00e9pins de figue de barbarie","isPartOf":{"@id":"https:\/\/roviti.com\/#website"},"primaryImageOfPage":{"@id":"https:\/\/roviti.com\/fr\/produit\/huile-de-pepins-de-figue-de-barbarie\/#primaryimage"},"image":{"@id":"https:\/\/roviti.com\/fr\/produit\/huile-de-pepins-de-figue-de-barbarie\/#primaryimage"},"thumbnailUrl":"https:\/\/roviti.com\/wp-content\/uploads\/2021\/09\/olio.png","datePublished":"2021-09-28T12:21:59+00:00","dateModified":"2025-10-09T08:58:00+00:00","description":"Huile de p\u00e9pins de figue de barbarie 15 ml - Bio Dop 100%, riche en potassium, calcium, phosphore, fer, vitamines du groupe B et en r\u00e9tinol.","breadcrumb":{"@id":"https:\/\/roviti.com\/fr\/produit\/huile-de-pepins-de-figue-de-barbarie\/#breadcrumb"},"inLanguage":"fr-FR","potentialAction":[{"@type":"ReadAction","target":["https:\/\/roviti.com\/fr\/produit\/huile-de-pepins-de-figue-de-barbarie\/"]}]},{"@type":"ImageObject","inLanguage":"fr-FR","@id":"https:\/\/roviti.com\/fr\/produit\/huile-de-pepins-de-figue-de-barbarie\/#primaryimage","url":"https:\/\/roviti.com\/wp-content\/uploads\/2021\/09\/olio.png","contentUrl":"https:\/\/roviti.com\/wp-content\/uploads\/2021\/09\/olio.png","width":800,"height":1071,"caption":"Olio di semi di fico d\u2019India"},{"@type":"BreadcrumbList","@id":"https:\/\/roviti.com\/fr\/produit\/huile-de-pepins-de-figue-de-barbarie\/#breadcrumb","itemListElement":[{"@type":"ListItem","position":1,"name":"Home","item":"https:\/\/roviti.com\/fr\/"},{"@type":"ListItem","position":2,"name":"Shop","item":"https:\/\/roviti.com\/fr\/shop\/"},{"@type":"ListItem","position":3,"name":"Huile de p\u00e9pins de figue de barbarie"}]},{"@type":"WebSite","@id":"https:\/\/roviti.com\/#website","url":"https:\/\/roviti.com\/","name":"Cosm\u00e9tiques naturels d'excellence - Roviti","description":"Olio di fico d&#039;India","potentialAction":[{"@type":"SearchAction","target":{"@type":"EntryPoint","urlTemplate":"https:\/\/roviti.com\/?s={search_term_string}"},"query-input":"required name=search_term_string"}],"inLanguage":"fr-FR"}]}},"_links":{"self":[{"href":"https:\/\/roviti.com\/fr\/wp-json\/wp\/v2\/product\/4790","targetHints":{"allow":["GET"]}}],"collection":[{"href":"https:\/\/roviti.com\/fr\/wp-json\/wp\/v2\/product"}],"about":[{"href":"https:\/\/roviti.com\/fr\/wp-json\/wp\/v2\/types\/product"}],"wp:featuredmedia":[{"embeddable":true,"href":"https:\/\/roviti.com\/fr\/wp-json\/wp\/v2\/media\/4793"}],"wp:attachment":[{"href":"https:\/\/roviti.com\/fr\/wp-json\/wp\/v2\/media?parent=4790"}],"wp:term":[{"taxonomy":"product_cat","embeddable":true,"href":"https:\/\/roviti.com\/fr\/wp-json\/wp\/v2\/product_cat?post=4790"},{"taxonomy":"product_tag","embeddable":true,"href":"https:\/\/roviti.com\/fr\/wp-json\/wp\/v2\/product_tag?post=4790"}],"curies":[{"name":"wp","href":"https:\/\/api.w.org\/{rel}","templated":true}]}}