{"id":4774,"date":"2021-09-28T13:57:29","date_gmt":"2021-09-28T11:57:29","guid":{"rendered":"https:\/\/roviti.com\/?post_type=product&#038;p=4774"},"modified":"2025-10-09T10:58:55","modified_gmt":"2025-10-09T08:58:55","slug":"bain-de-lait","status":"publish","type":"product","link":"https:\/\/roviti.com\/fr\/produit\/bain-de-lait\/","title":{"rendered":"BAIN DE LAIT"},"content":{"rendered":"<h2 style=\"font-size:130%;\" align=\"center;\"><em>Bain de Lait de haute qualit\u00e9<\/em><\/h2>\n<p align=\"justify\">Mode d&#8217;emploi: agitez bien le flacon <strong>Bain de Lait Roviti<\/strong> avant de l&#8217;utiliser. Lors de la douche, r\u00e9partissez le produit sur l&#8217;ensemble du corps mouill\u00e9.<\/p>\n<p align=\"justify\">Massez vigoureusement, en vous concentrant sur les zones sujettes \u00e0 une <a href=\"https:\/\/fr.wikipedia.org\/wiki\/Hydratation_de_la_peau\">d\u00e9shydratation<\/a> accentu\u00e9e. Par exemple, les jambes, le visage et le cou. Laissez agir pendant environ 2 minutes.<\/p>\n<p align=\"justify\">Rincez-vous sous la douche. Si n\u00e9cessaire, r\u00e9p\u00e9tez l&#8217;op\u00e9ration une seconde fois.<\/p>\n<p align=\"justify\">Conseil : apr\u00e8s la douche et le s\u00e9chage, appliquez le produit <i><strong>Cr\u00e8me corporelle \u00e0 effet choc<\/i><\/strong> Roviti pour une <a href=\"https:\/\/roviti.com\/fr\/produit\/bain-de-lait\/\">hydratation et une nutrition<\/a> optimales de la peau.<\/p>\n<h2>Bain de lait avec des ingr\u00e9dients \u00e0 base d&#8217;huile naturels<\/h2>\n<p align=\"justify\">Gr\u00e2ce \u00e0 la pr\u00e9sence d\u2019huiles naturelles, le Lait de Bain Roviti est particuli\u00e8rement adapt\u00e9 \u00e0 un nettoyage naturel. Le composant lipidique, compos\u00e9 d\u2019huile de figue de barbarie, d\u2019huile d\u2019argan et d\u2019huile de coco fractionn\u00e9e, apporte une valeur exceptionnelle. Ces trois huiles pures repr\u00e9sentent plus de 50% dans le produit.<\/p>\n<p align=\"justify\"><strong><em>Avertissements:<\/em><\/strong>Afin de v\u00e9rifier les \u00e9ventuelles intol\u00e9rances allergiques individuelles aux ingr\u00e9dients du cosm\u00e9tique, il est recommand\u00e9 de r\u00e9aliser un test pr\u00e9ventif en appliquant une petite quantit\u00e9 de produit sur une partie peu expos\u00e9e de la peau (par exemple sur un bras).<\/p>\n<p align=\"justify\">ROVITI srl d\u00e9cline toute responsabilit\u00e9 suite \u00e0 une mauvaise utilisation, \u00e0 la non-v\u00e9rification des intol\u00e9rances individuelles ou au non-respect des normes de test pr\u00e9ventif indiqu\u00e9es ici.<\/p>\n<p>Views: 174<\/p>","protected":false},"excerpt":{"rendered":"<p>&nbsp;<\/p>\n<p align=\"justify\">Bain de lait <strong>\u00e0 l&#8217;elixir de figue de barbarie<\/strong> &#8211; Un \u00e9lixir de bain lait\/huile doux et \u00e9mollient avec un pourcentage \u00e9lev\u00e9 d&#8217;huiles naturelles.<\/p>\n<p>&nbsp;<\/p>\n<p><em><strong>Avec le complexe hydrolipidique exclusif HLA.<\/strong><\/em><\/p>\n<p>&nbsp;<\/p>\n<p align=\"justify\"><em><strong>Parfum<\/strong>: notes de figues de Barbarie obtenues en transformant les caract\u00e9ristiques gustatives du fruit en une essence parfum\u00e9e.<\/em><\/p>\n<p>&nbsp;<\/p>\n<p align=\"justify\">Composants principaux &#8211; Il s&#8217;agit notamment de l&#8217;huile de figue de barbarie et de l&#8217;huile d&#8217;argan, qui sont tr\u00e8s riches en acides polyinsatur\u00e9s (&gt; 60 % d&#8217;om\u00e9ga 3-6) et en vitamine E.<\/p>\n<p>&nbsp;<\/p>\n<p align=\"justify\">L&#8217;utilisation r\u00e9guli\u00e8re du lait de bain favorise la restauration de la barri\u00e8re hydrolipidique.<\/p>\n<p>&nbsp;<\/p>\n<p align=\"justify\">Premi\u00e8rement, il apporte \u00e0 la peau du corps un facteur naturel d&#8217;hydratation (NMF) et du jus <a href=\"https:\/\/es.wikipedia.org\/wiki\/Aloe_vera\">d&#8217;Aloe Vera<\/a>, qui, avec les huiles naturelles, rendent le produit id\u00e9al pour les peaux d\u00e9licates.<\/p>\n<p>&nbsp;<\/p>\n<p align=\"justify\">Finalement, le Bain Lait\/Huile Roviti produit une mousse douce et d\u00e9licate qui effectue un nettoyage cibl\u00e9 par affinit\u00e9, gr\u00e2ce \u00e0 la pr\u00e9sence importante d&#8217;huiles.<\/p>\n<h2 style=\"font-size:105%;\">BAIN DE LAIT ELIXIR DE FIGUE DE BARBARIE &#8211; UN PRODUIT EXCLUSIF<\/h2>\n<p align=\"justify\">Il s&#8217;agit d&#8217;un produit artisanal exclusif qui est absolument unique dans le secteur des soins de la peau gr\u00e2ce \u00e0 la pr\u00e9sence d&#8217;un fort composant lipidique. Ces trois huiles pures repr\u00e9sentent plus de la moiti\u00e9 de la composition du produit (huile de figue de barbarie, huile d&#8217;argan et huile de coco fractionn\u00e9e).<\/p>\n<p>&nbsp;<\/p>\n<p align=\"justify\">Difficilement reproductible au niveau industriel, le <i><strong>Lait de Bain Elixir de Figue de Barbarie<\/i><strong> poss\u00e8de une formulation exclusive \u00e0 base de HLA (Hydrolipidic Activ) mise au point par les sp\u00e9cialistes de Roviti Natural Cosmetics.<\/p>\n<p>&nbsp;<\/p>\n<p align=\"justify\">Nous vous invitons \u00e0 lire la <a href=\"https:\/\/roviti.com\/fr\/lait-de-bain-elixir-de-figue-de-barbarie-un-produit-cosmetique-exclusif\/\"><i><strong>description compl\u00e8te du produit ici<\/i><\/strong><\/a>.<\/p>\n","protected":false},"featured_media":4777,"template":"","meta":{"_acf_changed":false},"product_cat":[],"product_tag":[102],"class_list":["post-4774","product","type-product","status-publish","has-post-thumbnail","hentry","product_tag-make-up-fr"],"acf":[],"yoast_head":"<!-- This site is optimized with the Yoast SEO plugin v22.8 - https:\/\/yoast.com\/wordpress\/plugins\/seo\/ -->\n<title>Bain de lait | \u00c0 l&#039;elixir de figue de barbarie | Avec d&#039;huiles naturelles<\/title>\n<meta name=\"description\" content=\"Bain de lait \u00e0 l&#039;elixir de figue de barbarie. L\u2019utilisation r\u00e9guli\u00e8re du lait de bain favorise la restauration de la barri\u00e8re hydrolipidique.\" \/>\n<meta name=\"robots\" content=\"index, follow, max-snippet:-1, max-image-preview:large, max-video-preview:-1\" \/>\n<link rel=\"canonical\" href=\"https:\/\/roviti.com\/fr\/produit\/bain-de-lait\/\" \/>\n<meta property=\"og:locale\" content=\"fr_FR\" \/>\n<meta property=\"og:type\" content=\"article\" \/>\n<meta property=\"og:title\" content=\"Bain de lait | \u00c0 l&#039;elixir de figue de barbarie | Avec d&#039;huiles naturelles\" \/>\n<meta property=\"og:description\" content=\"Bain de lait \u00e0 l&#039;elixir de figue de barbarie. L\u2019utilisation r\u00e9guli\u00e8re du lait de bain favorise la restauration de la barri\u00e8re hydrolipidique.\" \/>\n<meta property=\"og:url\" content=\"https:\/\/roviti.com\/fr\/produit\/bain-de-lait\/\" \/>\n<meta property=\"og:site_name\" content=\"Cosm\u00e9tiques naturels d&#039;excellence - Roviti\" \/>\n<meta property=\"article:modified_time\" content=\"2025-10-09T08:58:55+00:00\" \/>\n<meta property=\"og:image\" content=\"https:\/\/roviti.com\/wp-content\/uploads\/2021\/09\/bagno_latte.png\" \/>\n\t<meta property=\"og:image:width\" content=\"800\" \/>\n\t<meta property=\"og:image:height\" content=\"1071\" \/>\n\t<meta property=\"og:image:type\" content=\"image\/png\" \/>\n<meta name=\"twitter:card\" content=\"summary_large_image\" \/>\n<meta name=\"twitter:label1\" content=\"Dur\u00e9e de lecture estim\u00e9e\" \/>\n\t<meta name=\"twitter:data1\" content=\"1 minute\" \/>\n<!-- \/ Yoast SEO plugin. -->","yoast_head_json":{"title":"Bain de lait | \u00c0 l'elixir de figue de barbarie | Avec d'huiles naturelles","description":"Bain de lait \u00e0 l'elixir de figue de barbarie. L\u2019utilisation r\u00e9guli\u00e8re du lait de bain favorise la restauration de la barri\u00e8re hydrolipidique.","robots":{"index":"index","follow":"follow","max-snippet":"max-snippet:-1","max-image-preview":"max-image-preview:large","max-video-preview":"max-video-preview:-1"},"canonical":"https:\/\/roviti.com\/fr\/produit\/bain-de-lait\/","og_locale":"fr_FR","og_type":"article","og_title":"Bain de lait | \u00c0 l'elixir de figue de barbarie | Avec d'huiles naturelles","og_description":"Bain de lait \u00e0 l'elixir de figue de barbarie. L\u2019utilisation r\u00e9guli\u00e8re du lait de bain favorise la restauration de la barri\u00e8re hydrolipidique.","og_url":"https:\/\/roviti.com\/fr\/produit\/bain-de-lait\/","og_site_name":"Cosm\u00e9tiques naturels d'excellence - Roviti","article_modified_time":"2025-10-09T08:58:55+00:00","og_image":[{"width":800,"height":1071,"url":"https:\/\/roviti.com\/wp-content\/uploads\/2021\/09\/bagno_latte.png","type":"image\/png"}],"twitter_card":"summary_large_image","twitter_misc":{"Dur\u00e9e de lecture estim\u00e9e":"1 minute"},"schema":{"@context":"https:\/\/schema.org","@graph":[{"@type":"WebPage","@id":"https:\/\/roviti.com\/fr\/produit\/bain-de-lait\/","url":"https:\/\/roviti.com\/fr\/produit\/bain-de-lait\/","name":"Bain de lait | \u00c0 l'elixir de figue de barbarie | Avec d'huiles naturelles","isPartOf":{"@id":"https:\/\/roviti.com\/#website"},"primaryImageOfPage":{"@id":"https:\/\/roviti.com\/fr\/produit\/bain-de-lait\/#primaryimage"},"image":{"@id":"https:\/\/roviti.com\/fr\/produit\/bain-de-lait\/#primaryimage"},"thumbnailUrl":"https:\/\/roviti.com\/wp-content\/uploads\/2021\/09\/bagno_latte.png","datePublished":"2021-09-28T11:57:29+00:00","dateModified":"2025-10-09T08:58:55+00:00","description":"Bain de lait \u00e0 l'elixir de figue de barbarie. L\u2019utilisation r\u00e9guli\u00e8re du lait de bain favorise la restauration de la barri\u00e8re hydrolipidique.","breadcrumb":{"@id":"https:\/\/roviti.com\/fr\/produit\/bain-de-lait\/#breadcrumb"},"inLanguage":"fr-FR","potentialAction":[{"@type":"ReadAction","target":["https:\/\/roviti.com\/fr\/produit\/bain-de-lait\/"]}]},{"@type":"ImageObject","inLanguage":"fr-FR","@id":"https:\/\/roviti.com\/fr\/produit\/bain-de-lait\/#primaryimage","url":"https:\/\/roviti.com\/wp-content\/uploads\/2021\/09\/bagno_latte.png","contentUrl":"https:\/\/roviti.com\/wp-content\/uploads\/2021\/09\/bagno_latte.png","width":800,"height":1071,"caption":"Bagno latte elisir fico d\u2019India"},{"@type":"BreadcrumbList","@id":"https:\/\/roviti.com\/fr\/produit\/bain-de-lait\/#breadcrumb","itemListElement":[{"@type":"ListItem","position":1,"name":"Home","item":"https:\/\/roviti.com\/fr\/"},{"@type":"ListItem","position":2,"name":"Shop","item":"https:\/\/roviti.com\/fr\/shop\/"},{"@type":"ListItem","position":3,"name":"BAIN DE LAIT"}]},{"@type":"WebSite","@id":"https:\/\/roviti.com\/#website","url":"https:\/\/roviti.com\/","name":"Cosm\u00e9tiques naturels d'excellence - Roviti","description":"Olio di fico d&#039;India","potentialAction":[{"@type":"SearchAction","target":{"@type":"EntryPoint","urlTemplate":"https:\/\/roviti.com\/?s={search_term_string}"},"query-input":"required name=search_term_string"}],"inLanguage":"fr-FR"}]}},"_links":{"self":[{"href":"https:\/\/roviti.com\/fr\/wp-json\/wp\/v2\/product\/4774","targetHints":{"allow":["GET"]}}],"collection":[{"href":"https:\/\/roviti.com\/fr\/wp-json\/wp\/v2\/product"}],"about":[{"href":"https:\/\/roviti.com\/fr\/wp-json\/wp\/v2\/types\/product"}],"wp:featuredmedia":[{"embeddable":true,"href":"https:\/\/roviti.com\/fr\/wp-json\/wp\/v2\/media\/4777"}],"wp:attachment":[{"href":"https:\/\/roviti.com\/fr\/wp-json\/wp\/v2\/media?parent=4774"}],"wp:term":[{"taxonomy":"product_cat","embeddable":true,"href":"https:\/\/roviti.com\/fr\/wp-json\/wp\/v2\/product_cat?post=4774"},{"taxonomy":"product_tag","embeddable":true,"href":"https:\/\/roviti.com\/fr\/wp-json\/wp\/v2\/product_tag?post=4774"}],"curies":[{"name":"wp","href":"https:\/\/api.w.org\/{rel}","templated":true}]}}