{"id":4642,"date":"2021-09-27T10:43:55","date_gmt":"2021-03-23T09:43:55","guid":{"rendered":"https:\/\/roviti.com\/product\/huile-de-graines-de-figue-de-barbarie\/"},"modified":"2025-10-09T10:59:59","modified_gmt":"2025-10-09T08:59:59","slug":"huile-de-figue-de-barbarie-bio","status":"publish","type":"product","link":"https:\/\/roviti.com\/fr\/produit\/huile-de-figue-de-barbarie-bio\/","title":{"rendered":"Huile de figue de barbarie bio"},"content":{"rendered":"<p style=\"font-size: 130%;\" align=\"center;\"><em>Huile de figue de barbarie bio dop 100% &#8211; 30 ml<\/em> &#8211; mode d&#8217;emploi<\/p>\n<p align=\"justify\"><a href=\"https:\/\/roviti.com\/fr\/produit\/huile-de-figue-de-barbarie-bio\/\">L&#8217;huile de figue de barbarie bio<\/a> dop 100% &#8211; 30 ml Roviti aux vertus nourrissantes, protectrices, apaisantes, \u00e9mollientes et r\u00e9g\u00e9n\u00e9rantes, raffermit et tonifie les tissus cutan\u00e9s. Ainsi, elle redonne \u00e9lasticit\u00e9, douceur et hydratation \u00e0 la peau d\u00e8s les premi\u00e8res applications. Avant tout, l&#8217;huile de p\u00e9pins de figue de barbarie est plus efficace que l&#8217;arganier plus connu.<\/p>\n<p align=\"justify\">Donc, ses vertus permettent d\u2019att\u00e9nuer, d\u2019adoucir et de <strong><i>r\u00e9g\u00e9n\u00e9rer la peau<\/i><\/strong> et lutter contre son vieillissement. Riche en st\u00e9rols, vitamine E et l\u2019om\u00e9ga-6 .<\/p>\n<h3><em><strong>Visage et le contour des yeux<\/strong><\/em><\/h3>\n<p align=\"justify\">Premi\u00e8rement, pour <a href=\"https:\/\/roviti.com\/fr\/produit\/huile-de-figue-de-barbarie\/\">une action anti-\u00e2ge<\/a>, <a href=\"https:\/\/roviti.com\/fr\/produit\/huile-de-figue-de-barbarie\/\">hydratante<\/a> et purifiante, d\u00e9poser 2 \u00e0 3 gouttes d&#8217;huile dans le creux de la main et r\u00e9partir sur l&#8217;ensemble du visage et du contour des yeux par un massage doux. De pr\u00e9f\u00e9rence le soir avant de dormir.<\/p>\n<p align=\"justify\"><a href=\"https:\/\/roviti.com\/fr\/produit\/huile-de-figue-de-barbarie\/\">L&#8217;huile cosm\u00e9tique<\/a> de p\u00e9pins de figue de barbarie bio est un bon alli\u00e9 non seulement pour les peaux matures, mais aussi pour les peaux caract\u00e9ris\u00e9es par des boutons. Gr\u00e2ce \u00e0 son faible effet com\u00e9dog\u00e8ne, elle est facilement absorb\u00e9 sans graisser ni obstruer les pores, am\u00e9liorant ainsi leur apparence. Elle rend la peau velout\u00e9e. Finalement, raffermit la peau et att\u00e9nue les rides.<\/p>\n<h4><em><strong>CORPS ET MAINS<\/strong><\/em><\/h4>\n<p align=\"justify\">Pour un <i><strong>effet hydratant et nourrissant<\/strong><\/i>, d\u00e9posez 5-6 gouttes d&#8217;huile dans la paume de la main. Massez doucement les parties du corps souhait\u00e9es.<\/p>\n<h4><em><strong>CHEVEUX<\/strong><\/em><\/h4>\n<p align=\"justify\">Pour une <a href=\"https:\/\/roviti.com\/fr\/produit\/huile-de-figue-de-barbarie\/\">action r\u00e9paratrice<\/a>, appliquer sur les cheveux propres et r\u00e9partir sur les longueurs. Il n&#8217;est pas n\u00e9cessaire de rincer.<\/p>\n<p align=\"justify\">Les acides gras et la <a href=\"https:\/\/fr.wikipedia.org\/wiki\/Vitamine_E\">vitamine E<\/a> recompactent la paroi externe du cheveu, lui donnant <i><strong>brillance, texture et volume<\/strong><\/i>.<\/p>\n<p align=\"justify\">Finalement, il est possible de l&#8217;\u00fatiliser seule ou en compl\u00e9ment d&#8217;autres soins cosm\u00e9tiques qui doit \u00eatre appliqu\u00e9 en dernier.<\/p>\n<p align=\"justify\"><i><strong>Avertissements<\/strong><\/i>: En premier lieu \u00e9viter le contact avec les yeux. Ne pas ing\u00e9rer. Cette <i>huile<\/i> est \u00e1 conserver \u00e1 l&#8217;abri de la lumi\u00e8re pour pr\u00e9server son efficacit\u00e9.<\/p>\n<p align=\"justify\">Afin de v\u00e9rifier les \u00e9ventuelles intol\u00e9rances allergiques individuelles aux ingr\u00e9dients du cosm\u00e9tique, il est recommand\u00e9 de r\u00e9aliser un test pr\u00e9ventif. Pour cela, appliquez une petite quantit\u00e9 de produit sur une partie peu expos\u00e9e de la peau (par exemple sur un bras).<\/p>\n<p align=\"justify\">Ainsi, ROVITI srl d\u00e9cline toute responsabilit\u00e9 suite \u00e0 une mauvaise utilisation, \u00e0 la non-v\u00e9rification des intol\u00e9rances individuelles et au non-respect des normes de test pr\u00e9ventif indiqu\u00e9es ici.<\/p>\n<p>Views: 2378<\/p>","protected":false},"excerpt":{"rendered":"<p style=\"font-size: 140%;\" align=\"justify;\"><strong><i>Huile de figue de barbarie bio<\/i><\/strong> <strong>dop 100% &#8211; 30 ml.<\/strong> Produit naturel et certifi\u00e9. <a href=\"https:\/\/roviti.com\/wp-content\/uploads\/2022\/02\/analisi-olio-di-fico-dindia.pdf\"><i>T\u00e9l\u00e9charger la certification.<\/i><\/a><\/p>\n<p>&nbsp;<\/p>\n<p align=\"justify\"><strong>Parfum<\/strong>: tr\u00e8s l\u00e9g\u00e8re addition de notes de figues de barbarie obtenues en transformant les caract\u00e9ristiques gustatives du fruit en une essence parfum\u00e9e.<\/p>\n<h2 style=\"font-size: 105%;\">Huile de figue de barbarie bio naturelle obtenu de la premi\u00e8re pression \u00e0 froid<\/h2>\n<p align=\"justify\">D\u2019abord a ne pas confondre avec l&#8217;huile de figue de barbarie mac\u00e9r\u00e9e ! Nous <i><strong>garantissons<\/strong><\/i> <a href=\"https:\/\/roviti.com\/fr\/produit\/huile-de-figue-de-barbarie\/\">une huile 100% naturelle de qualit\u00e9 exceptionnelle.<\/a> <i><strong>Et s\u00fbrement sans aucun additif de synth\u00e8se<\/strong><\/i> !<\/p>\n<p>&nbsp;<\/p>\n<p align=\"justify\"><a href=\"https:\/\/roviti.com\/fr\/produit\/huile-de-figue-de-barbarie-bio\/\">L&#8217;huile de figue de barbarie bio<\/a> Roviti est obtenu uniquement <i><strong>\u00e0 partir de p\u00e9pins<\/strong><\/i> lors de la premi\u00e8re pression \u00e0 froid. Enti\u00e8rement produit en Sicile (Italie) dans les terres magnifiques et luxuriantes au pied du volcan Etna.<\/p>\n<h2 style=\"font-size: 105%;\">Propri\u00e9t\u00e9s cosm\u00e9tiques de l&#8217;huile de figue de barbarie bio<\/h2>\n<p align=\"justify\">Premi\u00e8rement, cette <i>huile de figue de barbarie bio dop 100% Roviti<\/i> hydrate et nourrit la peau en profondeur et l&#8217;accompagne dans son renouvellement. <i><strong>Action anti-\u00e2ge puissante<\/strong><\/i>: prot\u00e8ge la peau contre les radicaux libres responsables du vieillissement cutan\u00e9. Elle apporte souplesse et tonicit\u00e9 au visage. On retrouve cet actif dans la majorit\u00e9 de nos soins anti-\u00e2ge. En cons\u00e9quence l\u2019huile de figue de barbarie est un produit cosm\u00e9tique aux effets exceptionnels.<\/p>\n<h2>Composition particuli\u00e8re de l&#8217;huile de figue de barbarie bio pure Roviti<\/h2>\n<p align=\"justify\">Ainsi, le sol volcanique de Sicile, riche en nutriments et en min\u00e9raux, conf\u00e8re au fruit du cactus d&#8217;excellentes caract\u00e9ristiques nutritionnelles. Par cons\u00e9quent, elle est riche en potassium, calcium, phosphore et fer, ainsi qu&#8217;en vitamines du groupe B et en r\u00e9tinol. L\u2019huile Roviti contient une quantit\u00e9 importante d\u2019acides gras essentiels. Principalement des om\u00e9ga 6, ainsi que de la vitamine E, des carot\u00e9no\u00efdes et des phytost\u00e9rols. Ceux-ci lui conf\u00e8rent des propri\u00e9t\u00e9s de soin uniques pour la peau.<\/p>\n<p align=\"justify\">Tous ces \u00e9l\u00e9ments donnent une composition particuli\u00e8re a <strong><i>l&#8217;huile vierge de figue de barbarie<\/i><\/strong> bio produit en Italie.<\/p>\n<h3 style=\"font-size: 105%;\">Conditions naturelles pour l&#8217;huile de cactus de haute qualit\u00e9<\/h3>\n<p align=\"justify\"><a href=\"https:\/\/roviti.com\/fr\/produit\/huile-de-figue-de-barbarie\/\">Le figuier de barbarie<\/a> est une plante qui s&#8217;est parfaitement adapt\u00e9e au terrain volcanique tr\u00e8s riche en nutriments naturels. La richesse du sol volcanique de Sicile d\u00e9termine la haute qualit\u00e9 de l&#8217;huile Roviti. Un autre facteur qui contribue \u00e0 la qualit\u00e9 de l\u2019huile est le climat m\u00e9diterran\u00e9en avec des \u00e9t\u00e9s longs et secs avec des pr\u00e9cipitations concentr\u00e9es en automne et en hiver.<\/p>\n<p>&nbsp;<\/p>\n<p align=\"justify\">Le sol dans lequel pousse le figuier de barbarie <i><strong>n&#8217;a pas besoin d&#8217;\u00eatre fertilis\u00e9<\/strong><\/i>, taill\u00e9 ou arros\u00e9. Gr\u00e2ce \u00e0 la puissance de ses racines, qui sont capables de d\u00e9placer le sol de lave, il se d\u00e9veloppe de mani\u00e8re luxuriante.<\/p>\n","protected":false},"featured_media":4645,"template":"","meta":{"_acf_changed":false},"product_cat":[],"product_tag":[102],"class_list":["post-4642","product","type-product","status-publish","has-post-thumbnail","hentry","product_tag-make-up-fr"],"acf":[],"yoast_head":"<!-- This site is optimized with the Yoast SEO plugin v22.8 - https:\/\/yoast.com\/wordpress\/plugins\/seo\/ -->\n<title>Huile de figue de barbarie bio | dop 100% - 30 ml | Roviti<\/title>\n<meta name=\"description\" content=\"Huile de figue de barbarie bio dop 100% - 30 ml Roviti est un produit rare et pr\u00e9cieux, obtenu par pression \u00e0 froid des graines.\" \/>\n<meta name=\"robots\" content=\"index, follow, max-snippet:-1, max-image-preview:large, max-video-preview:-1\" \/>\n<link rel=\"canonical\" href=\"https:\/\/roviti.com\/fr\/produit\/huile-de-figue-de-barbarie-bio\/\" \/>\n<meta property=\"og:locale\" content=\"fr_FR\" \/>\n<meta property=\"og:type\" content=\"article\" \/>\n<meta property=\"og:title\" content=\"Huile de figue de barbarie bio | dop 100% - 30 ml | Roviti\" \/>\n<meta property=\"og:description\" content=\"Huile de figue de barbarie bio dop 100% - 30 ml Roviti est un produit rare et pr\u00e9cieux, obtenu par pression \u00e0 froid des graines.\" \/>\n<meta property=\"og:url\" content=\"https:\/\/roviti.com\/fr\/produit\/huile-de-figue-de-barbarie-bio\/\" \/>\n<meta property=\"og:site_name\" content=\"Cosm\u00e9tiques naturels d&#039;excellence - Roviti\" \/>\n<meta property=\"article:modified_time\" content=\"2025-10-09T08:59:59+00:00\" \/>\n<meta property=\"og:image\" content=\"https:\/\/roviti.com\/wp-content\/uploads\/2021\/03\/roviti-olio-di-semi-di-fico-d-india.jpg\" \/>\n\t<meta property=\"og:image:width\" content=\"800\" \/>\n\t<meta property=\"og:image:height\" content=\"1071\" \/>\n\t<meta property=\"og:image:type\" content=\"image\/jpeg\" \/>\n<meta name=\"twitter:card\" content=\"summary_large_image\" \/>\n<meta name=\"twitter:label1\" content=\"Dur\u00e9e de lecture estim\u00e9e\" \/>\n\t<meta name=\"twitter:data1\" content=\"2 minutes\" \/>\n<!-- \/ Yoast SEO plugin. -->","yoast_head_json":{"title":"Huile de figue de barbarie bio | dop 100% - 30 ml | Roviti","description":"Huile de figue de barbarie bio dop 100% - 30 ml Roviti est un produit rare et pr\u00e9cieux, obtenu par pression \u00e0 froid des graines.","robots":{"index":"index","follow":"follow","max-snippet":"max-snippet:-1","max-image-preview":"max-image-preview:large","max-video-preview":"max-video-preview:-1"},"canonical":"https:\/\/roviti.com\/fr\/produit\/huile-de-figue-de-barbarie-bio\/","og_locale":"fr_FR","og_type":"article","og_title":"Huile de figue de barbarie bio | dop 100% - 30 ml | Roviti","og_description":"Huile de figue de barbarie bio dop 100% - 30 ml Roviti est un produit rare et pr\u00e9cieux, obtenu par pression \u00e0 froid des graines.","og_url":"https:\/\/roviti.com\/fr\/produit\/huile-de-figue-de-barbarie-bio\/","og_site_name":"Cosm\u00e9tiques naturels d'excellence - Roviti","article_modified_time":"2025-10-09T08:59:59+00:00","og_image":[{"width":800,"height":1071,"url":"https:\/\/roviti.com\/wp-content\/uploads\/2021\/03\/roviti-olio-di-semi-di-fico-d-india.jpg","type":"image\/jpeg"}],"twitter_card":"summary_large_image","twitter_misc":{"Dur\u00e9e de lecture estim\u00e9e":"2 minutes"},"schema":{"@context":"https:\/\/schema.org","@graph":[{"@type":"WebPage","@id":"https:\/\/roviti.com\/fr\/produit\/huile-de-figue-de-barbarie-bio\/","url":"https:\/\/roviti.com\/fr\/produit\/huile-de-figue-de-barbarie-bio\/","name":"Huile de figue de barbarie bio | dop 100% - 30 ml | Roviti","isPartOf":{"@id":"https:\/\/roviti.com\/#website"},"primaryImageOfPage":{"@id":"https:\/\/roviti.com\/fr\/produit\/huile-de-figue-de-barbarie-bio\/#primaryimage"},"image":{"@id":"https:\/\/roviti.com\/fr\/produit\/huile-de-figue-de-barbarie-bio\/#primaryimage"},"thumbnailUrl":"https:\/\/roviti.com\/wp-content\/uploads\/2021\/03\/roviti-olio-di-semi-di-fico-d-india.jpg","datePublished":"2021-03-23T09:43:55+00:00","dateModified":"2025-10-09T08:59:59+00:00","description":"Huile de figue de barbarie bio dop 100% - 30 ml Roviti est un produit rare et pr\u00e9cieux, obtenu par pression \u00e0 froid des graines.","breadcrumb":{"@id":"https:\/\/roviti.com\/fr\/produit\/huile-de-figue-de-barbarie-bio\/#breadcrumb"},"inLanguage":"fr-FR","potentialAction":[{"@type":"ReadAction","target":["https:\/\/roviti.com\/fr\/produit\/huile-de-figue-de-barbarie-bio\/"]}]},{"@type":"ImageObject","inLanguage":"fr-FR","@id":"https:\/\/roviti.com\/fr\/produit\/huile-de-figue-de-barbarie-bio\/#primaryimage","url":"https:\/\/roviti.com\/wp-content\/uploads\/2021\/03\/roviti-olio-di-semi-di-fico-d-india.jpg","contentUrl":"https:\/\/roviti.com\/wp-content\/uploads\/2021\/03\/roviti-olio-di-semi-di-fico-d-india.jpg","width":800,"height":1071,"caption":"Olio di semi di fico d\u2019India 100 % Bio Dop"},{"@type":"BreadcrumbList","@id":"https:\/\/roviti.com\/fr\/produit\/huile-de-figue-de-barbarie-bio\/#breadcrumb","itemListElement":[{"@type":"ListItem","position":1,"name":"Home","item":"https:\/\/roviti.com\/fr\/"},{"@type":"ListItem","position":2,"name":"Shop","item":"https:\/\/roviti.com\/fr\/shop\/"},{"@type":"ListItem","position":3,"name":"Huile de figue de barbarie bio"}]},{"@type":"WebSite","@id":"https:\/\/roviti.com\/#website","url":"https:\/\/roviti.com\/","name":"Cosm\u00e9tiques naturels d'excellence - Roviti","description":"Olio di fico d&#039;India","potentialAction":[{"@type":"SearchAction","target":{"@type":"EntryPoint","urlTemplate":"https:\/\/roviti.com\/?s={search_term_string}"},"query-input":"required name=search_term_string"}],"inLanguage":"fr-FR"}]}},"_links":{"self":[{"href":"https:\/\/roviti.com\/fr\/wp-json\/wp\/v2\/product\/4642","targetHints":{"allow":["GET"]}}],"collection":[{"href":"https:\/\/roviti.com\/fr\/wp-json\/wp\/v2\/product"}],"about":[{"href":"https:\/\/roviti.com\/fr\/wp-json\/wp\/v2\/types\/product"}],"wp:featuredmedia":[{"embeddable":true,"href":"https:\/\/roviti.com\/fr\/wp-json\/wp\/v2\/media\/4645"}],"wp:attachment":[{"href":"https:\/\/roviti.com\/fr\/wp-json\/wp\/v2\/media?parent=4642"}],"wp:term":[{"taxonomy":"product_cat","embeddable":true,"href":"https:\/\/roviti.com\/fr\/wp-json\/wp\/v2\/product_cat?post=4642"},{"taxonomy":"product_tag","embeddable":true,"href":"https:\/\/roviti.com\/fr\/wp-json\/wp\/v2\/product_tag?post=4642"}],"curies":[{"name":"wp","href":"https:\/\/api.w.org\/{rel}","templated":true}]}}