{"id":4638,"date":"2021-03-24T15:07:30","date_gmt":"2021-03-24T14:07:30","guid":{"rendered":"https:\/\/roviti.com\/product\/creme-jour-anti-age\/"},"modified":"2025-10-09T11:07:40","modified_gmt":"2025-10-09T09:07:40","slug":"creme-de-jour-anti-age","status":"publish","type":"product","link":"https:\/\/roviti.com\/fr\/produit\/creme-de-jour-anti-age\/","title":{"rendered":"Cr\u00e8me de jour anti-\u00e2ge"},"content":{"rendered":"<h2 style=\"font-size:130%;\" align=\"center;\"><em>Mode d&#8217;emploi de la Cr\u00e8me de Jour anti-\u00e2ge<\/em><\/h2>\n<p align=\"justify\">Appliquez une petite quantit\u00e9 de la Cr\u00e8me de jour Anti-Age Roviti quotidiennement sur la peau du visage avec des mouvements ascendants de bas en haut, en insistant sur les zones du front et du contour des yeux. Et masser jusqu&#8217;\u00e0 absorption compl\u00e8te et lentement.<\/p>\n<p align=\"justify\"><a href=\"https:\/\/fr.wikipedia.org\/wiki\/Cr%C3%A8me_hydratante\">Action anti-\u00e2ge<\/a> en profondeur et \u00e0 la surface de la peau. Il peut \u00eatre utilis\u00e9 seul ou en parall\u00e8le avec d&#8217;autres soins cosm\u00e9tiques.<\/p>\n<p align=\"justify\">La cr\u00e8me anti \u00e2ge Roviti est un type de <a href=\"https:\/\/roviti.com\/fr\/produit\/creme-jour-anti-age\/\">cr\u00e8me pour le visage<\/a> de haute qualit\u00e9 sp\u00e9cialement con\u00e7ue pour les peaux matures. Elle se caract\u00e9rise donc par des agents nourrissants et hydratants \u00e0 l&#8217;action intense visant \u00e0 r\u00e9duire les rides de la peau du visage. Triple action : hydrater, nourrir, prot\u00e9ger.<\/p>\n<p align=\"justify\"><i><strong>Avertissements<\/i><\/strong>: \u00e9viter le contact avec les yeux. Ne pas ing\u00e9rer. \u00c0 utiliser en usage externe seulement. Cette <i><strong>Cr\u00e8me anti age<\/i><\/strong> est \u00e1 conserver \u00e1 l\u2019abri de la lumi\u00e8re pour pr\u00e9server son efficacit\u00e9.<\/p>\n<p align=\"justify\">Afin de v\u00e9rifier les \u00e9ventuelles intol\u00e9rances allergiques individuelles aux ingr\u00e9dients du cosm\u00e9tique, il est recommand\u00e9 de r\u00e9aliser un test pr\u00e9ventif. Pour cela, appliquez une petite quantit\u00e9 de produit sur une partie peu expos\u00e9e de la peau (par exemple sur un bras).<\/p>\n<p align=\"justify\">ROVITI srl d\u00e9cline toute responsabilit\u00e9 suite \u00e0 une mauvaise utilisation, \u00e0 la non-v\u00e9rification des intol\u00e9rances individuelles ou au non-respect des normes de test pr\u00e9ventif indiqu\u00e9es ici.<\/p>\n<p>Views: 982<\/p>","protected":false},"excerpt":{"rendered":"<p align=\"justify\">La <i><strong>Cr\u00e8me de jour anti-\u00e2ge Roviti<\/i><\/strong> este un produit 100% naturel et <a href=\"https:\/\/roviti.com\/certificazioni\/#Prodotti%20certificati\">certifi\u00e9<\/a>. Excellent pour les soins anti-rides. <em><strong>Avec de l&#8217;acide hyaluronique.<\/strong><\/em><\/p>\n<p>&nbsp;<\/p>\n<p align=\"justify\"><em><strong><span style=\"text-decoration: underline;\">Parfum<\/span><\/strong> : Notes de figue de Barbarie obtenues en transformant les caract\u00e9ristiques gustatives du fruit en une essence parfum\u00e9e.<\/em><\/p>\n<p>&nbsp;<\/p>\n<p align=\"justify\"><a href=\"https:\/\/roviti.com\/fr\/produit\/creme-jour-anti-age\/\">Traitement dermocosm\u00e9tique<\/a> tr\u00e8s efficace gr\u00e2ce \u00e0 l&#8217;action synergique de principes actifs tels que:<br \/>\n&#8211; l&#8217;acide hyaluronique hydrolys\u00e9.<br \/>\n&#8211; beurre de karit\u00e9.<br \/>\n&#8211; une fraction lipidique \u00e0 forte concentration d&#8217;huile de figue de barbarie.\n<\/p>\n<p>&nbsp;<\/p>\n<p align=\"justify\">De m\u00eame, la Cr\u00e8me de jour Roviti est riche en om\u00e9ga-3-6, des vitamines et des phytost\u00e9rols qui contribuent \u00e0 stimuler la production de collag\u00e8ne et d&#8217;\u00e9lastine, rendant la peau du visage et du d\u00e9collet\u00e9 beaucoup plus \u00e9lastique et tonique.<\/p>\n<h2 style=\"font-size:105%;\">LA CR\u00c8ME DE JOUR ANTI-\u00c2GE ROVITI: UN EXCELLENT SOIN ANTI-RIDES<\/h2>\n<p align=\"justify\">En premier lieu, la fraction lipidique contribue \u00e9galement \u00e0 lutter contre le vieillissement cellulaire par son action contre les radicaux libres. La fermet\u00e9 naturelle de la peau du visage est restaur\u00e9e.<\/p>\n<p>&nbsp;<\/p>\n<p align=\"justify\">La <i><strong>La cr\u00e8me de jour anti-\u00e2ge Roviti<\/i><\/strong> est capable de donner \u00e0 la peau un toucher repos\u00e9, lumineux et velout\u00e9.<\/p>\n<p>&nbsp;<\/p>\n<p align=\"justify\">En outre, l&#8217;action anti-\u00e2ge de l&#8217;acide hyaluronique purifi\u00e9 de faible poids mol\u00e9culaire accentue la et aide \u00e0 maintenir l&#8217;\u00e9quilibre hydrolipidique.<\/p>\n","protected":false},"featured_media":4641,"template":"","meta":{"_acf_changed":false},"product_cat":[],"product_tag":[102],"class_list":["post-4638","product","type-product","status-publish","has-post-thumbnail","hentry","product_tag-make-up-fr"],"acf":[],"yoast_head":"<!-- This site is optimized with the Yoast SEO plugin v22.8 - https:\/\/yoast.com\/wordpress\/plugins\/seo\/ -->\n<title>Cr\u00e8me de jour anti-\u00e2ge | Soins anti-rides | Roviti cosmetiques bio<\/title>\n<meta name=\"description\" content=\"Cr\u00e8me de jour anti-\u00e2ge. L\u2019action anti-\u00e2ge de l\u2019acide hyaluronique purifi\u00e9 de faible poids mol\u00e9culaire aide \u00e0 maintenir l\u2019\u00e9quilibre hydrolipidique.\" \/>\n<meta name=\"robots\" content=\"index, follow, max-snippet:-1, max-image-preview:large, max-video-preview:-1\" \/>\n<link rel=\"canonical\" href=\"https:\/\/roviti.com\/fr\/produit\/creme-de-jour-anti-age\/\" \/>\n<meta property=\"og:locale\" content=\"fr_FR\" \/>\n<meta property=\"og:type\" content=\"article\" \/>\n<meta property=\"og:title\" content=\"Cr\u00e8me de jour anti-\u00e2ge | Soins anti-rides | Roviti cosmetiques bio\" \/>\n<meta property=\"og:description\" content=\"Cr\u00e8me de jour anti-\u00e2ge. L\u2019action anti-\u00e2ge de l\u2019acide hyaluronique purifi\u00e9 de faible poids mol\u00e9culaire aide \u00e0 maintenir l\u2019\u00e9quilibre hydrolipidique.\" \/>\n<meta property=\"og:url\" content=\"https:\/\/roviti.com\/fr\/produit\/creme-de-jour-anti-age\/\" \/>\n<meta property=\"og:site_name\" content=\"Cosm\u00e9tiques naturels d&#039;excellence - Roviti\" \/>\n<meta property=\"article:modified_time\" content=\"2025-10-09T09:07:40+00:00\" \/>\n<meta property=\"og:image\" content=\"https:\/\/roviti.com\/wp-content\/uploads\/2021\/03\/roviti-crema-giorno-anti-age.jpg\" \/>\n\t<meta property=\"og:image:width\" content=\"800\" \/>\n\t<meta property=\"og:image:height\" content=\"1071\" \/>\n\t<meta property=\"og:image:type\" content=\"image\/jpeg\" \/>\n<meta name=\"twitter:card\" content=\"summary_large_image\" \/>\n<meta name=\"twitter:label1\" content=\"Dur\u00e9e de lecture estim\u00e9e\" \/>\n\t<meta name=\"twitter:data1\" content=\"1 minute\" \/>\n<!-- \/ Yoast SEO plugin. -->","yoast_head_json":{"title":"Cr\u00e8me de jour anti-\u00e2ge | Soins anti-rides | Roviti cosmetiques bio","description":"Cr\u00e8me de jour anti-\u00e2ge. L\u2019action anti-\u00e2ge de l\u2019acide hyaluronique purifi\u00e9 de faible poids mol\u00e9culaire aide \u00e0 maintenir l\u2019\u00e9quilibre hydrolipidique.","robots":{"index":"index","follow":"follow","max-snippet":"max-snippet:-1","max-image-preview":"max-image-preview:large","max-video-preview":"max-video-preview:-1"},"canonical":"https:\/\/roviti.com\/fr\/produit\/creme-de-jour-anti-age\/","og_locale":"fr_FR","og_type":"article","og_title":"Cr\u00e8me de jour anti-\u00e2ge | Soins anti-rides | Roviti cosmetiques bio","og_description":"Cr\u00e8me de jour anti-\u00e2ge. L\u2019action anti-\u00e2ge de l\u2019acide hyaluronique purifi\u00e9 de faible poids mol\u00e9culaire aide \u00e0 maintenir l\u2019\u00e9quilibre hydrolipidique.","og_url":"https:\/\/roviti.com\/fr\/produit\/creme-de-jour-anti-age\/","og_site_name":"Cosm\u00e9tiques naturels d'excellence - Roviti","article_modified_time":"2025-10-09T09:07:40+00:00","og_image":[{"width":800,"height":1071,"url":"https:\/\/roviti.com\/wp-content\/uploads\/2021\/03\/roviti-crema-giorno-anti-age.jpg","type":"image\/jpeg"}],"twitter_card":"summary_large_image","twitter_misc":{"Dur\u00e9e de lecture estim\u00e9e":"1 minute"},"schema":{"@context":"https:\/\/schema.org","@graph":[{"@type":"WebPage","@id":"https:\/\/roviti.com\/fr\/produit\/creme-de-jour-anti-age\/","url":"https:\/\/roviti.com\/fr\/produit\/creme-de-jour-anti-age\/","name":"Cr\u00e8me de jour anti-\u00e2ge | Soins anti-rides | Roviti cosmetiques bio","isPartOf":{"@id":"https:\/\/roviti.com\/#website"},"primaryImageOfPage":{"@id":"https:\/\/roviti.com\/fr\/produit\/creme-de-jour-anti-age\/#primaryimage"},"image":{"@id":"https:\/\/roviti.com\/fr\/produit\/creme-de-jour-anti-age\/#primaryimage"},"thumbnailUrl":"https:\/\/roviti.com\/wp-content\/uploads\/2021\/03\/roviti-crema-giorno-anti-age.jpg","datePublished":"2021-03-24T14:07:30+00:00","dateModified":"2025-10-09T09:07:40+00:00","description":"Cr\u00e8me de jour anti-\u00e2ge. L\u2019action anti-\u00e2ge de l\u2019acide hyaluronique purifi\u00e9 de faible poids mol\u00e9culaire aide \u00e0 maintenir l\u2019\u00e9quilibre hydrolipidique.","breadcrumb":{"@id":"https:\/\/roviti.com\/fr\/produit\/creme-de-jour-anti-age\/#breadcrumb"},"inLanguage":"fr-FR","potentialAction":[{"@type":"ReadAction","target":["https:\/\/roviti.com\/fr\/produit\/creme-de-jour-anti-age\/"]}]},{"@type":"ImageObject","inLanguage":"fr-FR","@id":"https:\/\/roviti.com\/fr\/produit\/creme-de-jour-anti-age\/#primaryimage","url":"https:\/\/roviti.com\/wp-content\/uploads\/2021\/03\/roviti-crema-giorno-anti-age.jpg","contentUrl":"https:\/\/roviti.com\/wp-content\/uploads\/2021\/03\/roviti-crema-giorno-anti-age.jpg","width":800,"height":1071,"caption":"Crema giorno anti-age"},{"@type":"BreadcrumbList","@id":"https:\/\/roviti.com\/fr\/produit\/creme-de-jour-anti-age\/#breadcrumb","itemListElement":[{"@type":"ListItem","position":1,"name":"Home","item":"https:\/\/roviti.com\/fr\/"},{"@type":"ListItem","position":2,"name":"Shop","item":"https:\/\/roviti.com\/fr\/shop\/"},{"@type":"ListItem","position":3,"name":"Cr\u00e8me de jour anti-\u00e2ge"}]},{"@type":"WebSite","@id":"https:\/\/roviti.com\/#website","url":"https:\/\/roviti.com\/","name":"Cosm\u00e9tiques naturels d'excellence - Roviti","description":"Olio di fico d&#039;India","potentialAction":[{"@type":"SearchAction","target":{"@type":"EntryPoint","urlTemplate":"https:\/\/roviti.com\/?s={search_term_string}"},"query-input":"required name=search_term_string"}],"inLanguage":"fr-FR"}]}},"_links":{"self":[{"href":"https:\/\/roviti.com\/fr\/wp-json\/wp\/v2\/product\/4638","targetHints":{"allow":["GET"]}}],"collection":[{"href":"https:\/\/roviti.com\/fr\/wp-json\/wp\/v2\/product"}],"about":[{"href":"https:\/\/roviti.com\/fr\/wp-json\/wp\/v2\/types\/product"}],"wp:featuredmedia":[{"embeddable":true,"href":"https:\/\/roviti.com\/fr\/wp-json\/wp\/v2\/media\/4641"}],"wp:attachment":[{"href":"https:\/\/roviti.com\/fr\/wp-json\/wp\/v2\/media?parent=4638"}],"wp:term":[{"taxonomy":"product_cat","embeddable":true,"href":"https:\/\/roviti.com\/fr\/wp-json\/wp\/v2\/product_cat?post=4638"},{"taxonomy":"product_tag","embeddable":true,"href":"https:\/\/roviti.com\/fr\/wp-json\/wp\/v2\/product_tag?post=4638"}],"curies":[{"name":"wp","href":"https:\/\/api.w.org\/{rel}","templated":true}]}}