{"id":4631,"date":"2021-03-25T09:44:18","date_gmt":"2021-03-25T08:44:18","guid":{"rendered":"https:\/\/roviti.com\/product\/creme-bioactive-peau-jeunes\/"},"modified":"2025-10-09T11:06:49","modified_gmt":"2025-10-09T09:06:49","slug":"creme-bioactive-peau-jeune","status":"publish","type":"product","link":"https:\/\/roviti.com\/fr\/produit\/creme-bioactive-peau-jeune\/","title":{"rendered":"Cr\u00e8me bioactive peau jeune"},"content":{"rendered":"<h2 style=\"font-size:130%;\" align=\"center;\"><em>Mode d&#8217;emploi &#8211; Cr\u00e8me Bioactive Peau Jeune<\/em><\/h2>\n<p align=\"justify\">Appliquer la Cr\u00e8me Bioactive Peau Jeune Roviti de pr\u00e9f\u00e9rence le matin, une petite quantit\u00e9 sur la peau du visage. Et masser jusqu&#8217;\u00e0 absorption compl\u00e8te.<\/p>\n<p align=\"justify\"><i><strong>Avertissements<\/i><\/strong>: \u00c9viter le contact avec les yeux. Ne pas ing\u00e9rer. La <a href=\"https:\/\/roviti.com\/fr\/produit\/creme-bioactive-peau-jeune\/\"><i><strong>Cr\u00e8me bioactive<\/i><\/strong><\/a> Roviti est \u00e1 conserver \u00e1 l\u2019abri de la lumi\u00e8re pour pr\u00e9server son efficacit\u00e9. \u00c0 utiliser en <a href=\"https:\/\/fr.wikipedia.org\/wiki\/Cr%C3%A8me_hydratante\">usage externe<\/a> seulement.<\/p>\n<p align=\"justify\">Afin de v\u00e9rifier les \u00e9ventuelles intol\u00e9rances allergiques individuelles aux ingr\u00e9dients du cosm\u00e9tique, il est recommand\u00e9 de r\u00e9aliser un test pr\u00e9ventif. Pour cela, appliquez une petite quantit\u00e9 de produit sur une partie peu expos\u00e9e de la peau (par exemple sur un bras).<\/p>\n<p align=\"justify\">ROVITI srl d\u00e9cline toute responsabilit\u00e9 suite \u00e0 une mauvaise utilisation, \u00e0 la non-v\u00e9rification des intol\u00e9rances individuelles ou au non-respect des normes de test pr\u00e9ventif indiqu\u00e9es ici.<\/p>\n<p>Views: 110<\/p>","protected":false},"excerpt":{"rendered":"<p align=\"justify\">La <i><strong>Cr\u00e8me bioactive pour les peau jeune<\/i><\/strong> Roviti este un produit 100% naturel.<\/p>\n<p>&nbsp;<\/p>\n<p><em><strong>Avec un facteur d&#8217;hydratation naturel.<\/strong><\/em><\/p>\n<p>&nbsp;<\/p>\n<p align=\"justify\"><em><strong><span style=\"text-decoration: underline;\">Parfum<\/span> : notes de c\u00e8dre sans allerg\u00e8nes.<\/strong><\/em><\/p>\n<p>&nbsp;<\/p>\n<p align=\"justify\">Traitement dermocosm\u00e9tique de haute qualit\u00e9 qui combine l&#8217;action de l&#8217;huile de figue de barbarie, riche en acides gras insatur\u00e9s essentiels om\u00e9ga 3-6, avec celle du Natural Moisturising Factor (NMF).<\/p>\n<h2 style=\"font-size:105%;\">INGR\u00c9DIENTS DE LA CR\u00c8ME BIOACTIVE POUR LA PEAU JEUNE<\/h2>\n<p align=\"justify\">Ils aident \u00e0 r\u00e9tablir le bon \u00e9quilibre hydrolipidique de la peau du visage, facilement agress\u00e9e par les agents ext\u00e9rieurs.<\/p>\n<p>&nbsp;<\/p>\n<p align=\"ify\">La pr\u00e9sence de beurre de karit\u00e9 et de jus d&#8217;aloe vera apporte une action hydratante et apaisante suppl\u00e9mentaire.<\/p>\n<p>&nbsp;<\/p>\n<p align=\"justify\">L&#8217;application quotidienne de la <i><strong>Cr\u00e8me bioactive pour les peaux jeunes<\/i><\/strong> Roviti facilite la lib\u00e9ration des principes actifs, laissant la peau prot\u00e9g\u00e9e, douce et lisse.<\/p>\n","protected":false},"featured_media":4634,"template":"","meta":{"_acf_changed":false},"product_cat":[],"product_tag":[102],"class_list":["post-4631","product","type-product","status-publish","has-post-thumbnail","hentry","product_tag-make-up-fr"],"acf":[],"yoast_head":"<!-- This site is optimized with the Yoast SEO plugin v22.8 - https:\/\/yoast.com\/wordpress\/plugins\/seo\/ -->\n<title>Cr\u00e8me bioactive peau jeune<\/title>\n<meta name=\"description\" content=\"Cr\u00e8me bioactive peau jeune. L\u2019application quotidienne de la Cr\u00e8me bioactive Roviti laisse la peau prot\u00e9g\u00e9e, douce et lisse.\" \/>\n<meta name=\"robots\" content=\"index, follow, max-snippet:-1, max-image-preview:large, max-video-preview:-1\" \/>\n<link rel=\"canonical\" href=\"https:\/\/roviti.com\/fr\/produit\/creme-bioactive-peau-jeune\/\" \/>\n<meta property=\"og:locale\" content=\"fr_FR\" \/>\n<meta property=\"og:type\" content=\"article\" \/>\n<meta property=\"og:title\" content=\"Cr\u00e8me bioactive peau jeune\" \/>\n<meta property=\"og:description\" content=\"Cr\u00e8me bioactive peau jeune. L\u2019application quotidienne de la Cr\u00e8me bioactive Roviti laisse la peau prot\u00e9g\u00e9e, douce et lisse.\" \/>\n<meta property=\"og:url\" content=\"https:\/\/roviti.com\/fr\/produit\/creme-bioactive-peau-jeune\/\" \/>\n<meta property=\"og:site_name\" content=\"Cosm\u00e9tiques naturels d&#039;excellence - Roviti\" \/>\n<meta property=\"article:modified_time\" content=\"2025-10-09T09:06:49+00:00\" \/>\n<meta property=\"og:image\" content=\"https:\/\/roviti.com\/wp-content\/uploads\/2021\/03\/roviti-crema-bioattiva-pelli-giovani.jpg\" \/>\n\t<meta property=\"og:image:width\" content=\"800\" \/>\n\t<meta property=\"og:image:height\" content=\"1071\" \/>\n\t<meta property=\"og:image:type\" content=\"image\/jpeg\" \/>\n<meta name=\"twitter:card\" content=\"summary_large_image\" \/>\n<meta name=\"twitter:label1\" content=\"Dur\u00e9e de lecture estim\u00e9e\" \/>\n\t<meta name=\"twitter:data1\" content=\"1 minute\" \/>\n<!-- \/ Yoast SEO plugin. -->","yoast_head_json":{"title":"Cr\u00e8me bioactive peau jeune","description":"Cr\u00e8me bioactive peau jeune. L\u2019application quotidienne de la Cr\u00e8me bioactive Roviti laisse la peau prot\u00e9g\u00e9e, douce et lisse.","robots":{"index":"index","follow":"follow","max-snippet":"max-snippet:-1","max-image-preview":"max-image-preview:large","max-video-preview":"max-video-preview:-1"},"canonical":"https:\/\/roviti.com\/fr\/produit\/creme-bioactive-peau-jeune\/","og_locale":"fr_FR","og_type":"article","og_title":"Cr\u00e8me bioactive peau jeune","og_description":"Cr\u00e8me bioactive peau jeune. L\u2019application quotidienne de la Cr\u00e8me bioactive Roviti laisse la peau prot\u00e9g\u00e9e, douce et lisse.","og_url":"https:\/\/roviti.com\/fr\/produit\/creme-bioactive-peau-jeune\/","og_site_name":"Cosm\u00e9tiques naturels d'excellence - Roviti","article_modified_time":"2025-10-09T09:06:49+00:00","og_image":[{"width":800,"height":1071,"url":"https:\/\/roviti.com\/wp-content\/uploads\/2021\/03\/roviti-crema-bioattiva-pelli-giovani.jpg","type":"image\/jpeg"}],"twitter_card":"summary_large_image","twitter_misc":{"Dur\u00e9e de lecture estim\u00e9e":"1 minute"},"schema":{"@context":"https:\/\/schema.org","@graph":[{"@type":"WebPage","@id":"https:\/\/roviti.com\/fr\/produit\/creme-bioactive-peau-jeune\/","url":"https:\/\/roviti.com\/fr\/produit\/creme-bioactive-peau-jeune\/","name":"Cr\u00e8me bioactive peau jeune","isPartOf":{"@id":"https:\/\/roviti.com\/#website"},"primaryImageOfPage":{"@id":"https:\/\/roviti.com\/fr\/produit\/creme-bioactive-peau-jeune\/#primaryimage"},"image":{"@id":"https:\/\/roviti.com\/fr\/produit\/creme-bioactive-peau-jeune\/#primaryimage"},"thumbnailUrl":"https:\/\/roviti.com\/wp-content\/uploads\/2021\/03\/roviti-crema-bioattiva-pelli-giovani.jpg","datePublished":"2021-03-25T08:44:18+00:00","dateModified":"2025-10-09T09:06:49+00:00","description":"Cr\u00e8me bioactive peau jeune. L\u2019application quotidienne de la Cr\u00e8me bioactive Roviti laisse la peau prot\u00e9g\u00e9e, douce et lisse.","breadcrumb":{"@id":"https:\/\/roviti.com\/fr\/produit\/creme-bioactive-peau-jeune\/#breadcrumb"},"inLanguage":"fr-FR","potentialAction":[{"@type":"ReadAction","target":["https:\/\/roviti.com\/fr\/produit\/creme-bioactive-peau-jeune\/"]}]},{"@type":"ImageObject","inLanguage":"fr-FR","@id":"https:\/\/roviti.com\/fr\/produit\/creme-bioactive-peau-jeune\/#primaryimage","url":"https:\/\/roviti.com\/wp-content\/uploads\/2021\/03\/roviti-crema-bioattiva-pelli-giovani.jpg","contentUrl":"https:\/\/roviti.com\/wp-content\/uploads\/2021\/03\/roviti-crema-bioattiva-pelli-giovani.jpg","width":800,"height":1071,"caption":"Crema bioattiva pelli giovani"},{"@type":"BreadcrumbList","@id":"https:\/\/roviti.com\/fr\/produit\/creme-bioactive-peau-jeune\/#breadcrumb","itemListElement":[{"@type":"ListItem","position":1,"name":"Home","item":"https:\/\/roviti.com\/fr\/"},{"@type":"ListItem","position":2,"name":"Shop","item":"https:\/\/roviti.com\/fr\/shop\/"},{"@type":"ListItem","position":3,"name":"Cr\u00e8me bioactive peau jeune"}]},{"@type":"WebSite","@id":"https:\/\/roviti.com\/#website","url":"https:\/\/roviti.com\/","name":"Cosm\u00e9tiques naturels d'excellence - Roviti","description":"Olio di fico d&#039;India","potentialAction":[{"@type":"SearchAction","target":{"@type":"EntryPoint","urlTemplate":"https:\/\/roviti.com\/?s={search_term_string}"},"query-input":"required name=search_term_string"}],"inLanguage":"fr-FR"}]}},"_links":{"self":[{"href":"https:\/\/roviti.com\/fr\/wp-json\/wp\/v2\/product\/4631","targetHints":{"allow":["GET"]}}],"collection":[{"href":"https:\/\/roviti.com\/fr\/wp-json\/wp\/v2\/product"}],"about":[{"href":"https:\/\/roviti.com\/fr\/wp-json\/wp\/v2\/types\/product"}],"wp:featuredmedia":[{"embeddable":true,"href":"https:\/\/roviti.com\/fr\/wp-json\/wp\/v2\/media\/4634"}],"wp:attachment":[{"href":"https:\/\/roviti.com\/fr\/wp-json\/wp\/v2\/media?parent=4631"}],"wp:term":[{"taxonomy":"product_cat","embeddable":true,"href":"https:\/\/roviti.com\/fr\/wp-json\/wp\/v2\/product_cat?post=4631"},{"taxonomy":"product_tag","embeddable":true,"href":"https:\/\/roviti.com\/fr\/wp-json\/wp\/v2\/product_tag?post=4631"}],"curies":[{"name":"wp","href":"https:\/\/api.w.org\/{rel}","templated":true}]}}