{"id":4626,"date":"2021-03-25T09:55:33","date_gmt":"2021-03-25T08:55:33","guid":{"rendered":"https:\/\/roviti.com\/product\/creme-corporelle-effet-choc\/"},"modified":"2025-10-09T11:06:02","modified_gmt":"2025-10-09T09:06:02","slug":"creme-raffermissante-corps","status":"publish","type":"product","link":"https:\/\/roviti.com\/fr\/produit\/creme-raffermissante-corps\/","title":{"rendered":"Cr\u00e8me raffermissante corps"},"content":{"rendered":"<h2 style=\"font-size: 130%;\" align=\"center;\"><em>La Cr\u00e8me raffermissante corps Roviti, effet lifting<\/em><\/h2>\n<p align=\"justify\">Mode d&#8217;emploi: La Cr\u00e8me raffermissante corps Roviti, effet lifting, doit \u00eatre utilis\u00e9e apr\u00e8s le bain ou la douche. Appliquer <a href=\"https:\/\/roviti.com\/fr\/produit\/creme-raffermissante-corps\/\">la cr\u00e8me<\/a> raffermissante sur les zones concern\u00e9es (abdomen, fesses, hanches, cuisses et int\u00e9rieur des bras).<\/p>\n<p align=\"justify\">Effectuer des massages larges et circulaires jusqu&#8217;\u00e0 <a href=\"https:\/\/fr.wikipedia.org\/wiki\/Cr%C3%A8me_hydratante\">absorption compl\u00e8te<\/a>.<\/p>\n<p align=\"justify\"><i><strong>Avertissement<\/strong><\/i>: \u00c9vitez tout contact avec les yeux. Ne pas ing\u00e9rer.<\/p>\n<p align=\"justify\">Afin de v\u00e9rifier les \u00e9ventuelles intol\u00e9rances allergiques individuelles aux ingr\u00e9dients du cosm\u00e9tique, il est recommand\u00e9 de r\u00e9aliser un test pr\u00e9ventif. Pour cela, appliquez une petite quantit\u00e9 de produit sur une partie peu expos\u00e9e de la peau (par exemple sur un bras).<\/p>\n<p align=\"justify\">ROVITI srl d\u00e9cline toute responsabilit\u00e9 suite \u00e0 une mauvaise utilisation, \u00e0 la non-v\u00e9rification des intol\u00e9rances individuelles ou au non-respect des normes de test pr\u00e9ventif indiqu\u00e9es ici.<\/p>\n<p>Views: 140<\/p>","protected":false},"excerpt":{"rendered":"<p align=\"justify\">La cr\u00e8me raffermissante corps, effet lifting hydratante Roviti contient une forte concentration d&#8217;un complexe lipidique multifonctionnel. Elle aide \u00e0 pr\u00e9venir le dess\u00e8chement de la peau.<\/p>\n<p align=\"justify\"><strong><em>Au beurre de karit\u00e9 et \u00e0 l&#8217;huile d&#8217;olive.<\/em><\/strong><\/p>\n<p align=\"justify\"><em><strong><span style=\"text-decoration: underline;\">Parfum<\/span> : notes de c\u00e8dre sans allerg\u00e8nes.<\/strong><\/em><\/p>\n<p>&nbsp;<\/p>\n<h2 style=\"font-size: 105%;\">CONTENU DE LA CR\u00c8ME RAFFERMISSANT CORPS ROVITI<\/h2>\n<p align=\"justify\">C&#8217;est une cr\u00e8me ultra riche avec d&#8217;extraits naturels nourrissants et de vitamines. Composition:<\/p>\n<p align=\"justify\">\n-huile de figue de barbarie.<br \/>\n-beurre de karit\u00e9.<br \/>\n-huile de coco.<br \/>\n-huile d&#8217;olive.<\/p>\n<p>&nbsp;<\/p>\n<p align=\"justify\">Id\u00e9al pour un traitement s\u00e9bor\u00e9gulateur et \u00e9mollient efficace avec un effet r\u00e9parateur remarquable.<\/p>\n<p>&nbsp;<\/p>\n<p align=\"justify\">Premi\u00e8rement, son action synergique avec le facteur d&#8217;hydratation de la peau (NMF) reconstitue le manteau hydro-lipidique de la peau du corps. \u00c9galement, la cr\u00e8me corporelle effet lifting limite la desquamation pr\u00e9matur\u00e9e des cellules de surface et la perte d&#8217;\u00e9lasticit\u00e9.<\/p>\n<h2 style=\"font-size: 105%;\">MEILLEUR MOMENT POUR UTILISER LA CR\u00c8ME RAFFERMISSANT CORPS EFFET LIFTING ROVITI<\/h2>\n<p align=\"justify\">Elle a un excellent effet relaxant et un fort effet r\u00e9g\u00e9n\u00e9rant pour la peau. Il est pr\u00e9f\u00e9rable d&#8217;utiliser une cr\u00e8me pour le corps d\u00e8s la sortie de la douche lorsque la peau est encore un peu humide. Finalement, cela aidera \u00e0 sceller cette hydratation plus profond\u00e9ment dans la peau.<\/p>\n","protected":false},"featured_media":4629,"template":"","meta":{"_acf_changed":false},"product_cat":[],"product_tag":[102],"class_list":["post-4626","product","type-product","status-publish","has-post-thumbnail","hentry","product_tag-make-up-fr"],"acf":[],"yoast_head":"<!-- This site is optimized with the Yoast SEO plugin v22.8 - https:\/\/yoast.com\/wordpress\/plugins\/seo\/ -->\n<title>Cr\u00e8me raffermissante corps<\/title>\n<meta name=\"description\" content=\"La Cr\u00e9me raffermissante corps effet lifting Roviti contient une forte concentration d\u2019un complexe lipidique multifonctionnel.\" \/>\n<meta name=\"robots\" content=\"index, follow, max-snippet:-1, max-image-preview:large, max-video-preview:-1\" \/>\n<link rel=\"canonical\" href=\"https:\/\/roviti.com\/fr\/produit\/creme-raffermissante-corps\/\" \/>\n<meta property=\"og:locale\" content=\"fr_FR\" \/>\n<meta property=\"og:type\" content=\"article\" \/>\n<meta property=\"og:title\" content=\"Cr\u00e8me raffermissante corps\" \/>\n<meta property=\"og:description\" content=\"La Cr\u00e9me raffermissante corps effet lifting Roviti contient une forte concentration d\u2019un complexe lipidique multifonctionnel.\" \/>\n<meta property=\"og:url\" content=\"https:\/\/roviti.com\/fr\/produit\/creme-raffermissante-corps\/\" \/>\n<meta property=\"og:site_name\" content=\"Cosm\u00e9tiques naturels d&#039;excellence - Roviti\" \/>\n<meta property=\"article:modified_time\" content=\"2025-10-09T09:06:02+00:00\" \/>\n<meta property=\"og:image\" content=\"https:\/\/roviti.com\/wp-content\/uploads\/2021\/03\/roviti-crema-corpo-effetto-urto.jpg\" \/>\n\t<meta property=\"og:image:width\" content=\"800\" \/>\n\t<meta property=\"og:image:height\" content=\"1071\" \/>\n\t<meta property=\"og:image:type\" content=\"image\/jpeg\" \/>\n<meta name=\"twitter:card\" content=\"summary_large_image\" \/>\n<meta name=\"twitter:label1\" content=\"Dur\u00e9e de lecture estim\u00e9e\" \/>\n\t<meta name=\"twitter:data1\" content=\"1 minute\" \/>\n<!-- \/ Yoast SEO plugin. -->","yoast_head_json":{"title":"Cr\u00e8me raffermissante corps","description":"La Cr\u00e9me raffermissante corps effet lifting Roviti contient une forte concentration d\u2019un complexe lipidique multifonctionnel.","robots":{"index":"index","follow":"follow","max-snippet":"max-snippet:-1","max-image-preview":"max-image-preview:large","max-video-preview":"max-video-preview:-1"},"canonical":"https:\/\/roviti.com\/fr\/produit\/creme-raffermissante-corps\/","og_locale":"fr_FR","og_type":"article","og_title":"Cr\u00e8me raffermissante corps","og_description":"La Cr\u00e9me raffermissante corps effet lifting Roviti contient une forte concentration d\u2019un complexe lipidique multifonctionnel.","og_url":"https:\/\/roviti.com\/fr\/produit\/creme-raffermissante-corps\/","og_site_name":"Cosm\u00e9tiques naturels d'excellence - Roviti","article_modified_time":"2025-10-09T09:06:02+00:00","og_image":[{"width":800,"height":1071,"url":"https:\/\/roviti.com\/wp-content\/uploads\/2021\/03\/roviti-crema-corpo-effetto-urto.jpg","type":"image\/jpeg"}],"twitter_card":"summary_large_image","twitter_misc":{"Dur\u00e9e de lecture estim\u00e9e":"1 minute"},"schema":{"@context":"https:\/\/schema.org","@graph":[{"@type":"WebPage","@id":"https:\/\/roviti.com\/fr\/produit\/creme-raffermissante-corps\/","url":"https:\/\/roviti.com\/fr\/produit\/creme-raffermissante-corps\/","name":"Cr\u00e8me raffermissante corps","isPartOf":{"@id":"https:\/\/roviti.com\/#website"},"primaryImageOfPage":{"@id":"https:\/\/roviti.com\/fr\/produit\/creme-raffermissante-corps\/#primaryimage"},"image":{"@id":"https:\/\/roviti.com\/fr\/produit\/creme-raffermissante-corps\/#primaryimage"},"thumbnailUrl":"https:\/\/roviti.com\/wp-content\/uploads\/2021\/03\/roviti-crema-corpo-effetto-urto.jpg","datePublished":"2021-03-25T08:55:33+00:00","dateModified":"2025-10-09T09:06:02+00:00","description":"La Cr\u00e9me raffermissante corps effet lifting Roviti contient une forte concentration d\u2019un complexe lipidique multifonctionnel.","breadcrumb":{"@id":"https:\/\/roviti.com\/fr\/produit\/creme-raffermissante-corps\/#breadcrumb"},"inLanguage":"fr-FR","potentialAction":[{"@type":"ReadAction","target":["https:\/\/roviti.com\/fr\/produit\/creme-raffermissante-corps\/"]}]},{"@type":"ImageObject","inLanguage":"fr-FR","@id":"https:\/\/roviti.com\/fr\/produit\/creme-raffermissante-corps\/#primaryimage","url":"https:\/\/roviti.com\/wp-content\/uploads\/2021\/03\/roviti-crema-corpo-effetto-urto.jpg","contentUrl":"https:\/\/roviti.com\/wp-content\/uploads\/2021\/03\/roviti-crema-corpo-effetto-urto.jpg","width":800,"height":1071,"caption":"Crema corpo effetto urto"},{"@type":"BreadcrumbList","@id":"https:\/\/roviti.com\/fr\/produit\/creme-raffermissante-corps\/#breadcrumb","itemListElement":[{"@type":"ListItem","position":1,"name":"Home","item":"https:\/\/roviti.com\/fr\/"},{"@type":"ListItem","position":2,"name":"Shop","item":"https:\/\/roviti.com\/fr\/shop\/"},{"@type":"ListItem","position":3,"name":"Cr\u00e8me raffermissante corps"}]},{"@type":"WebSite","@id":"https:\/\/roviti.com\/#website","url":"https:\/\/roviti.com\/","name":"Cosm\u00e9tiques naturels d'excellence - Roviti","description":"Olio di fico d&#039;India","potentialAction":[{"@type":"SearchAction","target":{"@type":"EntryPoint","urlTemplate":"https:\/\/roviti.com\/?s={search_term_string}"},"query-input":"required name=search_term_string"}],"inLanguage":"fr-FR"}]}},"_links":{"self":[{"href":"https:\/\/roviti.com\/fr\/wp-json\/wp\/v2\/product\/4626","targetHints":{"allow":["GET"]}}],"collection":[{"href":"https:\/\/roviti.com\/fr\/wp-json\/wp\/v2\/product"}],"about":[{"href":"https:\/\/roviti.com\/fr\/wp-json\/wp\/v2\/types\/product"}],"wp:featuredmedia":[{"embeddable":true,"href":"https:\/\/roviti.com\/fr\/wp-json\/wp\/v2\/media\/4629"}],"wp:attachment":[{"href":"https:\/\/roviti.com\/fr\/wp-json\/wp\/v2\/media?parent=4626"}],"wp:term":[{"taxonomy":"product_cat","embeddable":true,"href":"https:\/\/roviti.com\/fr\/wp-json\/wp\/v2\/product_cat?post=4626"},{"taxonomy":"product_tag","embeddable":true,"href":"https:\/\/roviti.com\/fr\/wp-json\/wp\/v2\/product_tag?post=4626"}],"curies":[{"name":"wp","href":"https:\/\/api.w.org\/{rel}","templated":true}]}}