{"id":4622,"date":"2021-03-25T10:09:07","date_gmt":"2021-03-25T09:09:07","guid":{"rendered":"https:\/\/roviti.com\/product\/crema-nuit-purifiante\/"},"modified":"2025-10-09T11:04:59","modified_gmt":"2025-10-09T09:04:59","slug":"creme-de-nuit-purifiante","status":"publish","type":"product","link":"https:\/\/roviti.com\/fr\/produit\/creme-de-nuit-purifiante\/","title":{"rendered":"Cr\u00e8me de nuit purifiante"},"content":{"rendered":"<h2 style=\"font-size:130%;\" align=\"center;\"><em>Cr\u00e8me de Nuit Purifiante, mode d&#8217;emploi <\/em><\/h2>\n<p align=\"justify\">Pour un effet optimal, appliquez une petite quantit\u00e9 de Cr\u00e8me de Nuit Purifiante sur la peau du visage pendant 15 jours, le soir avant de vous coucher, et massez jusqu&#8217;\u00e0 absorption compl\u00e8te. Au r\u00e9veil, <a href=\"https:\/\/fr.wikipedia.org\/wiki\/Cr%C3%A8me_hydratante\">la peau est plus lisse<\/a> et uniforme, visiblement plus saine.<\/p>\n<p align=\"justify\">Faites une pause de 7 jours et recommencez le traitement.<\/p>\n<p align=\"justify\"><i><strong>Conseil<\/i><\/strong>: ajoutez une goutte de notre huile pure de graines de figue de barbarie \u00e0 votre dose quotidienne de <a href=\"https:\/\/roviti.com\/fr\/produit\/creme-de-nuit-purifiante\/\">cr\u00e8me<\/a>.<\/p>\n<p align=\"justify\"><i><strong>Avertissement<\/i><\/strong>: \u00c9vitez tout contact avec les yeux. Ne pas avaler. La <i><strong>cr\u00e8me de nuit<\/i><\/strong> Roviti est \u00e1 conserver \u00e1 l\u2019abri de la lumi\u00e8re pour pr\u00e9server son efficacit\u00e9. \u00c0 utiliser en usage externe seulement.<\/p>\n<p align=\"justify\">Afin de v\u00e9rifier les \u00e9ventuelles intol\u00e9rances allergiques individuelles aux ingr\u00e9dients du cosm\u00e9tique, il est recommand\u00e9 de r\u00e9aliser un test pr\u00e9ventif. Pour cela, appliquez une petite quantit\u00e9 de produit sur une partie peu expos\u00e9e de la peau (par exemple sur un bras).<\/p>\n<p align=\"justify\">ROVITI srl d\u00e9cline toute responsabilit\u00e9 suite \u00e0 une mauvaise utilisation, \u00e0 la non-v\u00e9rification des intol\u00e9rances individuelles. Ou au non-respect des normes de test pr\u00e9ventif indiqu\u00e9es ici.<\/p>\n<p>Views: 171<\/p>","protected":false},"excerpt":{"rendered":"<p align=\"justify\">La <i><strong>Cr\u00e8me de nuit purifiante<\/i><\/strong> Roviti est un produit cosmetique 100% naturel.<\/p>\n<p>&nbsp;<\/p>\n<p align=\"justify\"><em> <strong>Avec extrait de r\u00e9glisse et eau d&#8217;orange.<\/strong> <\/em><\/p>\n<p>&nbsp;<\/p>\n<p align=\"justify\"><em> <strong> <span style = \"text-decoration: underline;\"> Parfum <\/span> : Huile essentielle d&#8217;orange<\/strong> et <strong>notes de c\u00e8dre sans allerg\u00e8nes.<\/strong><\/em><\/p>\n<p>&nbsp;<\/p>\n<p align=\"justify\">Cr\u00e8me \u00e0 haute concentration en actifs dont la synergie est particuli\u00e8rement adapt\u00e9e aux peaux impures.<\/p>\n<p>&nbsp;<\/p>\n<p align=\"justify\">En premier lieu, la cr\u00e8me de nuit Roviti contient de l&#8217;huile de figue de barbarie, riche en om\u00e9ga 3-6 et en phytost\u00e9rols. Capable de contrecarrer le s\u00e9bum des peaux grasses, responsable de l&#8217;occlusion des follicules pileux qui r\u00e9duit la transpiration normale de la peau du visage.<\/p>\n<h2 style=\"font-size:105%;\">Cr\u00e8me de nuit purifiante anti-radicalaires<\/h2>\n<p align=\"justify\">La <i><strong>La cr\u00e8me de nuit<\/i><\/strong> Roviti utilise \u00e9galement des extraits de r\u00e9glisse, du facteur d&#8217;hydratation naturel (NMF) et de l&#8217;eau d&#8217;orange aux fonctions hydratantes, rafra\u00eechissantes, apaisantes et anti-radicalaires.<\/p>\n<h2 style=\"font-size:105%;\">La cr\u00e8me de nuit purifiante pour r\u00e9\u00e9quilibrer la peau<\/h2>\n<p align=\"justify\">De cette fa\u00e7on, elle compl\u00e8te l&#8217;action de contraste des irritations qui caract\u00e9risent les peaux impures. Finalement, au r\u00e9veil, la peau est visiblement plus saine et lisse. <\/p>\n","protected":false},"featured_media":4625,"template":"","meta":{"_acf_changed":false},"product_cat":[],"product_tag":[102],"class_list":["post-4622","product","type-product","status-publish","has-post-thumbnail","hentry","product_tag-make-up-fr"],"acf":[],"yoast_head":"<!-- This site is optimized with the Yoast SEO plugin v22.8 - https:\/\/yoast.com\/wordpress\/plugins\/seo\/ -->\n<title>Cr\u00e8me de nuit purifiante | Haute concentration en actifs<\/title>\n<meta name=\"description\" content=\"Cr\u00e8me de nuit purifiante. Cr\u00e8me \u00e0 haute concentration en actifs dont la synergie est particuli\u00e8rement adapt\u00e9e aux peaux impures.\" \/>\n<meta name=\"robots\" content=\"index, follow, max-snippet:-1, max-image-preview:large, max-video-preview:-1\" \/>\n<link rel=\"canonical\" href=\"https:\/\/roviti.com\/fr\/produit\/creme-de-nuit-purifiante\/\" \/>\n<meta property=\"og:locale\" content=\"fr_FR\" \/>\n<meta property=\"og:type\" content=\"article\" \/>\n<meta property=\"og:title\" content=\"Cr\u00e8me de nuit purifiante | Haute concentration en actifs\" \/>\n<meta property=\"og:description\" content=\"Cr\u00e8me de nuit purifiante. Cr\u00e8me \u00e0 haute concentration en actifs dont la synergie est particuli\u00e8rement adapt\u00e9e aux peaux impures.\" \/>\n<meta property=\"og:url\" content=\"https:\/\/roviti.com\/fr\/produit\/creme-de-nuit-purifiante\/\" \/>\n<meta property=\"og:site_name\" content=\"Cosm\u00e9tiques naturels d&#039;excellence - Roviti\" \/>\n<meta property=\"article:modified_time\" content=\"2025-10-09T09:04:59+00:00\" \/>\n<meta property=\"og:image\" content=\"https:\/\/roviti.com\/wp-content\/uploads\/2021\/03\/roviti-crema-notte-purificante.jpg\" \/>\n\t<meta property=\"og:image:width\" content=\"800\" \/>\n\t<meta property=\"og:image:height\" content=\"1071\" \/>\n\t<meta property=\"og:image:type\" content=\"image\/jpeg\" \/>\n<meta name=\"twitter:card\" content=\"summary_large_image\" \/>\n<meta name=\"twitter:label1\" content=\"Dur\u00e9e de lecture estim\u00e9e\" \/>\n\t<meta name=\"twitter:data1\" content=\"1 minute\" \/>\n<!-- \/ Yoast SEO plugin. -->","yoast_head_json":{"title":"Cr\u00e8me de nuit purifiante | Haute concentration en actifs","description":"Cr\u00e8me de nuit purifiante. Cr\u00e8me \u00e0 haute concentration en actifs dont la synergie est particuli\u00e8rement adapt\u00e9e aux peaux impures.","robots":{"index":"index","follow":"follow","max-snippet":"max-snippet:-1","max-image-preview":"max-image-preview:large","max-video-preview":"max-video-preview:-1"},"canonical":"https:\/\/roviti.com\/fr\/produit\/creme-de-nuit-purifiante\/","og_locale":"fr_FR","og_type":"article","og_title":"Cr\u00e8me de nuit purifiante | Haute concentration en actifs","og_description":"Cr\u00e8me de nuit purifiante. Cr\u00e8me \u00e0 haute concentration en actifs dont la synergie est particuli\u00e8rement adapt\u00e9e aux peaux impures.","og_url":"https:\/\/roviti.com\/fr\/produit\/creme-de-nuit-purifiante\/","og_site_name":"Cosm\u00e9tiques naturels d'excellence - Roviti","article_modified_time":"2025-10-09T09:04:59+00:00","og_image":[{"width":800,"height":1071,"url":"https:\/\/roviti.com\/wp-content\/uploads\/2021\/03\/roviti-crema-notte-purificante.jpg","type":"image\/jpeg"}],"twitter_card":"summary_large_image","twitter_misc":{"Dur\u00e9e de lecture estim\u00e9e":"1 minute"},"schema":{"@context":"https:\/\/schema.org","@graph":[{"@type":"WebPage","@id":"https:\/\/roviti.com\/fr\/produit\/creme-de-nuit-purifiante\/","url":"https:\/\/roviti.com\/fr\/produit\/creme-de-nuit-purifiante\/","name":"Cr\u00e8me de nuit purifiante | Haute concentration en actifs","isPartOf":{"@id":"https:\/\/roviti.com\/#website"},"primaryImageOfPage":{"@id":"https:\/\/roviti.com\/fr\/produit\/creme-de-nuit-purifiante\/#primaryimage"},"image":{"@id":"https:\/\/roviti.com\/fr\/produit\/creme-de-nuit-purifiante\/#primaryimage"},"thumbnailUrl":"https:\/\/roviti.com\/wp-content\/uploads\/2021\/03\/roviti-crema-notte-purificante.jpg","datePublished":"2021-03-25T09:09:07+00:00","dateModified":"2025-10-09T09:04:59+00:00","description":"Cr\u00e8me de nuit purifiante. Cr\u00e8me \u00e0 haute concentration en actifs dont la synergie est particuli\u00e8rement adapt\u00e9e aux peaux impures.","breadcrumb":{"@id":"https:\/\/roviti.com\/fr\/produit\/creme-de-nuit-purifiante\/#breadcrumb"},"inLanguage":"fr-FR","potentialAction":[{"@type":"ReadAction","target":["https:\/\/roviti.com\/fr\/produit\/creme-de-nuit-purifiante\/"]}]},{"@type":"ImageObject","inLanguage":"fr-FR","@id":"https:\/\/roviti.com\/fr\/produit\/creme-de-nuit-purifiante\/#primaryimage","url":"https:\/\/roviti.com\/wp-content\/uploads\/2021\/03\/roviti-crema-notte-purificante.jpg","contentUrl":"https:\/\/roviti.com\/wp-content\/uploads\/2021\/03\/roviti-crema-notte-purificante.jpg","width":800,"height":1071,"caption":"Crema notte purificante"},{"@type":"BreadcrumbList","@id":"https:\/\/roviti.com\/fr\/produit\/creme-de-nuit-purifiante\/#breadcrumb","itemListElement":[{"@type":"ListItem","position":1,"name":"Home","item":"https:\/\/roviti.com\/fr\/"},{"@type":"ListItem","position":2,"name":"Shop","item":"https:\/\/roviti.com\/fr\/shop\/"},{"@type":"ListItem","position":3,"name":"Cr\u00e8me de nuit purifiante"}]},{"@type":"WebSite","@id":"https:\/\/roviti.com\/#website","url":"https:\/\/roviti.com\/","name":"Cosm\u00e9tiques naturels d'excellence - Roviti","description":"Olio di fico d&#039;India","potentialAction":[{"@type":"SearchAction","target":{"@type":"EntryPoint","urlTemplate":"https:\/\/roviti.com\/?s={search_term_string}"},"query-input":"required name=search_term_string"}],"inLanguage":"fr-FR"}]}},"_links":{"self":[{"href":"https:\/\/roviti.com\/fr\/wp-json\/wp\/v2\/product\/4622","targetHints":{"allow":["GET"]}}],"collection":[{"href":"https:\/\/roviti.com\/fr\/wp-json\/wp\/v2\/product"}],"about":[{"href":"https:\/\/roviti.com\/fr\/wp-json\/wp\/v2\/types\/product"}],"wp:featuredmedia":[{"embeddable":true,"href":"https:\/\/roviti.com\/fr\/wp-json\/wp\/v2\/media\/4625"}],"wp:attachment":[{"href":"https:\/\/roviti.com\/fr\/wp-json\/wp\/v2\/media?parent=4622"}],"wp:term":[{"taxonomy":"product_cat","embeddable":true,"href":"https:\/\/roviti.com\/fr\/wp-json\/wp\/v2\/product_cat?post=4622"},{"taxonomy":"product_tag","embeddable":true,"href":"https:\/\/roviti.com\/fr\/wp-json\/wp\/v2\/product_tag?post=4622"}],"curies":[{"name":"wp","href":"https:\/\/api.w.org\/{rel}","templated":true}]}}