{"id":4618,"date":"2021-03-25T10:21:51","date_gmt":"2021-03-25T09:21:51","guid":{"rendered":"https:\/\/roviti.com\/product\/crema-jour-protectrice-intensive-peaux-matures\/"},"modified":"2025-10-09T11:04:16","modified_gmt":"2025-10-09T09:04:16","slug":"creme-de-jour-peau-matures","status":"publish","type":"product","link":"https:\/\/roviti.com\/fr\/produit\/creme-de-jour-peau-matures\/","title":{"rendered":"Cr\u00e8me de jour peau matures"},"content":{"rendered":"<h2 style=\"font-size:130%;\" align=\"center;\"><em>Cr\u00e8me de Jour peau matures, protectrice, intensive, \u00e9mollient<\/em><\/h2>\n<p align=\"justify\">Mode d&#8217;emploi: appliquer deux \u00e0 trois fois par semaine le matin avant le maquillage une petite quantit\u00e9 de Cr\u00e8me de jour <a href=\"https:\/\/roviti.com\/fr\/produit\/creme-de-jour-peaux-matures\/\">peaux matures<\/a> sur la peau du visage. Masser jusqu&#8217;\u00e0 absorption compl\u00e8te.<\/p>\n<p align=\"justify\"><i><strong>Avertissement<\/i><\/strong>: \u00e9viter le contact avec les yeux. Ne pas ing\u00e9rer. La <i><strong>Cr\u00e8me de jour<\/i><\/strong> Roviti est \u00e1 conserver \u00e1 l\u2019abri de la lumi\u00e8re pour pr\u00e9server son <a href=\"https:\/\/fr.wikipedia.org\/wiki\/Cr%C3%A8me_hydratante\">efficacit\u00e9<\/a>. <\/p>\n<p align=\"justify\">Afin de v\u00e9rifier les \u00e9ventuelles intol\u00e9rances allergiques individuelles aux ingr\u00e9dients du cosm\u00e9tique, il est recommand\u00e9 de r\u00e9aliser un test pr\u00e9ventif. Pour cela, appliquez une petite quantit\u00e9 de produit sur une partie peu expos\u00e9e de la peau (par exemple sur un bras).<\/p>\n<p align=\"justify\">ROVITI srl d\u00e9cline toute responsabilit\u00e9 suite \u00e0 une mauvaise utilisation, \u00e0 la non-v\u00e9rification des intol\u00e9rances individuelles. Ou au non-respect des normes de test pr\u00e9ventif indiqu\u00e9es ici.<\/p>\n<p>Views: 203<\/p>","protected":false},"excerpt":{"rendered":"<p align=\"justify\">Cr\u00e8me de Jour peau matures &#8211; <strong>Protectrice intensive<\/strong>. Une \u00e9mulsion riche en principes fonctionnels dont la synergie est particuli\u00e8rement adapt\u00e9e aux peaux matures qui ont besoin d&#8217;\u00eatre hydrat\u00e9es et nourries de mani\u00e8re intensive. <strong>Au beurre de karit\u00e9 et \u00e0 l&#8217;huile d&#8217;olive.<\/strong><\/p>\n<p>&nbsp;<\/p>\n<p align=\"justify\"><strong><em><span style=\"text-decoration: underline;\">Parfum<\/span> : notes de c\u00e8dre sans allerg\u00e8nes.<\/em><\/strong><\/p>\n<p>&nbsp;<\/p>\n<p align=\"justify\">La <i><strong>Cr\u00e8me de jour<\/i><\/strong> Roviti est un produit cosmetique 100% naturel.<\/p>\n<p>&nbsp;<\/p>\n<p align=\"justify\">En premier lieu, les concentrations \u00e9lev\u00e9es d&#8217;huile de figue de barbarie, de beurre de karit\u00e9 et d&#8217;huile d&#8217;olive extra vierge, riches en om\u00e9ga 3-6, en vitamines et en phytost\u00e9rols, stimulent la production de collag\u00e8ne et d&#8217;\u00e9lastine.<\/p>\n<p>&nbsp;<\/p>\n<p align=\"justify\">Ils agissent comme des \u00e9mollients et des anti-d\u00e9shydratants, ce qui entra\u00eene un meilleur \u00e9tat d&#8217;hydratation et une r\u00e9duction de la perte d&#8217;eau. Finalement, le r\u00e9sultat est une turgescence cutan\u00e9e accrue.<\/p>\n<h2 style=\"font-size:105%;\">LA CR\u00c8ME DE JOUR PEAU MATURES PROTECTRICE INTENSIVE POUR LES DERMES SENSIBLES<\/h2>\n<p align=\"justify\">La pr\u00e9sence du Natural Moisture Factor (NMF) renforce l&#8217;action hydratante et aide \u00e0 r\u00e9tablir l&#8217;\u00e9quilibre hydro-lipidique naturel de la peau du visage, la rendant plus ferme, plus lisse et plus \u00e9clatante.<\/p>\n<p>&nbsp;<\/p>\n<p align=\"justify\">De m\u00eame, la cr\u00e8me de jour peaux mature protectrice intensive Roviti est d\u00e9di\u00e9e au ralentissement du processus de vieillissement. En premier lieu, elle cible la r\u00e9duction des dommages caus\u00e9s par les radicaux libres. Finalement, la combinaison d&#8217;ingr\u00e9dients est efficace non seulement pour les peaux matures, mais aide \u00e9galement les peaux sensibles.<\/p>\n","protected":false},"featured_media":4621,"template":"","meta":{"_acf_changed":false},"product_cat":[],"product_tag":[102],"class_list":["post-4618","product","type-product","status-publish","has-post-thumbnail","hentry","product_tag-make-up-fr"],"acf":[],"yoast_head":"<!-- This site is optimized with the Yoast SEO plugin v22.8 - https:\/\/yoast.com\/wordpress\/plugins\/seo\/ -->\n<title>Cr\u00e8me de jour peau matures | Protectrice intensive<\/title>\n<meta name=\"description\" content=\"Cr\u00e8me de jour peau matures - protectrice intensive. Une \u00e9mulsion adapt\u00e9e aux peaux matures qui ont besoin d\u2019\u00eatre hydrat\u00e9es et nourries.\" \/>\n<meta name=\"robots\" content=\"index, follow, max-snippet:-1, max-image-preview:large, max-video-preview:-1\" \/>\n<link rel=\"canonical\" href=\"https:\/\/roviti.com\/fr\/produit\/creme-de-jour-peau-matures\/\" \/>\n<meta property=\"og:locale\" content=\"fr_FR\" \/>\n<meta property=\"og:type\" content=\"article\" \/>\n<meta property=\"og:title\" content=\"Cr\u00e8me de jour peau matures | Protectrice intensive\" \/>\n<meta property=\"og:description\" content=\"Cr\u00e8me de jour peau matures - protectrice intensive. Une \u00e9mulsion adapt\u00e9e aux peaux matures qui ont besoin d\u2019\u00eatre hydrat\u00e9es et nourries.\" \/>\n<meta property=\"og:url\" content=\"https:\/\/roviti.com\/fr\/produit\/creme-de-jour-peau-matures\/\" \/>\n<meta property=\"og:site_name\" content=\"Cosm\u00e9tiques naturels d&#039;excellence - Roviti\" \/>\n<meta property=\"article:modified_time\" content=\"2025-10-09T09:04:16+00:00\" \/>\n<meta property=\"og:image\" content=\"https:\/\/roviti.com\/wp-content\/uploads\/2021\/03\/roviti-crema-protettiva-intensiva-giorno-pelli-mature.jpg\" \/>\n\t<meta property=\"og:image:width\" content=\"800\" \/>\n\t<meta property=\"og:image:height\" content=\"1071\" \/>\n\t<meta property=\"og:image:type\" content=\"image\/jpeg\" \/>\n<meta name=\"twitter:card\" content=\"summary_large_image\" \/>\n<meta name=\"twitter:label1\" content=\"Dur\u00e9e de lecture estim\u00e9e\" \/>\n\t<meta name=\"twitter:data1\" content=\"1 minute\" \/>\n<!-- \/ Yoast SEO plugin. -->","yoast_head_json":{"title":"Cr\u00e8me de jour peau matures | Protectrice intensive","description":"Cr\u00e8me de jour peau matures - protectrice intensive. Une \u00e9mulsion adapt\u00e9e aux peaux matures qui ont besoin d\u2019\u00eatre hydrat\u00e9es et nourries.","robots":{"index":"index","follow":"follow","max-snippet":"max-snippet:-1","max-image-preview":"max-image-preview:large","max-video-preview":"max-video-preview:-1"},"canonical":"https:\/\/roviti.com\/fr\/produit\/creme-de-jour-peau-matures\/","og_locale":"fr_FR","og_type":"article","og_title":"Cr\u00e8me de jour peau matures | Protectrice intensive","og_description":"Cr\u00e8me de jour peau matures - protectrice intensive. Une \u00e9mulsion adapt\u00e9e aux peaux matures qui ont besoin d\u2019\u00eatre hydrat\u00e9es et nourries.","og_url":"https:\/\/roviti.com\/fr\/produit\/creme-de-jour-peau-matures\/","og_site_name":"Cosm\u00e9tiques naturels d'excellence - Roviti","article_modified_time":"2025-10-09T09:04:16+00:00","og_image":[{"width":800,"height":1071,"url":"https:\/\/roviti.com\/wp-content\/uploads\/2021\/03\/roviti-crema-protettiva-intensiva-giorno-pelli-mature.jpg","type":"image\/jpeg"}],"twitter_card":"summary_large_image","twitter_misc":{"Dur\u00e9e de lecture estim\u00e9e":"1 minute"},"schema":{"@context":"https:\/\/schema.org","@graph":[{"@type":"WebPage","@id":"https:\/\/roviti.com\/fr\/produit\/creme-de-jour-peau-matures\/","url":"https:\/\/roviti.com\/fr\/produit\/creme-de-jour-peau-matures\/","name":"Cr\u00e8me de jour peau matures | Protectrice intensive","isPartOf":{"@id":"https:\/\/roviti.com\/#website"},"primaryImageOfPage":{"@id":"https:\/\/roviti.com\/fr\/produit\/creme-de-jour-peau-matures\/#primaryimage"},"image":{"@id":"https:\/\/roviti.com\/fr\/produit\/creme-de-jour-peau-matures\/#primaryimage"},"thumbnailUrl":"https:\/\/roviti.com\/wp-content\/uploads\/2021\/03\/roviti-crema-protettiva-intensiva-giorno-pelli-mature.jpg","datePublished":"2021-03-25T09:21:51+00:00","dateModified":"2025-10-09T09:04:16+00:00","description":"Cr\u00e8me de jour peau matures - protectrice intensive. Une \u00e9mulsion adapt\u00e9e aux peaux matures qui ont besoin d\u2019\u00eatre hydrat\u00e9es et nourries.","breadcrumb":{"@id":"https:\/\/roviti.com\/fr\/produit\/creme-de-jour-peau-matures\/#breadcrumb"},"inLanguage":"fr-FR","potentialAction":[{"@type":"ReadAction","target":["https:\/\/roviti.com\/fr\/produit\/creme-de-jour-peau-matures\/"]}]},{"@type":"ImageObject","inLanguage":"fr-FR","@id":"https:\/\/roviti.com\/fr\/produit\/creme-de-jour-peau-matures\/#primaryimage","url":"https:\/\/roviti.com\/wp-content\/uploads\/2021\/03\/roviti-crema-protettiva-intensiva-giorno-pelli-mature.jpg","contentUrl":"https:\/\/roviti.com\/wp-content\/uploads\/2021\/03\/roviti-crema-protettiva-intensiva-giorno-pelli-mature.jpg","width":800,"height":1071,"caption":"Crema Protettiva intensiva giorno pelli mature"},{"@type":"BreadcrumbList","@id":"https:\/\/roviti.com\/fr\/produit\/creme-de-jour-peau-matures\/#breadcrumb","itemListElement":[{"@type":"ListItem","position":1,"name":"Home","item":"https:\/\/roviti.com\/fr\/"},{"@type":"ListItem","position":2,"name":"Shop","item":"https:\/\/roviti.com\/fr\/shop\/"},{"@type":"ListItem","position":3,"name":"Cr\u00e8me de jour peau matures"}]},{"@type":"WebSite","@id":"https:\/\/roviti.com\/#website","url":"https:\/\/roviti.com\/","name":"Cosm\u00e9tiques naturels d'excellence - Roviti","description":"Olio di fico d&#039;India","potentialAction":[{"@type":"SearchAction","target":{"@type":"EntryPoint","urlTemplate":"https:\/\/roviti.com\/?s={search_term_string}"},"query-input":"required name=search_term_string"}],"inLanguage":"fr-FR"}]}},"_links":{"self":[{"href":"https:\/\/roviti.com\/fr\/wp-json\/wp\/v2\/product\/4618","targetHints":{"allow":["GET"]}}],"collection":[{"href":"https:\/\/roviti.com\/fr\/wp-json\/wp\/v2\/product"}],"about":[{"href":"https:\/\/roviti.com\/fr\/wp-json\/wp\/v2\/types\/product"}],"wp:featuredmedia":[{"embeddable":true,"href":"https:\/\/roviti.com\/fr\/wp-json\/wp\/v2\/media\/4621"}],"wp:attachment":[{"href":"https:\/\/roviti.com\/fr\/wp-json\/wp\/v2\/media?parent=4618"}],"wp:term":[{"taxonomy":"product_cat","embeddable":true,"href":"https:\/\/roviti.com\/fr\/wp-json\/wp\/v2\/product_cat?post=4618"},{"taxonomy":"product_tag","embeddable":true,"href":"https:\/\/roviti.com\/fr\/wp-json\/wp\/v2\/product_tag?post=4618"}],"curies":[{"name":"wp","href":"https:\/\/api.w.org\/{rel}","templated":true}]}}