{"id":4613,"date":"2021-03-25T10:40:35","date_gmt":"2021-03-25T09:40:35","guid":{"rendered":"https:\/\/roviti.com\/product\/creme-visage-illuminante\/"},"modified":"2025-10-09T11:02:22","modified_gmt":"2025-10-09T09:02:22","slug":"creme-illuminatrice-visage","status":"publish","type":"product","link":"https:\/\/roviti.com\/fr\/produit\/creme-illuminatrice-visage\/","title":{"rendered":"Cr\u00e8me illuminatrice visage"},"content":{"rendered":"<h2 style=\"font-size: 130%;\" align=\"center;\"><em>Cr\u00e8me illuminatrice visage Roviti<\/em><\/h2>\n<p align=\"justify\">Mode d&#8217;emploi: Appliquez une petite quantit\u00e9 de cr\u00e8me illuminatrice pour le visage le matin avant de vous maquiller et massez jusqu&#8217;\u00e0 absorption compl\u00e8te. <a href=\"https:\/\/roviti.com\/fr\/prodotto\/crema-viso-illuminante\/\">Prot\u00e8ge des pigments color\u00e9s<\/a> et des agressions des agents ext\u00e9rieurs, donnant de la <a href=\"https:\/\/fr.wikipedia.org\/wiki\/%C3%89claircissement_de_la_peau\">luminosit\u00e9<\/a> au teint du visage.<\/p>\n<p align=\"justify\"><i><strong>Avertissements<\/strong><\/i>: \u00c9viter le contact avec les yeux. Ne pas ing\u00e9rer. Cette <i><strong>Cr\u00e8me Illuminatrice<\/strong><\/i> est \u00e1 conserver \u00e1 l\u2019abri de la lumi\u00e8re pour pr\u00e9server son efficacit\u00e9.<\/p>\n<p align=\"justify\">Afin de v\u00e9rifier les \u00e9ventuelles intol\u00e9rances allergiques individuelles aux ingr\u00e9dients du cosm\u00e9tique, il est recommand\u00e9 de r\u00e9aliser un test pr\u00e9ventif. Pour cela, appliquez une petite quantit\u00e9 de produit sur une partie peu expos\u00e9e de la peau (par exemple sur un bras).<\/p>\n<p align=\"justify\">ROVITI srl d\u00e9cline toute responsabilit\u00e9 suite \u00e0 une mauvaise utilisation, \u00e0 la non-v\u00e9rification des intol\u00e9rances individuelles ou au non-respect des normes de test pr\u00e9ventif indiqu\u00e9es ici.<\/p>\n<p>Views: 247<\/p>","protected":false},"excerpt":{"rendered":"<p><strong>Avec de l&#8217;acide hyaluronique et de la vitamine C.<\/strong><\/p>\n<p>&nbsp;<\/p>\n<p align=\"justify\"><em><strong><span style=\"text-decoration: underline;\">Parfum<\/span> : notes douces de vanille sans allerg\u00e8nes.<\/strong><\/em><\/p>\n<p>&nbsp;<\/p>\n<p align=\"justify\">La <i><strong>Cr\u00e8me illuminatrice visage<\/strong><\/i> Roviti este un produit 100% naturel,<br \/>\nriches en vitamines et nutriments, sp\u00e9cialement formul\u00e9e pour les peaux en manque d&#8217;\u00e9clat.<\/p>\n<p>&nbsp;<\/p>\n<p align=\"justify\">Un traitement illuminateur qui apporte douceur, fermet\u00e9 et combat l&#8217;apparition des signes du vieillissement.<\/p>\n<p>&nbsp;<\/p>\n<p align=\"justify\">Cette <i><strong>cr\u00e8me illuminatrice pour le visage<\/strong><\/i>, particuli\u00e8rement adapt\u00e9e aux peaux fatigu\u00e9es et ternes, contient un complexe actif multifonctionnel, compos\u00e9 d&#8217;huile de figue de barbarie, de beurre de karit\u00e9 et de vitamine C stable.<\/p>\n<p>&nbsp;<\/p>\n<p align=\"justify\">Aussi, ils aident \u00e0 stimuler la production de collag\u00e8ne et d&#8217;\u00e9lastine, rendant la peau du visage souple, tonique et lumineuse.<\/p>\n<h2 style=\"font-size: 105%;\">Action anti-\u00e2ge de la cr\u00e8me illuminatrice visage Roviti<\/h2>\n<p align=\"justify\">De plus, <i><strong>l&#8217;action anti-\u00e2ge<\/strong><\/i> de l&#8217;acide hyaluronique de faible poids mol\u00e9culaire renforce son efficacit\u00e9.<\/p>\n<p>&nbsp;<\/p>\n<p align=\"justify\">Appliqu\u00e9 quotidiennement, la cr\u00e8me Roviti illumine la peau du visage et s&#8217;oppose \u00e0 la formation de radicaux libres qui sont responsables du vieillissement pr\u00e9matur\u00e9 de la peau. Hydrate en profondeur pour laisser la peau confortable.<\/p>\n","protected":false},"featured_media":4617,"template":"","meta":{"_acf_changed":false},"product_cat":[],"product_tag":[102],"class_list":["post-4613","product","type-product","status-publish","has-post-thumbnail","hentry","product_tag-make-up-fr"],"acf":[],"yoast_head":"<!-- This site is optimized with the Yoast SEO plugin v22.8 - https:\/\/yoast.com\/wordpress\/plugins\/seo\/ -->\n<title>Cr\u00e8me illuminatrice visage | Peau souple et tonique<\/title>\n<meta name=\"description\" content=\"Cr\u00e8me illuminatrice visage Roviti. Un traitement illuminateur qui apporte fermet\u00e9 et \u00e9clat, et combat l\u2019apparition du vieillissement.\" \/>\n<meta name=\"robots\" content=\"index, follow, max-snippet:-1, max-image-preview:large, max-video-preview:-1\" \/>\n<link rel=\"canonical\" href=\"https:\/\/roviti.com\/fr\/produit\/creme-illuminatrice-visage\/\" \/>\n<meta property=\"og:locale\" content=\"fr_FR\" \/>\n<meta property=\"og:type\" content=\"article\" \/>\n<meta property=\"og:title\" content=\"Cr\u00e8me illuminatrice visage | Peau souple et tonique\" \/>\n<meta property=\"og:description\" content=\"Cr\u00e8me illuminatrice visage Roviti. Un traitement illuminateur qui apporte fermet\u00e9 et \u00e9clat, et combat l\u2019apparition du vieillissement.\" \/>\n<meta property=\"og:url\" content=\"https:\/\/roviti.com\/fr\/produit\/creme-illuminatrice-visage\/\" \/>\n<meta property=\"og:site_name\" content=\"Cosm\u00e9tiques naturels d&#039;excellence - Roviti\" \/>\n<meta property=\"article:modified_time\" content=\"2025-10-09T09:02:22+00:00\" \/>\n<meta property=\"og:image\" content=\"https:\/\/roviti.com\/wp-content\/uploads\/2021\/03\/roviti-crema-viso-illuminante.jpg\" \/>\n\t<meta property=\"og:image:width\" content=\"800\" \/>\n\t<meta property=\"og:image:height\" content=\"1071\" \/>\n\t<meta property=\"og:image:type\" content=\"image\/jpeg\" \/>\n<meta name=\"twitter:card\" content=\"summary_large_image\" \/>\n<meta name=\"twitter:label1\" content=\"Dur\u00e9e de lecture estim\u00e9e\" \/>\n\t<meta name=\"twitter:data1\" content=\"1 minute\" \/>\n<!-- \/ Yoast SEO plugin. -->","yoast_head_json":{"title":"Cr\u00e8me illuminatrice visage | Peau souple et tonique","description":"Cr\u00e8me illuminatrice visage Roviti. Un traitement illuminateur qui apporte fermet\u00e9 et \u00e9clat, et combat l\u2019apparition du vieillissement.","robots":{"index":"index","follow":"follow","max-snippet":"max-snippet:-1","max-image-preview":"max-image-preview:large","max-video-preview":"max-video-preview:-1"},"canonical":"https:\/\/roviti.com\/fr\/produit\/creme-illuminatrice-visage\/","og_locale":"fr_FR","og_type":"article","og_title":"Cr\u00e8me illuminatrice visage | Peau souple et tonique","og_description":"Cr\u00e8me illuminatrice visage Roviti. Un traitement illuminateur qui apporte fermet\u00e9 et \u00e9clat, et combat l\u2019apparition du vieillissement.","og_url":"https:\/\/roviti.com\/fr\/produit\/creme-illuminatrice-visage\/","og_site_name":"Cosm\u00e9tiques naturels d'excellence - Roviti","article_modified_time":"2025-10-09T09:02:22+00:00","og_image":[{"width":800,"height":1071,"url":"https:\/\/roviti.com\/wp-content\/uploads\/2021\/03\/roviti-crema-viso-illuminante.jpg","type":"image\/jpeg"}],"twitter_card":"summary_large_image","twitter_misc":{"Dur\u00e9e de lecture estim\u00e9e":"1 minute"},"schema":{"@context":"https:\/\/schema.org","@graph":[{"@type":"WebPage","@id":"https:\/\/roviti.com\/fr\/produit\/creme-illuminatrice-visage\/","url":"https:\/\/roviti.com\/fr\/produit\/creme-illuminatrice-visage\/","name":"Cr\u00e8me illuminatrice visage | Peau souple et tonique","isPartOf":{"@id":"https:\/\/roviti.com\/#website"},"primaryImageOfPage":{"@id":"https:\/\/roviti.com\/fr\/produit\/creme-illuminatrice-visage\/#primaryimage"},"image":{"@id":"https:\/\/roviti.com\/fr\/produit\/creme-illuminatrice-visage\/#primaryimage"},"thumbnailUrl":"https:\/\/roviti.com\/wp-content\/uploads\/2021\/03\/roviti-crema-viso-illuminante.jpg","datePublished":"2021-03-25T09:40:35+00:00","dateModified":"2025-10-09T09:02:22+00:00","description":"Cr\u00e8me illuminatrice visage Roviti. Un traitement illuminateur qui apporte fermet\u00e9 et \u00e9clat, et combat l\u2019apparition du vieillissement.","breadcrumb":{"@id":"https:\/\/roviti.com\/fr\/produit\/creme-illuminatrice-visage\/#breadcrumb"},"inLanguage":"fr-FR","potentialAction":[{"@type":"ReadAction","target":["https:\/\/roviti.com\/fr\/produit\/creme-illuminatrice-visage\/"]}]},{"@type":"ImageObject","inLanguage":"fr-FR","@id":"https:\/\/roviti.com\/fr\/produit\/creme-illuminatrice-visage\/#primaryimage","url":"https:\/\/roviti.com\/wp-content\/uploads\/2021\/03\/roviti-crema-viso-illuminante.jpg","contentUrl":"https:\/\/roviti.com\/wp-content\/uploads\/2021\/03\/roviti-crema-viso-illuminante.jpg","width":800,"height":1071,"caption":"Crema viso illuminante"},{"@type":"BreadcrumbList","@id":"https:\/\/roviti.com\/fr\/produit\/creme-illuminatrice-visage\/#breadcrumb","itemListElement":[{"@type":"ListItem","position":1,"name":"Home","item":"https:\/\/roviti.com\/fr\/"},{"@type":"ListItem","position":2,"name":"Shop","item":"https:\/\/roviti.com\/fr\/shop\/"},{"@type":"ListItem","position":3,"name":"Cr\u00e8me illuminatrice visage"}]},{"@type":"WebSite","@id":"https:\/\/roviti.com\/#website","url":"https:\/\/roviti.com\/","name":"Cosm\u00e9tiques naturels d'excellence - Roviti","description":"Olio di fico d&#039;India","potentialAction":[{"@type":"SearchAction","target":{"@type":"EntryPoint","urlTemplate":"https:\/\/roviti.com\/?s={search_term_string}"},"query-input":"required name=search_term_string"}],"inLanguage":"fr-FR"}]}},"_links":{"self":[{"href":"https:\/\/roviti.com\/fr\/wp-json\/wp\/v2\/product\/4613","targetHints":{"allow":["GET"]}}],"collection":[{"href":"https:\/\/roviti.com\/fr\/wp-json\/wp\/v2\/product"}],"about":[{"href":"https:\/\/roviti.com\/fr\/wp-json\/wp\/v2\/types\/product"}],"wp:featuredmedia":[{"embeddable":true,"href":"https:\/\/roviti.com\/fr\/wp-json\/wp\/v2\/media\/4617"}],"wp:attachment":[{"href":"https:\/\/roviti.com\/fr\/wp-json\/wp\/v2\/media?parent=4613"}],"wp:term":[{"taxonomy":"product_cat","embeddable":true,"href":"https:\/\/roviti.com\/fr\/wp-json\/wp\/v2\/product_cat?post=4613"},{"taxonomy":"product_tag","embeddable":true,"href":"https:\/\/roviti.com\/fr\/wp-json\/wp\/v2\/product_tag?post=4613"}],"curies":[{"name":"wp","href":"https:\/\/api.w.org\/{rel}","templated":true}]}}