{"id":4606,"date":"2021-06-10T11:03:51","date_gmt":"2021-06-10T09:03:51","guid":{"rendered":"https:\/\/roviti.com\/product\/boite-discovery-box\/"},"modified":"2025-10-09T11:00:50","modified_gmt":"2025-10-09T09:00:50","slug":"discovery-box-cosmetiques","status":"publish","type":"product","link":"https:\/\/roviti.com\/fr\/produit\/discovery-box-cosmetiques\/","title":{"rendered":"DISCOVERY BOX COSM\u00c9TIQUES"},"content":{"rendered":"<h2 style=\"font-size:130%;\" align=\"center;\"><em>Discovery Box cosm\u00e9tiques: Mode d&#8217;emploi<\/em><\/h2>\n<p align=\"justify\">Discovery box cosm\u00e9tiques &#8211; 6 produits &#8211; Nous vous invitons \u00e0 lire le mode d&#8217;emploi sur la fiche du produit 50ml correspondant dans notre Boutique.<\/p>\n<p align=\"justify\">S\u00e9lectionnez <a href=\"https:\/\/en.wikipedia.org\/wiki\/DiscoveryBox\">le type de produit<\/a> qui figure sur l&#8217;\u00e9tiquette de chaque pot de nos<br \/>\n<a href=\"https:\/\/roviti.com\/fr\/produit\/boite-discovery-box\/\">cosm\u00e9tiques Roviti<\/a> contenus dans la &#8220;Bo\u00eete d\u00e9couverte cosm\u00e9tiques&#8221;.<\/p>\n<p align=\"justify\">Authentiques cosm\u00e9tiques naturels Roviti &#8211; Nos produits sont fabriqu\u00e9s \u00e0 la main uniquement en petites quantit\u00e9s. Par cons\u00e9quent, les caract\u00e9ristiques des ingr\u00e9dients actifs naturels sont maintenues inchang\u00e9es.<\/p>\n<p align=\"justify\"><i><strong>Avertissements<\/strong><\/i>: \u00c9viter le contact avec les yeux. Ne pas ing\u00e9rer.<\/p>\n<p align=\"justify\">Afin de v\u00e9rifier les \u00e9ventuelles intol\u00e9rances allergiques individuelles aux ingr\u00e9dients du cosm\u00e9tique, il est recommand\u00e9 de r\u00e9aliser un test pr\u00e9ventif. Pour cela, appliquez une petite quantit\u00e9 de produit sur une partie peu expos\u00e9e de la peau (par exemple sur un bras).<\/p>\n<p align=\"justify\">ROVITI srl d\u00e9cline toute responsabilit\u00e9 suite \u00e0 une mauvaise utilisation, \u00e0 la non-v\u00e9rification des intol\u00e9rances individuelles ou au non-respect des normes de test pr\u00e9ventif indiqu\u00e9es ici.<\/p>\n<p>Views: 216<\/p>","protected":false},"excerpt":{"rendered":"<p align=\"justify\">Ce coffret contient une s\u00e9lection de 6 pots de 15 ml de nos cosm\u00e9tiques \u00e0 l&#8217;huile de graines de figue de barbarie.<\/p>\n<p>&nbsp;<\/p>\n<p align=\"justify\">Il se compose de 5 cr\u00e8mes pour le visage ayant chacune une action sp\u00e9cifique sur la peau et d&#8217;une cr\u00e8me pour le corps tr\u00e8s hydratante.<\/p>\n<p>&nbsp;<\/p>\n<p align=\"justify\">C&#8217;est le coffret id\u00e9al pour offrir ou simplement pour d\u00e9couvrir et essayer toutes les propri\u00e9t\u00e9s exceptionnelles de nos cosm\u00e9tiques naturels Roviti r\u00e9unies dans un seul coffret.<\/p>\n<h2 style=\"font-size: 105%;\">Discovery box cosm\u00e9tiques, un cadeau parfait<\/h2>\n<p align=\"justify\">Finalement, la &#8220;<i><strong>Discovey Box cosm\u00e9tiques &#8211; 6 produits<\/i><\/strong>&#8221; vous permettra d&#8217;appr\u00e9cier la qualit\u00e9 de nos formulations et de faire votre choix pour les packs individuels de 50 ml propos\u00e9s sur notre boutique en ligne. Tous les cosm\u00e9tiques Roviti sont 100% naturels, sans additifs de synth\u00e8se !<\/p>\n<p align=\"justify\">Le kit de soins tout-en-un parfait pour \u00e9claircir, raffermir et hydrater avec des r\u00e9sultats durables.<\/p>\n","protected":false},"featured_media":4771,"template":"","meta":{"_acf_changed":false},"product_cat":[],"product_tag":[102],"class_list":["post-4606","product","type-product","status-publish","has-post-thumbnail","hentry","product_tag-make-up-fr"],"acf":[],"yoast_head":"<!-- This site is optimized with the Yoast SEO plugin v22.8 - https:\/\/yoast.com\/wordpress\/plugins\/seo\/ -->\n<title>Discovery box cosm\u00e9tiques | Bo\u00eete avec 6 produits<\/title>\n<meta name=\"description\" content=\"Discovery box cosm\u00e9tiques bo\u00eete avec 6 produits. Une s\u00e9lection de 6 pots de 15 ml de nos cosm\u00e9tiques \u00e0 l\u2019huile de graines de figue de barbarie.\" \/>\n<meta name=\"robots\" content=\"index, follow, max-snippet:-1, max-image-preview:large, max-video-preview:-1\" \/>\n<link rel=\"canonical\" href=\"https:\/\/roviti.com\/fr\/produit\/discovery-box-cosmetiques\/\" \/>\n<meta property=\"og:locale\" content=\"fr_FR\" \/>\n<meta property=\"og:type\" content=\"article\" \/>\n<meta property=\"og:title\" content=\"Discovery box cosm\u00e9tiques | Bo\u00eete avec 6 produits\" \/>\n<meta property=\"og:description\" content=\"Discovery box cosm\u00e9tiques bo\u00eete avec 6 produits. Une s\u00e9lection de 6 pots de 15 ml de nos cosm\u00e9tiques \u00e0 l\u2019huile de graines de figue de barbarie.\" \/>\n<meta property=\"og:url\" content=\"https:\/\/roviti.com\/fr\/produit\/discovery-box-cosmetiques\/\" \/>\n<meta property=\"og:site_name\" content=\"Cosm\u00e9tiques naturels d&#039;excellence - Roviti\" \/>\n<meta property=\"article:modified_time\" content=\"2025-10-09T09:00:50+00:00\" \/>\n<meta property=\"og:image\" content=\"https:\/\/roviti.com\/wp-content\/uploads\/2021\/09\/cofanetto.png\" \/>\n\t<meta property=\"og:image:width\" content=\"800\" \/>\n\t<meta property=\"og:image:height\" content=\"1071\" \/>\n\t<meta property=\"og:image:type\" content=\"image\/png\" \/>\n<meta name=\"twitter:card\" content=\"summary_large_image\" \/>\n<meta name=\"twitter:label1\" content=\"Dur\u00e9e de lecture estim\u00e9e\" \/>\n\t<meta name=\"twitter:data1\" content=\"1 minute\" \/>\n<!-- \/ Yoast SEO plugin. -->","yoast_head_json":{"title":"Discovery box cosm\u00e9tiques | Bo\u00eete avec 6 produits","description":"Discovery box cosm\u00e9tiques bo\u00eete avec 6 produits. Une s\u00e9lection de 6 pots de 15 ml de nos cosm\u00e9tiques \u00e0 l\u2019huile de graines de figue de barbarie.","robots":{"index":"index","follow":"follow","max-snippet":"max-snippet:-1","max-image-preview":"max-image-preview:large","max-video-preview":"max-video-preview:-1"},"canonical":"https:\/\/roviti.com\/fr\/produit\/discovery-box-cosmetiques\/","og_locale":"fr_FR","og_type":"article","og_title":"Discovery box cosm\u00e9tiques | Bo\u00eete avec 6 produits","og_description":"Discovery box cosm\u00e9tiques bo\u00eete avec 6 produits. Une s\u00e9lection de 6 pots de 15 ml de nos cosm\u00e9tiques \u00e0 l\u2019huile de graines de figue de barbarie.","og_url":"https:\/\/roviti.com\/fr\/produit\/discovery-box-cosmetiques\/","og_site_name":"Cosm\u00e9tiques naturels d'excellence - Roviti","article_modified_time":"2025-10-09T09:00:50+00:00","og_image":[{"width":800,"height":1071,"url":"https:\/\/roviti.com\/wp-content\/uploads\/2021\/09\/cofanetto.png","type":"image\/png"}],"twitter_card":"summary_large_image","twitter_misc":{"Dur\u00e9e de lecture estim\u00e9e":"1 minute"},"schema":{"@context":"https:\/\/schema.org","@graph":[{"@type":"WebPage","@id":"https:\/\/roviti.com\/fr\/produit\/discovery-box-cosmetiques\/","url":"https:\/\/roviti.com\/fr\/produit\/discovery-box-cosmetiques\/","name":"Discovery box cosm\u00e9tiques | Bo\u00eete avec 6 produits","isPartOf":{"@id":"https:\/\/roviti.com\/#website"},"primaryImageOfPage":{"@id":"https:\/\/roviti.com\/fr\/produit\/discovery-box-cosmetiques\/#primaryimage"},"image":{"@id":"https:\/\/roviti.com\/fr\/produit\/discovery-box-cosmetiques\/#primaryimage"},"thumbnailUrl":"https:\/\/roviti.com\/wp-content\/uploads\/2021\/09\/cofanetto.png","datePublished":"2021-06-10T09:03:51+00:00","dateModified":"2025-10-09T09:00:50+00:00","description":"Discovery box cosm\u00e9tiques bo\u00eete avec 6 produits. Une s\u00e9lection de 6 pots de 15 ml de nos cosm\u00e9tiques \u00e0 l\u2019huile de graines de figue de barbarie.","breadcrumb":{"@id":"https:\/\/roviti.com\/fr\/produit\/discovery-box-cosmetiques\/#breadcrumb"},"inLanguage":"fr-FR","potentialAction":[{"@type":"ReadAction","target":["https:\/\/roviti.com\/fr\/produit\/discovery-box-cosmetiques\/"]}]},{"@type":"ImageObject","inLanguage":"fr-FR","@id":"https:\/\/roviti.com\/fr\/produit\/discovery-box-cosmetiques\/#primaryimage","url":"https:\/\/roviti.com\/wp-content\/uploads\/2021\/09\/cofanetto.png","contentUrl":"https:\/\/roviti.com\/wp-content\/uploads\/2021\/09\/cofanetto.png","width":800,"height":1071,"caption":"Discovery Box \u2013 Cofanetto con 6 Prodotti"},{"@type":"BreadcrumbList","@id":"https:\/\/roviti.com\/fr\/produit\/discovery-box-cosmetiques\/#breadcrumb","itemListElement":[{"@type":"ListItem","position":1,"name":"Home","item":"https:\/\/roviti.com\/fr\/"},{"@type":"ListItem","position":2,"name":"Shop","item":"https:\/\/roviti.com\/fr\/shop\/"},{"@type":"ListItem","position":3,"name":"DISCOVERY BOX COSM\u00c9TIQUES"}]},{"@type":"WebSite","@id":"https:\/\/roviti.com\/#website","url":"https:\/\/roviti.com\/","name":"Cosm\u00e9tiques naturels d'excellence - Roviti","description":"Olio di fico d&#039;India","potentialAction":[{"@type":"SearchAction","target":{"@type":"EntryPoint","urlTemplate":"https:\/\/roviti.com\/?s={search_term_string}"},"query-input":"required name=search_term_string"}],"inLanguage":"fr-FR"}]}},"_links":{"self":[{"href":"https:\/\/roviti.com\/fr\/wp-json\/wp\/v2\/product\/4606","targetHints":{"allow":["GET"]}}],"collection":[{"href":"https:\/\/roviti.com\/fr\/wp-json\/wp\/v2\/product"}],"about":[{"href":"https:\/\/roviti.com\/fr\/wp-json\/wp\/v2\/types\/product"}],"wp:featuredmedia":[{"embeddable":true,"href":"https:\/\/roviti.com\/fr\/wp-json\/wp\/v2\/media\/4771"}],"wp:attachment":[{"href":"https:\/\/roviti.com\/fr\/wp-json\/wp\/v2\/media?parent=4606"}],"wp:term":[{"taxonomy":"product_cat","embeddable":true,"href":"https:\/\/roviti.com\/fr\/wp-json\/wp\/v2\/product_cat?post=4606"},{"taxonomy":"product_tag","embeddable":true,"href":"https:\/\/roviti.com\/fr\/wp-json\/wp\/v2\/product_tag?post=4606"}],"curies":[{"name":"wp","href":"https:\/\/api.w.org\/{rel}","templated":true}]}}