{"id":9262,"date":"2025-01-27T17:59:28","date_gmt":"2025-01-27T16:59:28","guid":{"rendered":"https:\/\/roviti.com\/?page_id=9262"},"modified":"2025-10-11T23:11:56","modified_gmt":"2025-10-11T21:11:56","slug":"meilleure-huile-de-pepins-de-figue-de-barbarie","status":"publish","type":"page","link":"https:\/\/roviti.com\/fr\/meilleure-huile-de-pepins-de-figue-de-barbarie\/","title":{"rendered":"Meilleure huile de p\u00e9pins de figue de barbarie"},"content":{"rendered":"<p style=\"font-size: 125%;\">MEILLEURE HUILE DE P\u00c9PINS DE FIGUE DE BARBARIE<\/p>\n<p align=\"justify\">La meilleure huile de p\u00e9pins de figue de barbarie este produite en Italie. Presque toute l&#8217;huile de figue de barbarie vendue en Europe vient de les pays d&#8217;Afrique du Nord, surtout du Maroc et de Tunisie. L&#8217;huile produit dans ces pays pr\u00e9sente certains probl\u00e8mes :<br \/>\n1.- Les normes de fabrication europ\u00e9ennes ne sont pas toujours respect\u00e9es.<br \/>\n2.- Le produit peut \u00eatre frelat\u00e9.<br \/>\n3.- Mais le plus gros probl\u00e8me est que le cactus pousse sur un <strong><i>sol sableux extr\u00eamement pauvre<\/i><\/strong> en nutriments. La s\u00e9cheresse chronique affecte \u00e9galement le d\u00e9veloppement de la plante et de ses fruits.<br \/>\nLa meilleure huile de figue de barbarie doit se nommer Huile de p\u00e9pins de figue de barbarie ! Pour quoi ? Parce qu\u2019il existe une diff\u00e9rence majeure entre l\u2019huile extraite des fruits et l\u2019huile extraite des graines.<\/p>\n<p style=\"font-size: 123%; color: blue;\" align=\"center\"><em><a href=\"https:\/\/roviti.com\/fr\/produit\/huile-de-pepins-de-figue-de-barbarie\/\"><span style=\"color: blue;\">Boutique en ligne ROVITI: \u00a0\u00a0huile de p\u00e9pins de figue de barbarie <strong>15ml= 37 \u20ac \/ 30ml= 69 \u20ac<\/strong><br \/>\nPure, extra vierge, biologique et certifi\u00e9e<\/span><\/a><\/em><\/p>\n<h2>La meilleure huile de p\u00e9pins de figue de barbarie, biologique, 100% pure et certifi\u00e9e<\/h2>\n<p align=\"justify\">Des crit\u00e8res pr\u00e9cis sont n\u00e9cessaires pour faire le bon choix d\u2019huile de figue de barbarie. Il y a quatre caract\u00e9ristiques importantes \u00e0 conna\u00eetre:<br \/>\n&#8211; l&#8217;environnement favorable au d\u00e9veloppement des plantes.<br \/>\n&#8211; le respect des normes europ\u00e9ennes.<br \/>\n&#8211; la obtention de l&#8217;huile par pression \u00e0 froid des graines de la figue de barbarie.<br \/>\n&#8211; nous garantissons strictement que l&#8217;huile Roviti ne contient aucun additif synth\u00e9tique.<\/p>\n<p align=\"justify\">Tout cela recommande clairement la qualit\u00e9 exceptionnelle de cette huile naturelle aux caract\u00e9ristiques cosm\u00e9tiques particuli\u00e8res que vous pouvez acheter dans <a href=\"https:\/\/roviti.com\/fr\/shop\/\"><strong><i><span style=\"color: blue;\">la boutique en ligne Roviti<\/span><\/i><\/strong><\/a>.<\/p>\n<h2>Quelle est la Meilleure huile de p\u00e9pins de figue de barbarie en Europe<\/h2>\n<p align=\"justify\">L&#8217;huile de figue de barbarie produite en Italie, ROVITI, pr\u00e9sente des caract\u00e9ristiques bien sup\u00e9rieures. Elle est fabriqu\u00e9 dans le strict respect des normes europ\u00e9ennes <i><strong>sans aucun additif synth\u00e9tique<\/strong><\/i> par pression \u00e0 froid selon m\u00e9thodes traditionnelles. Le sol volcanique de Sicile est fertile et tr\u00e8s riche en min\u00e9raux et l&#8217;humidit\u00e9 ne manque pas totalement comme en Afrique du Nord.<\/p>\n<p align=\"justify\">La qualit\u00e9 des fruits et des graines de cactus est sup\u00e9rieure et c&#8217;est pourquoi l&#8217;huile italienne est beaucoup plus riche en vitamines et plus onctueuse. L&#8217;huile biologique de p\u00e9pins de figue de barbarie italienne Roviti est certifi\u00e9e: <a href=\"https:\/\/roviti.com\/fr\/certifications\/\"><i><strong>t\u00e9l\u00e9chargez le certificat d&#8217;origine.<\/strong><\/i><\/a> Sans aucun doute la meilleure marque d&#8217;huile de figue de Barbarie est <a href=\"https:\/\/roviti.com\/fr\/shop\/\">Roviti<\/a>.<\/p>\n<h2>Emballage et couleur de la meilleure huile de p\u00e9pins de figue de barbarie<\/h2>\n<p align=\"justify\">L&#8217;huile de p\u00e9pins de figue de Barbarie de haute qualit\u00e9 est vendue dans une bouteille en verre fonc\u00e9 pour prot\u00e9ger l&#8217;huile de la lumi\u00e8re et pr\u00e9server ses propri\u00e9t\u00e9s. La couleur d&#8217;huile de p\u00e9pins de figue de barbarie de bonne qualit\u00e9 est jaune, avec parfois quelques nuances verd\u00e2tres. Attention aux couleurs tendant vers le rouge ou le brun, risque d&#8217;huiles coup\u00e9es ou d\u00e9j\u00e0 oxyd\u00e9es.<\/p>\n<p align=\"justify\">Comment reconna\u00eetre une vraie huile de figue de barbarie ? L&#8217;odeur est agr\u00e9able, typique des huiles v\u00e9g\u00e9tales, semblable \u00e0 celle de l&#8217;huile d&#8217;olive mais avec des notes d&#8217;amande. La couleur est jaune, avec parfois quelques nuances verd\u00e2tres. Si la contenance du flacon d\u00e9passe 30 ml, m\u00e9fiez-vous ! <\/p>\n<h2>Les crit\u00e8res pour choisir la meilleure huile de p\u00e9pins de figue de barbarie<\/h2>\n<p align=\"justify\">Quels sont les crit\u00e8res pour choisir une huile de p\u00e9pins de figue de barbarie ? L&#8217;huile doit \u00eatre de premi\u00e8re pression \u00e0 froid. Une certification d&#8217;origine est un gage de qualit\u00e9. Le prix: c\u2019est un produit cosm\u00e9tique qui co\u00fbte cher. Si le prix est bon march\u00e9, vous devez certainement vous tromper. L&#8217;\u00e9tiquette doit contenir la date de pressage, l\u2019origine du produit, la date limite d\u2019utilisation et le num\u00e9ro de certification. Vous pouvez d\u2019ailleurs v\u00e9rifier cette information en vous rendant directement sur le site Ecocert. L&#8217;huile produite en Italie a une qualit\u00e9 nettement sup\u00e9rieure \u00e0 l&#8217;huile du Maghreb en raison du climat et du sol plus riche. Ce produit, \u00e9tant rare, m\u00e9fiez-vous des huiles qui ne co\u00fbtent pas cher, ainsi que des grosses contenances.<\/p>\n<h2>Propri\u00e9t\u00e9s cosm\u00e9tiques de la meilleure huile de p\u00e9pins de figue de barbarie Roviti<\/h2>\n<p align=\"justify\">L&#8217;huile de p\u00e9pins de figue de Barbarie poss\u00e8de des propri\u00e9t\u00e9s anti-inflammatoires, cicatrisantes et apaisantes. Elle s\u2019est m\u00eame r\u00e9v\u00e9l\u00e9e sup\u00e9rieure \u00e0 l\u2019huile d\u2019Argan, l\u2019huile la plus connue.<\/p>\n<p align=\"justify\">Outre les acides gras (notamment l&#8217;acide linol\u00e9nique), capables de lutter contre le vieillissement cutan\u00e9, l&#8217;huile de cactus est riche en vitamine E. Elle contient \u00e9galement une quantit\u00e9 importante de polyph\u00e9nols. Ce sont des antioxydants qui aident votre peau \u00e0 rester jeune.<\/p>\n<p align=\"justify\">Pour cette raison, il poss\u00e8de des propri\u00e9t\u00e9s r\u00e9g\u00e9n\u00e9rantes, restructurantes et fortifiantes, est capable de ralentir le vieillissement de la peau, r\u00e9duit les poches, les rides et autres signes du vieillissement et pr\u00e9vient la formation des rides, a une action antioxydante et protectrice contre les radicaux libres. De plus, il restaure l\u2019\u00e9lasticit\u00e9 d\u2019origine et l\u2019aspect velout\u00e9 de la peau rajeunie.<\/p>\n<p align=\"justify\">Propri\u00e9t\u00e9s cosm\u00e9tiques de <a href=\"https:\/\/fr.wikipedia.org\/wiki\/Huile_de_figue_de_Barbarie\">l&#8217;huile de figue de barbarie<\/a>: l&#8217;huile de graines de cactus est donc un puissant antioxydant et hydratant qui exerce une puissante action anti-\u00e2ge. L&#8217;huile de graines de cactus est absorb\u00e9e rapidement et p\u00e9n\u00e8tre tr\u00e8s facilement dans la peau.<\/p>\n<p align=\"justify\">Alors, \u00e0 la question ou acheter la meilleure huile de p\u00e9pins de figue de barbaruie, la r\u00e9ponse est : dans <a href=\"https:\/\/roviti.com\/fr\/shop\/\">la boutique online Roviti<\/a>, car vous trouverez ici une huile de la plus haute qualit\u00e9 avec une garantie absolue de puret\u00e9 et sans additifs de synth\u00e8se.<\/p>\n<h3>Le contenu de l&#8217;huile de p\u00e9pins de figue de barbarie de haute qualit\u00e9 Roviti<\/h3>\n<p align=\"justify\">De plus, l\u2019huile de p\u00e9pins de figue de barbarie Roviti est riche en acides gras pr\u00e9cieux comme les om\u00e9ga 6 et 3, la vitamine E et les phytost\u00e9rols.<\/p>\n<p align=\"justify\">On les trouve \u00e0 des valeurs beaucoup plus \u00e9lev\u00e9es que les autres types d\u2019huiles naturelles actuellement sur le march\u00e9. Par exemple, la teneur en vitamine E est 150 % sup\u00e9rieure \u00e0 celle de l\u2019huile d\u2019argan.<\/p>\n<p>Views: 230<\/p>","protected":false},"excerpt":{"rendered":"<p>MEILLEURE HUILE DE P\u00c9PINS DE FIGUE DE BARBARIE La meilleure huile de p\u00e9pins de figue [&hellip;]<\/p>\n","protected":false},"author":23,"featured_media":8880,"parent":0,"menu_order":0,"comment_status":"closed","ping_status":"closed","template":"","meta":{"_acf_changed":false,"footnotes":""},"class_list":["post-9262","page","type-page","status-publish","has-post-thumbnail","hentry"],"acf":[],"yoast_head":"<!-- This site is optimized with the Yoast SEO plugin v22.8 - https:\/\/yoast.com\/wordpress\/plugins\/seo\/ -->\n<title>Meilleure huile de p\u00e9pins de figue de barbarie<\/title>\n<meta name=\"description\" content=\"Meilleure huile de p\u00e9pins de figue de barbarie en Europe, Roviti, pr\u00e9sente des caract\u00e9ristiques bien sup\u00e9rieures a l&#039;huile d&#039;argan.\" \/>\n<meta name=\"robots\" content=\"index, follow, max-snippet:-1, max-image-preview:large, max-video-preview:-1\" \/>\n<link rel=\"canonical\" href=\"https:\/\/roviti.com\/fr\/meilleure-huile-de-pepins-de-figue-de-barbarie\/\" \/>\n<meta property=\"og:locale\" content=\"fr_FR\" \/>\n<meta property=\"og:type\" content=\"article\" \/>\n<meta property=\"og:title\" content=\"Meilleure huile de p\u00e9pins de figue de barbarie\" \/>\n<meta property=\"og:description\" content=\"Meilleure huile de p\u00e9pins de figue de barbarie en Europe, Roviti, pr\u00e9sente des caract\u00e9ristiques bien sup\u00e9rieures a l&#039;huile d&#039;argan.\" \/>\n<meta property=\"og:url\" content=\"https:\/\/roviti.com\/fr\/meilleure-huile-de-pepins-de-figue-de-barbarie\/\" \/>\n<meta property=\"og:site_name\" content=\"Cosm\u00e9tiques naturels d&#039;excellence - Roviti\" \/>\n<meta property=\"article:modified_time\" content=\"2025-10-11T21:11:56+00:00\" \/>\n<meta property=\"og:image\" content=\"https:\/\/roviti.com\/wp-content\/uploads\/2024\/12\/figue-de-barbarie.jpg\" \/>\n\t<meta property=\"og:image:width\" content=\"1300\" \/>\n\t<meta property=\"og:image:height\" content=\"622\" \/>\n\t<meta property=\"og:image:type\" content=\"image\/jpeg\" \/>\n<meta name=\"twitter:card\" content=\"summary_large_image\" \/>\n<meta name=\"twitter:label1\" content=\"Dur\u00e9e de lecture estim\u00e9e\" \/>\n\t<meta name=\"twitter:data1\" content=\"5 minutes\" \/>\n<!-- \/ Yoast SEO plugin. -->","yoast_head_json":{"title":"Meilleure huile de p\u00e9pins de figue de barbarie","description":"Meilleure huile de p\u00e9pins de figue de barbarie en Europe, Roviti, pr\u00e9sente des caract\u00e9ristiques bien sup\u00e9rieures a l'huile d'argan.","robots":{"index":"index","follow":"follow","max-snippet":"max-snippet:-1","max-image-preview":"max-image-preview:large","max-video-preview":"max-video-preview:-1"},"canonical":"https:\/\/roviti.com\/fr\/meilleure-huile-de-pepins-de-figue-de-barbarie\/","og_locale":"fr_FR","og_type":"article","og_title":"Meilleure huile de p\u00e9pins de figue de barbarie","og_description":"Meilleure huile de p\u00e9pins de figue de barbarie en Europe, Roviti, pr\u00e9sente des caract\u00e9ristiques bien sup\u00e9rieures a l'huile d'argan.","og_url":"https:\/\/roviti.com\/fr\/meilleure-huile-de-pepins-de-figue-de-barbarie\/","og_site_name":"Cosm\u00e9tiques naturels d'excellence - Roviti","article_modified_time":"2025-10-11T21:11:56+00:00","og_image":[{"width":1300,"height":622,"url":"https:\/\/roviti.com\/wp-content\/uploads\/2024\/12\/figue-de-barbarie.jpg","type":"image\/jpeg"}],"twitter_card":"summary_large_image","twitter_misc":{"Dur\u00e9e de lecture estim\u00e9e":"5 minutes"},"schema":{"@context":"https:\/\/schema.org","@graph":[{"@type":"WebPage","@id":"https:\/\/roviti.com\/fr\/meilleure-huile-de-pepins-de-figue-de-barbarie\/","url":"https:\/\/roviti.com\/fr\/meilleure-huile-de-pepins-de-figue-de-barbarie\/","name":"Meilleure huile de p\u00e9pins de figue de barbarie","isPartOf":{"@id":"https:\/\/roviti.com\/#website"},"primaryImageOfPage":{"@id":"https:\/\/roviti.com\/fr\/meilleure-huile-de-pepins-de-figue-de-barbarie\/#primaryimage"},"image":{"@id":"https:\/\/roviti.com\/fr\/meilleure-huile-de-pepins-de-figue-de-barbarie\/#primaryimage"},"thumbnailUrl":"https:\/\/roviti.com\/wp-content\/uploads\/2024\/12\/figue-de-barbarie.jpg","datePublished":"2025-01-27T16:59:28+00:00","dateModified":"2025-10-11T21:11:56+00:00","description":"Meilleure huile de p\u00e9pins de figue de barbarie en Europe, Roviti, pr\u00e9sente des caract\u00e9ristiques bien sup\u00e9rieures a l'huile d'argan.","breadcrumb":{"@id":"https:\/\/roviti.com\/fr\/meilleure-huile-de-pepins-de-figue-de-barbarie\/#breadcrumb"},"inLanguage":"fr-FR","potentialAction":[{"@type":"ReadAction","target":["https:\/\/roviti.com\/fr\/meilleure-huile-de-pepins-de-figue-de-barbarie\/"]}]},{"@type":"ImageObject","inLanguage":"fr-FR","@id":"https:\/\/roviti.com\/fr\/meilleure-huile-de-pepins-de-figue-de-barbarie\/#primaryimage","url":"https:\/\/roviti.com\/wp-content\/uploads\/2024\/12\/figue-de-barbarie.jpg","contentUrl":"https:\/\/roviti.com\/wp-content\/uploads\/2024\/12\/figue-de-barbarie.jpg","width":1300,"height":622,"caption":"O\u00f9 acheter huile de pepin de figue de barbarie"},{"@type":"BreadcrumbList","@id":"https:\/\/roviti.com\/fr\/meilleure-huile-de-pepins-de-figue-de-barbarie\/#breadcrumb","itemListElement":[{"@type":"ListItem","position":1,"name":"Home","item":"https:\/\/roviti.com\/fr\/"},{"@type":"ListItem","position":2,"name":"Meilleure huile de p\u00e9pins de figue de barbarie"}]},{"@type":"WebSite","@id":"https:\/\/roviti.com\/#website","url":"https:\/\/roviti.com\/","name":"Cosm\u00e9tiques naturels d'excellence - Roviti","description":"Olio di fico d&#039;India","potentialAction":[{"@type":"SearchAction","target":{"@type":"EntryPoint","urlTemplate":"https:\/\/roviti.com\/?s={search_term_string}"},"query-input":"required name=search_term_string"}],"inLanguage":"fr-FR"}]}},"_links":{"self":[{"href":"https:\/\/roviti.com\/fr\/wp-json\/wp\/v2\/pages\/9262","targetHints":{"allow":["GET"]}}],"collection":[{"href":"https:\/\/roviti.com\/fr\/wp-json\/wp\/v2\/pages"}],"about":[{"href":"https:\/\/roviti.com\/fr\/wp-json\/wp\/v2\/types\/page"}],"author":[{"embeddable":true,"href":"https:\/\/roviti.com\/fr\/wp-json\/wp\/v2\/users\/23"}],"replies":[{"embeddable":true,"href":"https:\/\/roviti.com\/fr\/wp-json\/wp\/v2\/comments?post=9262"}],"version-history":[{"count":22,"href":"https:\/\/roviti.com\/fr\/wp-json\/wp\/v2\/pages\/9262\/revisions"}],"predecessor-version":[{"id":9573,"href":"https:\/\/roviti.com\/fr\/wp-json\/wp\/v2\/pages\/9262\/revisions\/9573"}],"wp:featuredmedia":[{"embeddable":true,"href":"https:\/\/roviti.com\/fr\/wp-json\/wp\/v2\/media\/8880"}],"wp:attachment":[{"href":"https:\/\/roviti.com\/fr\/wp-json\/wp\/v2\/media?parent=9262"}],"curies":[{"name":"wp","href":"https:\/\/api.w.org\/{rel}","templated":true}]}}