{"id":9260,"date":"2025-01-27T17:56:18","date_gmt":"2025-01-27T16:56:18","guid":{"rendered":"https:\/\/roviti.com\/?page_id=9260"},"modified":"2026-03-29T14:08:16","modified_gmt":"2026-03-29T12:08:16","slug":"ou-acheter-huile-de-pepin-de-figue-de-barbarie","status":"publish","type":"page","link":"https:\/\/roviti.com\/fr\/ou-acheter-huile-de-pepin-de-figue-de-barbarie\/","title":{"rendered":"O\u00f9 acheter huile de p\u00e9pin de figue de barbarie"},"content":{"rendered":"<p style=\"font-size:170%\"; align=\"center\">O\u00f9 acheter huile de p\u00e9pin de figue de barbarie<\/p>\n<p align=\"justify\">Pourquoi recommandons-nous l\u2019huile de figue de barbarie <strong><i>Roviti<\/i><\/strong> comme la meilleure ? O\u00f9 acheter huile de p\u00e9pin de figue de barbarie ? La r\u00e9ponse \u00e0 ces deux questions est tr\u00e8s simple : elle est produit \u00e0 partir de graines de cactus qui poussent en Sicile sur <strong>un sol volcanique extr\u00eamement riche<\/strong>en nutriments de la plus haute qualit\u00e9.<\/p>\n<p style=\"font-size: 123%; color: blue;\" align=\"center\"><em><a href=\"https:\/\/roviti.com\/fr\/produit\/huile-de-pepins-de-figue-de-barbarie\/\"><span style=\"color: blue;\">Boutique en ligne ROVITI:<\/span><\/em><\/a> \u00a0<a href=\"https:\/\/roviti.com\/fr\/produit\/huile-de-pepins-de-figue-de-barbarie\/\"><span style=\"color: blue;\">\u00a0huile de p\u00e9pins de figue de barbarie <strong>15ml= 37 \u20ac   \/   30ml= 69 \u20ac<\/strong><\/span><\/a><br \/><a href=\"https:\/\/roviti.com\/fr\/produit\/huile-de-pepins-de-figue-de-barbarie\/\"><span style=\"color: blue;\"> Pure, extra vierge, biologique et certifi\u00e9e<\/span><\/a><\/p>\n<p align=\"justify\">L&#8217;huile produite au Maroc ou en Tunisie est de <strong><i>moindre qualit\u00e9<\/i><\/strong> car la plante pousse sur un <strong><i>sol d\u00e9sertique sans nutriments<\/i><\/strong>. La s\u00e9cheresse intense emp\u00eache \u00e9galement un d\u00e9veloppement plus vigoureux de la figue de barbarie. Les caract\u00e9ristiques du climat en Italie sont beaucoup plus favorables pour le d\u00e9veloppement des plantes de figue de barbarie. L&#8217;humidit\u00e9 est nettement plus \u00e9lev\u00e9 pr\u00e8s du volcan Etna que dans la zone d\u00e9sertique d\u2019Afrique du Nord. Par cons\u00e9quent, les qualit\u00e9s cosm\u00e9tiques de <strong><i>l&#8217;huile italienne sont bien sup\u00e9rieures<\/i><\/strong> \u00e0 l\u2019huile produite en Afrique du Nord.<\/p>\n<p align=\"justify\">La diff\u00e9rence majeure entre l&#8217;huile de p\u00e9pins de figue de barbarie et l&#8217;huile de figue de barbarie repose sur leur origine et leur m\u00e9thode d&#8217;extraction, deux \u00e9l\u00e9ments qui influencent directement leurs bienfaits, leur concentration en nutriments et leur utilisation.<\/p>\n<p><!--\n\n\n<h2>Comment savoir o\u00f9 acheter huile de p\u00e9pin de figue de barbarie biologique et 100% pure<\/h2>\n\n\n--><\/p>\n<h2>O\u00f9 acheter huile de p\u00e9pin de figue de barbarie 100% pure et biologique<\/h2>\n<p align=\"justify\">Il y a quatre caract\u00e9ristiques de l&#8217;huile de figue barbarie Roviti:<br \/>\n&#8211; L&#8217;environnement tr\u00e8s favorable au d\u00e9veloppement des plantes.<br \/>\n&#8211; Le respect des normes de fabrication europ\u00e9ennes: produit cosm\u00e9tique certifi\u00e9.<br \/>\n&#8211; La obtention de l&#8217;huile d\u00e8s la premi\u00e8re pression \u00e0 froid.<br \/>\n&#8211; Nous garantissons strictement que l&#8217;huile Roviti ne contient aucun additif synth\u00e9tique.<\/p>\n<p align=\"justify\">Tout cela recommande clairement la qualit\u00e9 exceptionnelle de cette huile naturelle aux caract\u00e9ristiques cosm\u00e9tiques particuli\u00e8res que vous pouvez acheter dans <a href=\"https:\/\/roviti.com\/fr\/shop\/\"><strong><i><span style=\"color: blue;\">la boutique en ligne Roviti<\/span><\/i><\/strong><\/a>.<\/p>\n<p><!--\n\n\n<h2>Pourquoi il est important savoir o\u00f9 acheter huile de p\u00e9pin de figue de barbarie certifi\u00e9e<\/h2>\n\n\n--><\/p>\n<h2>O\u00f9 acheter huile de p\u00e9pin de figue de barbarie certifi\u00e9e<\/h2>\n<p align=\"justify\">Il ne faut pas faire confiance \u00e0 un produit cosm\u00e9tique qui n\u2019a pas de certification. Les produits cosm\u00e9tiques fabriqu\u00e9s en Europe sont g\u00e9n\u00e9ralement beaucoup plus s\u00fbrs que dans d\u2019autres r\u00e9gions du monde. C&#8217;est la premi\u00e8re chose que vous devez v\u00e9rifier.<\/p>\n<p><a href=\"https:\/\/roviti.com\/fr\/certifications\/\"><i><strong>T\u00e9l\u00e9chargez le certificat d&#8217;origine.<\/strong><\/i>de l&#8217;huile de p\u00e9pins de figue de barbarie ROVITI.<\/a><\/p>\n<h2>O\u00f9 acheter huile de p\u00e9pin de figue de barbarie de haute qualit\u00e9 ?<\/h2>\n<p align=\"justify\">\u00c9videmment, il est plus pratique de comparer les prix et la qualit\u00e9 des <strong><i>produits cosm\u00e9tiques en ligne<\/i><\/strong>. Nous consid\u00e9rons que l&#8217;huile de p\u00e9pins de figue de barbarie que vous pouvez acheter aupr\u00e8s des compagnies: &#8220;Les jardins d&#8217;Aissa&#8221; et &#8220;Nicole Louise&#8221; est aussi de bonne qualit\u00e9.<\/p>\n<h2>Conclusion pour la question de savoir o\u00f9 acheter houile de p\u00e9pin de figue de barbarie<\/h2>\n<p style=\"text-align: justify;\">Il est bien clair qu\u2019il ne faut pas faire confiance \u00e0 des produits aux prix &#8220;trop attractifs&#8221;. Les produits cosm\u00e9tiques fabriqu\u00e9s en Europe pr\u00e9sentent le risque le plus faible car la r\u00e9glementation est tr\u00e8s stricte.<\/p>\n<p style=\"text-align: justify;\">De ce qui pr\u00e9c\u00e8de, nous savons que dans le sud de l&#8217;Italie, il existe un climat particulier et un sol volcanique extr\u00eamement favorables \u00e0 la <a href=\"https:\/\/fr.wikipedia.org\/wiki\/Figue_de_Barbarie\">figue de Barbarie<\/a>. L&#8217;huile produite par Roti, que vous pouvez <i><strong>acheter en ligne<\/strong><\/i>, est vierge, 100% pure, produite par pression \u00e0 froid et poss\u00e8de un certificat d&#8217;origine.<\/p>\n<h3>Quel pays produit l&#8217;huile de p\u00e9pin de figue de barbarie ?<\/h3>\n<p align=\"justify\">Aujourd&#8217;hui, la meilleur huile biologique este produit en Italie. C&#8217;est un produit cosm\u00e9tique anti-\u00e2ge qui est consid\u00e9r\u00e9 comme le fer de lance de la nouvelle cosm\u00e9tique italiene. La Tunisie et le Maroc occupent la deuxi\u00e8me place.<\/p>\n<p align=\"justify\">Il n\u2019y a pas une garantie absolue que ces deux producteurs respectent toujours les r\u00e8gles europ\u00e9ennes, bien plus strictes. Aussi, les conditions naturelles (sol et humidit\u00e9) sont \u00e9videmment moins favorables qu&#8217;en Italie pour le d\u00e9veloppement des fruits et graines de cactus.<\/p>\n<h3 style=\"font-size: 100%;\" align=\"left\">Propri\u00e9t\u00e9s de l\u00b4huile pure de figue de barbarie<\/h3>\n<p style=\"text-align: justify;\">L&#8217;huile de cactus a des propri\u00e9t\u00e9s anti-inflammatoires, cicatrisantes et apaisantes. Elle s&#8217;est av\u00e9r\u00e9e m\u00eame sup\u00e9rieure \u00e0 l&#8217;huile d&#8217;argan, l&#8217;huile la plus connue.<\/p>\n<p style=\"text-align: justify;\">En plus des acides gras (notamment l&#8217;acide linol\u00e9nique), capables de lutter contre le vieillissement cutan\u00e9, l&#8217;huile de cactus est riche en vitamine E. Elle contient \u00e9galement une quantit\u00e9 importante de polyph\u00e9nols. Ce sont des antioxydants qui aident votre peau \u00e0 rester jeune.<\/p>\n<p style=\"text-align: justify;\">Pour cette raison, elle a des propri\u00e9t\u00e9s r\u00e9g\u00e9n\u00e9rantes, restructurantes, renfor\u00e7antes. Elle est capable de ralentir le vieillissement de la peau, de r\u00e9duire les poches et autres signes du vieillissement. Et aussi, de pr\u00e9venir la formation des rides.<\/p>\n<p style=\"text-align: justify;\">L\u00b4huile de figue de barbarie a une action antioxydante et protectrice contre les radicaux libres. Finalement, elle restaure \u00e9galement l&#8217;\u00e9lasticit\u00e9 d&#8217;origine et l&#8217;aspect velout\u00e9 d&#8217;une peau rajeunie.<\/p>\n<h4>Le contenu de l&#8217;huile de figue de barbarie<\/h4>\n<p style=\"text-align: justify;\">De plus, l&#8217;huile de graines de cactus est riche en acides gras pr\u00e9cieux tels que les om\u00e9ga 6 et 3, la vitamine E, les phytost\u00e9rols et des carot\u00e9no\u00efdes. On les trouve dans des valeurs beaucoup plus \u00e9lev\u00e9es que les autres types d&#8217;huiles naturelles actuellement sur le march\u00e9.<\/p>\n<p style=\"text-align: justify;\">Par exemple, la teneur en vitamine E est 150% sup\u00e9rieure \u00e0 celle de l&#8217;huile d&#8217;argan. La vitamine E contenue dans l\u2019huile de p\u00e9pins de figue de barbarie est b\u00e9n\u00e9fique pour les personnes souffrant de certains troubles cutan\u00e9s, tels que l\u2019ecz\u00e9ma. Elle prot\u00e8ge \u00e9galement la peau du stress oxydatif.<\/p>\n<h4>Comment utiliser l&#8217;huile de figue de barbarie pour le visage ?<\/h4>\n<p style=\"text-align: justify;\">Utilisez l&#8217;huile de figue de barbarie, en appliquant 2 \u00e0 3 gouttes sur une peau propre. Massez doucement, en insistant sur les zones avec rides ou rel\u00e2chement cutan\u00e9 pour bien faire p\u00e9n\u00e9trer.<\/p>\n<p>Views: 109<\/p>","protected":false},"excerpt":{"rendered":"<p>O\u00f9 acheter huile de p\u00e9pin de figue de barbarie Pourquoi recommandons-nous l\u2019huile de figue de [&hellip;]<\/p>\n","protected":false},"author":23,"featured_media":8880,"parent":0,"menu_order":0,"comment_status":"closed","ping_status":"closed","template":"","meta":{"_acf_changed":false,"footnotes":""},"class_list":["post-9260","page","type-page","status-publish","has-post-thumbnail","hentry"],"acf":[],"yoast_head":"<!-- This site is optimized with the Yoast SEO plugin v22.8 - https:\/\/yoast.com\/wordpress\/plugins\/seo\/ -->\n<title>O\u00f9 acheter huile de p\u00e9pin de figue de barbarie<\/title>\n<meta name=\"description\" content=\"O\u00f9 acheter huile de p\u00e9pin de figue de barbarie. La boutique en ligne Roviti offre la r\u00e9ponse avec ses produits de haute qualit\u00e9.\" \/>\n<meta name=\"robots\" content=\"index, follow, max-snippet:-1, max-image-preview:large, max-video-preview:-1\" \/>\n<link rel=\"canonical\" href=\"https:\/\/roviti.com\/fr\/ou-acheter-huile-de-pepin-de-figue-de-barbarie\/\" \/>\n<meta property=\"og:locale\" content=\"fr_FR\" \/>\n<meta property=\"og:type\" content=\"article\" \/>\n<meta property=\"og:title\" content=\"O\u00f9 acheter huile de p\u00e9pin de figue de barbarie\" \/>\n<meta property=\"og:description\" content=\"O\u00f9 acheter huile de p\u00e9pin de figue de barbarie. La boutique en ligne Roviti offre la r\u00e9ponse avec ses produits de haute qualit\u00e9.\" \/>\n<meta property=\"og:url\" content=\"https:\/\/roviti.com\/fr\/ou-acheter-huile-de-pepin-de-figue-de-barbarie\/\" \/>\n<meta property=\"og:site_name\" content=\"Cosm\u00e9tiques naturels d&#039;excellence - Roviti\" \/>\n<meta property=\"article:modified_time\" content=\"2026-03-29T12:08:16+00:00\" \/>\n<meta property=\"og:image\" content=\"https:\/\/roviti.com\/wp-content\/uploads\/2024\/12\/figue-de-barbarie.jpg\" \/>\n\t<meta property=\"og:image:width\" content=\"1300\" \/>\n\t<meta property=\"og:image:height\" content=\"622\" \/>\n\t<meta property=\"og:image:type\" content=\"image\/jpeg\" \/>\n<meta name=\"twitter:card\" content=\"summary_large_image\" \/>\n<meta name=\"twitter:label1\" content=\"Dur\u00e9e de lecture estim\u00e9e\" \/>\n\t<meta name=\"twitter:data1\" content=\"5 minutes\" \/>\n<!-- \/ Yoast SEO plugin. -->","yoast_head_json":{"title":"O\u00f9 acheter huile de p\u00e9pin de figue de barbarie","description":"O\u00f9 acheter huile de p\u00e9pin de figue de barbarie. La boutique en ligne Roviti offre la r\u00e9ponse avec ses produits de haute qualit\u00e9.","robots":{"index":"index","follow":"follow","max-snippet":"max-snippet:-1","max-image-preview":"max-image-preview:large","max-video-preview":"max-video-preview:-1"},"canonical":"https:\/\/roviti.com\/fr\/ou-acheter-huile-de-pepin-de-figue-de-barbarie\/","og_locale":"fr_FR","og_type":"article","og_title":"O\u00f9 acheter huile de p\u00e9pin de figue de barbarie","og_description":"O\u00f9 acheter huile de p\u00e9pin de figue de barbarie. La boutique en ligne Roviti offre la r\u00e9ponse avec ses produits de haute qualit\u00e9.","og_url":"https:\/\/roviti.com\/fr\/ou-acheter-huile-de-pepin-de-figue-de-barbarie\/","og_site_name":"Cosm\u00e9tiques naturels d'excellence - Roviti","article_modified_time":"2026-03-29T12:08:16+00:00","og_image":[{"width":1300,"height":622,"url":"https:\/\/roviti.com\/wp-content\/uploads\/2024\/12\/figue-de-barbarie.jpg","type":"image\/jpeg"}],"twitter_card":"summary_large_image","twitter_misc":{"Dur\u00e9e de lecture estim\u00e9e":"5 minutes"},"schema":{"@context":"https:\/\/schema.org","@graph":[{"@type":"WebPage","@id":"https:\/\/roviti.com\/fr\/ou-acheter-huile-de-pepin-de-figue-de-barbarie\/","url":"https:\/\/roviti.com\/fr\/ou-acheter-huile-de-pepin-de-figue-de-barbarie\/","name":"O\u00f9 acheter huile de p\u00e9pin de figue de barbarie","isPartOf":{"@id":"https:\/\/roviti.com\/#website"},"primaryImageOfPage":{"@id":"https:\/\/roviti.com\/fr\/ou-acheter-huile-de-pepin-de-figue-de-barbarie\/#primaryimage"},"image":{"@id":"https:\/\/roviti.com\/fr\/ou-acheter-huile-de-pepin-de-figue-de-barbarie\/#primaryimage"},"thumbnailUrl":"https:\/\/roviti.com\/wp-content\/uploads\/2024\/12\/figue-de-barbarie.jpg","datePublished":"2025-01-27T16:56:18+00:00","dateModified":"2026-03-29T12:08:16+00:00","description":"O\u00f9 acheter huile de p\u00e9pin de figue de barbarie. La boutique en ligne Roviti offre la r\u00e9ponse avec ses produits de haute qualit\u00e9.","breadcrumb":{"@id":"https:\/\/roviti.com\/fr\/ou-acheter-huile-de-pepin-de-figue-de-barbarie\/#breadcrumb"},"inLanguage":"fr-FR","potentialAction":[{"@type":"ReadAction","target":["https:\/\/roviti.com\/fr\/ou-acheter-huile-de-pepin-de-figue-de-barbarie\/"]}]},{"@type":"ImageObject","inLanguage":"fr-FR","@id":"https:\/\/roviti.com\/fr\/ou-acheter-huile-de-pepin-de-figue-de-barbarie\/#primaryimage","url":"https:\/\/roviti.com\/wp-content\/uploads\/2024\/12\/figue-de-barbarie.jpg","contentUrl":"https:\/\/roviti.com\/wp-content\/uploads\/2024\/12\/figue-de-barbarie.jpg","width":1300,"height":622,"caption":"O\u00f9 acheter huile de pepin de figue de barbarie"},{"@type":"BreadcrumbList","@id":"https:\/\/roviti.com\/fr\/ou-acheter-huile-de-pepin-de-figue-de-barbarie\/#breadcrumb","itemListElement":[{"@type":"ListItem","position":1,"name":"Home","item":"https:\/\/roviti.com\/fr\/"},{"@type":"ListItem","position":2,"name":"O\u00f9 acheter huile de p\u00e9pin de figue de barbarie"}]},{"@type":"WebSite","@id":"https:\/\/roviti.com\/#website","url":"https:\/\/roviti.com\/","name":"Cosm\u00e9tiques naturels d'excellence - Roviti","description":"Olio di fico d&#039;India","potentialAction":[{"@type":"SearchAction","target":{"@type":"EntryPoint","urlTemplate":"https:\/\/roviti.com\/?s={search_term_string}"},"query-input":"required name=search_term_string"}],"inLanguage":"fr-FR"}]}},"_links":{"self":[{"href":"https:\/\/roviti.com\/fr\/wp-json\/wp\/v2\/pages\/9260","targetHints":{"allow":["GET"]}}],"collection":[{"href":"https:\/\/roviti.com\/fr\/wp-json\/wp\/v2\/pages"}],"about":[{"href":"https:\/\/roviti.com\/fr\/wp-json\/wp\/v2\/types\/page"}],"author":[{"embeddable":true,"href":"https:\/\/roviti.com\/fr\/wp-json\/wp\/v2\/users\/23"}],"replies":[{"embeddable":true,"href":"https:\/\/roviti.com\/fr\/wp-json\/wp\/v2\/comments?post=9260"}],"version-history":[{"count":32,"href":"https:\/\/roviti.com\/fr\/wp-json\/wp\/v2\/pages\/9260\/revisions"}],"predecessor-version":[{"id":9716,"href":"https:\/\/roviti.com\/fr\/wp-json\/wp\/v2\/pages\/9260\/revisions\/9716"}],"wp:featuredmedia":[{"embeddable":true,"href":"https:\/\/roviti.com\/fr\/wp-json\/wp\/v2\/media\/8880"}],"wp:attachment":[{"href":"https:\/\/roviti.com\/fr\/wp-json\/wp\/v2\/media?parent=9260"}],"curies":[{"name":"wp","href":"https:\/\/api.w.org\/{rel}","templated":true}]}}