{"id":6066,"date":"2022-04-19T16:16:26","date_gmt":"2022-04-19T14:16:26","guid":{"rendered":"https:\/\/roviti.com\/testimonianze\/"},"modified":"2023-08-13T15:33:16","modified_gmt":"2023-08-13T13:33:16","slug":"temoignages","status":"publish","type":"page","link":"https:\/\/roviti.com\/fr\/temoignages\/","title":{"rendered":"T\u00e9moignages Roviti"},"content":{"rendered":"<section class=\"wpb-content-wrapper\"><p>[vc_row][vc_column]<div class=\"mkdf-testimonials-holder clearfix mkdf-testimonials-standard \">\n\t<div class=\"mkdf-testimonials mkdf-owl-slider\" data-enable-loop=\"yes\" data-enable-autoplay=\"yes\" data-slider-speed=\"5000\" data-slider-speed-animation=\"600\" data-enable-navigation=\"yes\" data-enable-pagination=\"yes\">\n\t\t\n\t\t\t\t\t\t\n\t\t\t\t<div class=\"mkdf-testimonial-content\" id=\"mkdf-testimonials-4593\">\n\t\t\t\t\t<div class=\"mkdf-testimonial-text-holder\">\n\t\t\t\t\t\t\t\t\t\t\t\t\t<p itemprop=\"name\"\n\t\t\t\t\t\t\t    class=\"mkdf-testimonial-tagline entry-title\">vos commentaires<\/p>\n\t\t\t\t\t\t\t\t\t\t\t\t\t\t\t\t\t\t\t<h2 itemprop=\"name\"\n\t\t\t\t\t\t\t    class=\"mkdf-testimonial-title entry-title\">t\u00e9moignages<\/h2>\n\t\t\t\t\t\t\t\t\t\t\t\t\t\t\t\t\t\t\t<p class=\"mkdf-testimonial-text\">La cr\u00e8me pour le corps laisse la peau douce et lisse. La texture est douce et s&#039;absorbe rapidement. Senteur l\u00e9g\u00e8re et agr\u00e9able qui s&#039;adapte parfaitement \u00e0 tous les parfums<\/p>\n\t\t\t\t\t\t\t\t\t\t\t\t\t\t\t\t\t\t\t<h4 class=\"mkdf-testimonial-author\">\n\t\t\t\t\t\t\t\t<span class=\"mkdf-testimonials-author-name\">Angela<\/span>\n\t\t\t\t\t\t\t\t\t\t\t\t\t\t\t<\/h4>\n\t\t\t\t\t\t\t\t\t\t\t<\/div>\n\t\t\t\t\t\t\t\t\t<\/div>\n\t\t\t\n\t\t\t\t\t\t\t\n\t\t\t\t<div class=\"mkdf-testimonial-content\" id=\"mkdf-testimonials-4595\">\n\t\t\t\t\t<div class=\"mkdf-testimonial-text-holder\">\n\t\t\t\t\t\t\t\t\t\t\t\t\t<p itemprop=\"name\"\n\t\t\t\t\t\t\t    class=\"mkdf-testimonial-tagline entry-title\">vos commentaires<\/p>\n\t\t\t\t\t\t\t\t\t\t\t\t\t\t\t\t\t\t\t<h2 itemprop=\"name\"\n\t\t\t\t\t\t\t    class=\"mkdf-testimonial-title entry-title\">t\u00e9moignages<\/h2>\n\t\t\t\t\t\t\t\t\t\t\t\t\t\t\t\t\t\t\t<p class=\"mkdf-testimonial-text\">L&#039;huile pure de graines de figue de barbarie a une consistance l\u00e9g\u00e8re et un parfum doux et agr\u00e9able. Il est absorb\u00e9 rapidement et quelques gouttes suffisent pour obtenir un effet hydratant exceptionnel. Je l&#039;utilise le soir, pure ou m\u00e9lang\u00e9e \u00e0 la cr\u00e8me de nuit. Une v\u00e9ritable panac\u00e9e pour les cheveux et le contour des yeux.<\/p>\n\t\t\t\t\t\t\t\t\t\t\t\t\t\t\t\t\t\t\t<h4 class=\"mkdf-testimonial-author\">\n\t\t\t\t\t\t\t\t<span class=\"mkdf-testimonials-author-name\">Patrizia<\/span>\n\t\t\t\t\t\t\t\t\t\t\t\t\t\t\t<\/h4>\n\t\t\t\t\t\t\t\t\t\t\t<\/div>\n\t\t\t\t\t\t\t\t\t<\/div>\n\t\t\t\n\t\t\t\t\t\t\t\n\t\t\t\t<div class=\"mkdf-testimonial-content\" id=\"mkdf-testimonials-4597\">\n\t\t\t\t\t<div class=\"mkdf-testimonial-text-holder\">\n\t\t\t\t\t\t\t\t\t\t\t\t\t<p itemprop=\"name\"\n\t\t\t\t\t\t\t    class=\"mkdf-testimonial-tagline entry-title\">vos commentaires<\/p>\n\t\t\t\t\t\t\t\t\t\t\t\t\t\t\t\t\t\t\t<h2 itemprop=\"name\"\n\t\t\t\t\t\t\t    class=\"mkdf-testimonial-title entry-title\">t\u00e9moignages<\/h2>\n\t\t\t\t\t\t\t\t\t\t\t\t\t\t\t\t\t\t\t<p class=\"mkdf-testimonial-text\">Cr\u00e8me de jour anti-\u00e2ge, je l&#039;ai utilis\u00e9e aussi bien le jour que le soir. Sa texture est douce et tr\u00e8s agr\u00e9able \u00e0 appliquer. La peau est visiblement plus souple, plus \u00e9clatante et revitalis\u00e9e. C&#039;est aussi une v\u00e9ritable panac\u00e9e pour les rides, sur lesquelles il a un effet lissant tr\u00e8s marqu\u00e9. C&#039;est un v\u00e9ritable arsenal &quot;anti-temps&quot;.<\/p>\n\t\t\t\t\t\t\t\t\t\t\t\t\t\t\t\t\t\t\t<h4 class=\"mkdf-testimonial-author\">\n\t\t\t\t\t\t\t\t<span class=\"mkdf-testimonials-author-name\">Laurence<\/span>\n\t\t\t\t\t\t\t\t\t\t\t\t\t\t\t<\/h4>\n\t\t\t\t\t\t\t\t\t\t\t<\/div>\n\t\t\t\t\t\t\t\t\t<\/div>\n\t\t\t\n\t\t\t\t\t\t\t\n\t\t\t\t<div class=\"mkdf-testimonial-content\" id=\"mkdf-testimonials-4599\">\n\t\t\t\t\t<div class=\"mkdf-testimonial-text-holder\">\n\t\t\t\t\t\t\t\t\t\t\t\t\t<p itemprop=\"name\"\n\t\t\t\t\t\t\t    class=\"mkdf-testimonial-tagline entry-title\">vos commentaires<\/p>\n\t\t\t\t\t\t\t\t\t\t\t\t\t\t\t\t\t\t\t<h2 itemprop=\"name\"\n\t\t\t\t\t\t\t    class=\"mkdf-testimonial-title entry-title\">t\u00e9moignages<\/h2>\n\t\t\t\t\t\t\t\t\t\t\t\t\t\t\t\t\t\t\t<p class=\"mkdf-testimonial-text\">Une amie m&#039;a sugg\u00e9r\u00e9 d&#039;essayer la cr\u00e8me pour le visage Roviti. Je dois avouer que ma peau l&#039;absorbe imm\u00e9diatement et qu&#039;il rend mon visage extr\u00eamement lumineux et velout\u00e9. La pr\u00e9sence de l&#039;huile de graines de figue de barbarie dans les ingr\u00e9dients est un vrai plus qui se combine parfaitement avec tous les autres composants naturels. Parmi les meilleures cr\u00e8mes que j&#039;ai essay\u00e9es !<\/p>\n\t\t\t\t\t\t\t\t\t\t\t\t\t\t\t\t\t\t\t<h4 class=\"mkdf-testimonial-author\">\n\t\t\t\t\t\t\t\t<span class=\"mkdf-testimonials-author-name\">Edith<\/span>\n\t\t\t\t\t\t\t\t\t\t\t\t\t\t\t<\/h4>\n\t\t\t\t\t\t\t\t\t\t\t<\/div>\n\t\t\t\t\t\t\t\t\t<\/div>\n\t\t\t\n\t\t\t\t\t\t\t\n\t\t\t\t<div class=\"mkdf-testimonial-content\" id=\"mkdf-testimonials-4601\">\n\t\t\t\t\t<div class=\"mkdf-testimonial-text-holder\">\n\t\t\t\t\t\t\t\t\t\t\t\t\t<p itemprop=\"name\"\n\t\t\t\t\t\t\t    class=\"mkdf-testimonial-tagline entry-title\">vos commentaires<\/p>\n\t\t\t\t\t\t\t\t\t\t\t\t\t\t\t\t\t\t\t<h2 itemprop=\"name\"\n\t\t\t\t\t\t\t    class=\"mkdf-testimonial-title entry-title\">t\u00e9moignages<\/h2>\n\t\t\t\t\t\t\t\t\t\t\t\t\t\t\t\t\t\t\t<p class=\"mkdf-testimonial-text\">Apr\u00e8s la douche, j&#039;\u00e9tale la cr\u00e8me pour le corps et j&#039;ai l&#039;impression de faire un voyage dans le sud de l&#039;Italie gr\u00e2ce \u00e0 son d\u00e9licat parfum de fleurs d&#039;agrumes. Ma peau est hydrat\u00e9e, douce et souple gr\u00e2ce \u00e0 la triple action des ingr\u00e9dients 100% naturels que sont les graines d&#039;argan, le beurre de karit\u00e9 et les extraits de r\u00e9glisse.<\/p>\n\t\t\t\t\t\t\t\t\t\t\t\t\t\t\t\t\t\t\t<h4 class=\"mkdf-testimonial-author\">\n\t\t\t\t\t\t\t\t<span class=\"mkdf-testimonials-author-name\">Laura<\/span>\n\t\t\t\t\t\t\t\t\t\t\t\t\t\t\t<\/h4>\n\t\t\t\t\t\t\t\t\t\t\t<\/div>\n\t\t\t\t\t\t\t\t\t<\/div>\n\t\t\t\n\t\t\t\t\t\t\t\n\t\t\t\t<div class=\"mkdf-testimonial-content\" id=\"mkdf-testimonials-4603\">\n\t\t\t\t\t<div class=\"mkdf-testimonial-text-holder\">\n\t\t\t\t\t\t\t\t\t\t\t\t\t<p itemprop=\"name\"\n\t\t\t\t\t\t\t    class=\"mkdf-testimonial-tagline entry-title\">vos commentaires<\/p>\n\t\t\t\t\t\t\t\t\t\t\t\t\t\t\t\t\t\t\t<h2 itemprop=\"name\"\n\t\t\t\t\t\t\t    class=\"mkdf-testimonial-title entry-title\">t\u00e9moignages<\/h2>\n\t\t\t\t\t\t\t\t\t\t\t\t\t\t\t\t\t\t\t<p class=\"mkdf-testimonial-text\">Cette huile est une merveille ! 2-3 gouttes sur le contour des yeux le soir et mes yeux sont repos\u00e9s au r\u00e9veil, quelques gouttes sur les pointes s\u00e8ches de mes cheveux et ils deviennent doux et brillants. J&#039;ajoute \u00e9galement 2 ou 3 gouttes \u00e0 un peu de cr\u00e8me de base pour le visage ou le corps pour qu&#039;elle devienne imm\u00e9diatement une cr\u00e8me super nourrissante pour toute la journ\u00e9e.<\/p>\n\t\t\t\t\t\t\t\t\t\t\t\t\t\t\t\t\t\t\t<h4 class=\"mkdf-testimonial-author\">\n\t\t\t\t\t\t\t\t<span class=\"mkdf-testimonials-author-name\">Alessia<\/span>\n\t\t\t\t\t\t\t\t\t\t\t\t\t\t\t<\/h4>\n\t\t\t\t\t\t\t\t\t\t\t<\/div>\n\t\t\t\t\t\t\t\t\t<\/div>\n\t\t\t\n\t\t\t\t\t\t\t\n\t\t\t\t<div class=\"mkdf-testimonial-content\" id=\"mkdf-testimonials-4605\">\n\t\t\t\t\t<div class=\"mkdf-testimonial-text-holder\">\n\t\t\t\t\t\t\t\t\t\t\t\t\t<p itemprop=\"name\"\n\t\t\t\t\t\t\t    class=\"mkdf-testimonial-tagline entry-title\">vos commentaires<\/p>\n\t\t\t\t\t\t\t\t\t\t\t\t\t\t\t\t\t\t\t<h2 itemprop=\"name\"\n\t\t\t\t\t\t\t    class=\"mkdf-testimonial-title entry-title\">t\u00e9moignages<\/h2>\n\t\t\t\t\t\t\t\t\t\t\t\t\t\t\t\t\t\t\t<p class=\"mkdf-testimonial-text\">\u00c0 55 ans, la peau de mon visage souffre des changements de temp\u00e9rature et des changements de saison. Gr\u00e2ce \u00e0 la cr\u00e8me de jour anti-\u00e2ge, la peau de mon visage est devenue douce, brillante et ne tire plus. Chaque matin, j&#039;applique ma cr\u00e8me sur mon visage, mon cou et mon d\u00e9collet\u00e9 en sachant qu&#039;il s&#039;agit d&#039;un produit 100% naturel au merveilleux parfum d&#039;agrumes et d&#039;huiles essentielles.<\/p>\n\t\t\t\t\t\t\t\t\t\t\t\t\t\t\t\t\t\t\t<h4 class=\"mkdf-testimonial-author\">\n\t\t\t\t\t\t\t\t<span class=\"mkdf-testimonials-author-name\">Sandra<\/span>\n\t\t\t\t\t\t\t\t\t\t\t\t\t\t\t<\/h4>\n\t\t\t\t\t\t\t\t\t\t\t<\/div>\n\t\t\t\t\t\t\t\t\t<\/div>\n\t\t\t\n\t\t\t\t\n\t<\/div>\n<\/div>[\/vc_column][\/vc_row][vc_row][vc_column][\/vc_column][\/vc_row]<\/p>\n<p>Views: 41<\/p><\/section>","protected":false},"excerpt":{"rendered":"<p>[vc_row][vc_column][\/vc_column][\/vc_row][vc_row][vc_column][\/vc_column][\/vc_row] Views: 0<\/p>\n","protected":false},"author":25,"featured_media":0,"parent":0,"menu_order":0,"comment_status":"closed","ping_status":"closed","template":"","meta":{"_acf_changed":false,"footnotes":""},"class_list":["post-6066","page","type-page","status-publish","hentry"],"acf":[],"yoast_head":"<!-- This site is optimized with the Yoast SEO plugin v22.8 - https:\/\/yoast.com\/wordpress\/plugins\/seo\/ -->\n<title>T\u00e9moignages<\/title>\n<meta name=\"description\" content=\"T\u00e9moignages Roviti\" \/>\n<meta name=\"robots\" content=\"index, follow, max-snippet:-1, max-image-preview:large, max-video-preview:-1\" \/>\n<link rel=\"canonical\" href=\"https:\/\/roviti.com\/fr\/temoignages\/\" \/>\n<meta property=\"og:locale\" content=\"fr_FR\" \/>\n<meta property=\"og:type\" content=\"article\" \/>\n<meta property=\"og:title\" content=\"T\u00e9moignages\" \/>\n<meta property=\"og:description\" content=\"T\u00e9moignages Roviti\" \/>\n<meta property=\"og:url\" content=\"https:\/\/roviti.com\/fr\/temoignages\/\" \/>\n<meta property=\"og:site_name\" content=\"Cosm\u00e9tiques naturels d&#039;excellence - Roviti\" \/>\n<meta property=\"article:modified_time\" content=\"2023-08-13T13:33:16+00:00\" \/>\n<meta name=\"twitter:card\" content=\"summary_large_image\" \/>\n<!-- \/ Yoast SEO plugin. -->","yoast_head_json":{"title":"T\u00e9moignages","description":"T\u00e9moignages Roviti","robots":{"index":"index","follow":"follow","max-snippet":"max-snippet:-1","max-image-preview":"max-image-preview:large","max-video-preview":"max-video-preview:-1"},"canonical":"https:\/\/roviti.com\/fr\/temoignages\/","og_locale":"fr_FR","og_type":"article","og_title":"T\u00e9moignages","og_description":"T\u00e9moignages Roviti","og_url":"https:\/\/roviti.com\/fr\/temoignages\/","og_site_name":"Cosm\u00e9tiques naturels d'excellence - Roviti","article_modified_time":"2023-08-13T13:33:16+00:00","twitter_card":"summary_large_image","schema":{"@context":"https:\/\/schema.org","@graph":[{"@type":"WebPage","@id":"https:\/\/roviti.com\/fr\/temoignages\/","url":"https:\/\/roviti.com\/fr\/temoignages\/","name":"T\u00e9moignages","isPartOf":{"@id":"https:\/\/roviti.com\/#website"},"datePublished":"2022-04-19T14:16:26+00:00","dateModified":"2023-08-13T13:33:16+00:00","description":"T\u00e9moignages Roviti","breadcrumb":{"@id":"https:\/\/roviti.com\/fr\/temoignages\/#breadcrumb"},"inLanguage":"fr-FR","potentialAction":[{"@type":"ReadAction","target":["https:\/\/roviti.com\/fr\/temoignages\/"]}]},{"@type":"BreadcrumbList","@id":"https:\/\/roviti.com\/fr\/temoignages\/#breadcrumb","itemListElement":[{"@type":"ListItem","position":1,"name":"Home","item":"https:\/\/roviti.com\/fr\/"},{"@type":"ListItem","position":2,"name":"T\u00e9moignages Roviti"}]},{"@type":"WebSite","@id":"https:\/\/roviti.com\/#website","url":"https:\/\/roviti.com\/","name":"Cosm\u00e9tiques naturels d'excellence - Roviti","description":"Olio di fico d&#039;India","potentialAction":[{"@type":"SearchAction","target":{"@type":"EntryPoint","urlTemplate":"https:\/\/roviti.com\/?s={search_term_string}"},"query-input":"required name=search_term_string"}],"inLanguage":"fr-FR"}]}},"_links":{"self":[{"href":"https:\/\/roviti.com\/fr\/wp-json\/wp\/v2\/pages\/6066","targetHints":{"allow":["GET"]}}],"collection":[{"href":"https:\/\/roviti.com\/fr\/wp-json\/wp\/v2\/pages"}],"about":[{"href":"https:\/\/roviti.com\/fr\/wp-json\/wp\/v2\/types\/page"}],"author":[{"embeddable":true,"href":"https:\/\/roviti.com\/fr\/wp-json\/wp\/v2\/users\/25"}],"replies":[{"embeddable":true,"href":"https:\/\/roviti.com\/fr\/wp-json\/wp\/v2\/comments?post=6066"}],"version-history":[{"count":3,"href":"https:\/\/roviti.com\/fr\/wp-json\/wp\/v2\/pages\/6066\/revisions"}],"predecessor-version":[{"id":8231,"href":"https:\/\/roviti.com\/fr\/wp-json\/wp\/v2\/pages\/6066\/revisions\/8231"}],"wp:attachment":[{"href":"https:\/\/roviti.com\/fr\/wp-json\/wp\/v2\/media?parent=6066"}],"curies":[{"name":"wp","href":"https:\/\/api.w.org\/{rel}","templated":true}]}}