{"id":4670,"date":"2021-04-12T12:50:04","date_gmt":"2021-04-12T10:50:04","guid":{"rendered":"https:\/\/roviti.com\/termini-e-condizioni\/"},"modified":"2021-08-26T13:58:37","modified_gmt":"2021-08-26T11:58:37","slug":"termes-et-conditions","status":"publish","type":"page","link":"https:\/\/roviti.com\/fr\/termes-et-conditions\/","title":{"rendered":"Termes et conditions"},"content":{"rendered":"<section class=\"wpb-content-wrapper\"><p>[vc_row content_placement=&#8221;middle&#8221; disable_background_image=&#8221;&#8221; simple_background_image=&#8221;828&#8243; css=&#8221;.vc_custom_1618224502414{padding-top: 60px !important;padding-bottom: 60px !important;}&#8221;][vc_column offset=&#8221;vc_col-lg-12 vc_col-md-12&#8243;]<div class=\"mkdf-elements-holder   mkdf-one-column  mkdf-responsive-mode-768 \" ><div class=\"mkdf-eh-item     \" data-item-class=\"mkdf-eh-custom-5866\" data-769-1024=\"50px 10% 50px 10%\" data-681-768=\"50px 10% 50px 10%\" data-680=\"50px 10% 50px 10%\">\n\t<div class=\"mkdf-eh-background-holder\"  ><\/div>\n\t<div class=\"mkdf-eh-item-inner\">\n\t\t<div class=\"mkdf-eh-item-content mkdf-eh-custom-5866\" style=\"padding: 0px 10% 0px 10%\">\n\t\t\t[vc_column_text]<\/p>\n<p style=\"text-align: center;\"><strong>CONDITIONS G\u00c9N\u00c9RALES D&#8217;UTILISATION<\/strong><\/p>\n<p>Bienvenue sur notre site web (&#8220;<a href=\"https:\/\/roviti.com\">roviti.com<\/a>&#8220;). L&#8217;acc\u00e8s et l&#8217;utilisation de roviti.com sont des activit\u00e9s r\u00e9gies par les pr\u00e9sentes conditions g\u00e9n\u00e9rales d&#8217;utilisation. L&#8217;acc\u00e8s et l&#8217;utilisation de ce site web, ainsi que l&#8217;achat de produits sur roviti.com, pr\u00e9supposent que les pr\u00e9sentes conditions g\u00e9n\u00e9rales d&#8217;utilisation ont \u00e9t\u00e9 lues, comprises et accept\u00e9es.<br \/>\nCe site web est exploit\u00e9 et entretenu par :<br \/>\nRoviti S.r.l. Corso Umberto I, n. 121 74123 Taranto (Italie) C.F. \/p. iva 03272150735 (ci-apr\u00e8s la &#8220;Soci\u00e9t\u00e9&#8221;).<\/p>\n<p>Roviti S.r.l. pourra modifier ou simplement mettre \u00e0 jour, en tout ou en partie, les pr\u00e9sentes conditions g\u00e9n\u00e9rales d&#8217;utilisation. Les modifications et les mises \u00e0 jour des conditions g\u00e9n\u00e9rales d&#8217;utilisation seront contraignantes d\u00e8s qu&#8217;elles seront publi\u00e9es sur le site web dans cette section. Par cons\u00e9quent, vous devez acc\u00e9der r\u00e9guli\u00e8rement \u00e0 cette section afin de v\u00e9rifier la publication des conditions g\u00e9n\u00e9rales d&#8217;utilisation de roviti.com les plus r\u00e9centes et mises \u00e0 jour. Si vous n&#8217;acceptez pas tout ou partie des conditions g\u00e9n\u00e9rales d&#8217;utilisation de roviti.com, veuillez ne pas utiliser notre site web.<\/p>\n<p>L&#8217;acc\u00e8s et l&#8217;utilisation de roviti.com, y compris l&#8217;affichage des pages web, la communication avec Roviti S.r.l., le t\u00e9l\u00e9chargement d&#8217;informations sur les produits et les achats effectu\u00e9s sur le site web, sont effectu\u00e9s par nos utilisateurs exclusivement \u00e0 des fins personnelles, qui ne sont pas li\u00e9es \u00e0 une quelconque activit\u00e9 commerciale ou professionnelle.<br \/>\nN&#8217;oubliez pas que vous serez la seule et unique personne responsable de l&#8217;utilisation de roviti.com et de ses contenus. En effet, Roviti S.r.l. ne pourra \u00eatre tenue responsable de l&#8217;utilisation du site et de ses contenus par l&#8217;un de ses utilisateurs qui ne serait pas conforme aux lois en vigueur, sans pr\u00e9judice de la responsabilit\u00e9 de Roviti S.r.l. pour dol et n\u00e9gligence grave. En particulier, vous serez le seul et unique responsable de la communication d&#8217;informations et de donn\u00e9es incorrectes, fausses ou relatives \u00e0 des tiers, sans leur consentement, ainsi qu&#8217;en consid\u00e9ration d&#8217;une utilisation incorrecte de celles-ci.<br \/>\nEnfin, \u00e9tant donn\u00e9 que tout mat\u00e9riel sera t\u00e9l\u00e9charg\u00e9 ou obtenu d&#8217;une autre mani\u00e8re par l&#8217;utilisation du service au choix et au risque de l&#8217;utilisateur, toute responsabilit\u00e9 pour tout dommage aux syst\u00e8mes informatiques ou perte de donn\u00e9es r\u00e9sultant des op\u00e9rations de t\u00e9l\u00e9chargement incombe \u00e0 l&#8217;utilisateur et ne peut \u00eatre attribu\u00e9e \u00e0 Roviti S.r.l..<br \/>\nRoviti S.r.l. d\u00e9cline toute responsabilit\u00e9 pour tout dommage r\u00e9sultant de l&#8217;inaccessibilit\u00e9 aux services du site ou de tout dommage caus\u00e9 par des virus, des fichiers endommag\u00e9s, des erreurs, des omissions, des interruptions de service, des suppressions de contenus, des probl\u00e8mes li\u00e9s au r\u00e9seau, aux fournisseurs ou aux connexions t\u00e9l\u00e9phoniques et\/ou t\u00e9l\u00e9matiques, des acc\u00e8s non autoris\u00e9s, des alt\u00e9rations de donn\u00e9es, des d\u00e9faillances et\/ou des dysfonctionnements du propre \u00e9quipement \u00e9lectronique de l&#8217;utilisateur.<\/p>\n<p>L&#8217;utilisateur est responsable de la conservation et de l&#8217;utilisation correcte de ses informations personnelles, y compris les informations d&#8217;identification permettant l&#8217;acc\u00e8s aux services r\u00e9serv\u00e9s,<\/p>\n<p><strong>1. Politique de confidentialit\u00e9<\/strong><br \/>\nVeuillez lire attentivement la politique de confidentialit\u00e9, qui s&#8217;applique \u00e9galement lorsque les utilisateurs acc\u00e8dent au site roviti.com et utilisent les services correspondants sans acheter de produits. La politique de confidentialit\u00e9 vous aidera \u00e0 comprendre comment roviti.com collecte et utilise vos donn\u00e9es personnelles et \u00e0 quelles fins.<\/p>\n<p>&nbsp;<\/p>\n<p><strong>2. Droits de propri\u00e9t\u00e9 intellectuelle<\/strong><br \/>\nLes contenus de roviti.com, tels que, \u00e0 titre d&#8217;exemple, les \u0153uvres, les images, les photographies, les dialogues, la musique, les sons et les vid\u00e9os, les documents, les dessins, les figures, les logos et tout autre mat\u00e9riel, sous quelque format que ce soit, publi\u00e9s sur roviti. com, y compris les menus, les pages web, les graphiques, les couleurs, les sch\u00e9mas, les outils, les polices et la conception du site web, les diagrammes, les mises en page, les m\u00e9thodes, les processus, les fonctions et les logiciels qui font partie de roviti.com, sont prot\u00e9g\u00e9s par le droit d&#8217;auteur et par tout autre droit de propri\u00e9t\u00e9 intellectuelle de Roviti S.r.l. et des autres titulaires des droits.<br \/>\nLa reproduction totale ou partielle, sous quelque forme que ce soit, de roviti.com ou de son contenu est interdite sans le consentement \u00e9crit expr\u00e8s de Roviti S.r.l..<br \/>\nRoviti S.r.l. a le droit exclusif d&#8217;autoriser ou d&#8217;interdire la reproduction directe ou indirecte, temporaire ou permanente, sous quelque forme que ce soit, en tout ou en partie, de roviti.com et de ses contenus. En ce qui concerne l&#8217;utilisation de roviti.com, vous \u00eates uniquement autoris\u00e9 \u00e0 consulter le site web et son contenu. Vous \u00eates \u00e9galement autoris\u00e9 \u00e0 effectuer tous les autres actes de reproduction temporaires, sans signification \u00e9conomique propre, qui sont consid\u00e9r\u00e9s comme transitoires ou accessoires, partie int\u00e9grante et essentielle de l&#8217;affichage de roviti.com et de ses contenus et de toutes les autres op\u00e9rations de navigation sur le site web qui sont effectu\u00e9es exclusivement pour une utilisation l\u00e9gitime de roviti.com et de ses contenus.<br \/>\nVous n&#8217;\u00eates pas autoris\u00e9 \u00e0 reproduire, sous quelque forme que ce soit, tout ou partie de roviti.com et de son contenu. Toute reproduction doit \u00eatre autoris\u00e9e de temps \u00e0 autre par \u00e9crit par Roviti S.r.l. ou, le cas \u00e9ch\u00e9ant, par les auteurs des diff\u00e9rentes \u0153uvres contenues dans le site web. Cette reproduction doit \u00eatre effectu\u00e9e \u00e0 des fins l\u00e9gales et dans le respect des droits d&#8217;auteur et autres droits de propri\u00e9t\u00e9 intellectuelle de Roviti S.r.l. et des auteurs des diff\u00e9rentes \u0153uvres contenues dans le site web. Les auteurs des \u0153uvres individuelles publi\u00e9es sur roviti.com ont, \u00e0 tout moment, le droit de revendiquer la paternit\u00e9 de leurs \u0153uvres et de s&#8217;opposer \u00e0 toute d\u00e9formation, mutilation ou autre modification des \u0153uvres elles-m\u00eames, y compris tout acte portant atteinte \u00e0 leur honneur ou \u00e0 leur r\u00e9putation.<br \/>\nVous vous engagez \u00e0 respecter les droits d&#8217;auteur des artistes qui ont choisi de publier leurs \u0153uvres sur roviti.com ou qui ont collabor\u00e9 avec roviti.com \u00e0 la cr\u00e9ation de nouvelles formes expressives et artistiques destin\u00e9es \u00e0 \u00eatre publi\u00e9es, m\u00eame si ce n&#8217;est pas exclusivement sur le site web, ou qui font partie int\u00e9grante du site web. Vous n&#8217;\u00eates en aucun cas autoris\u00e9 \u00e0 utiliser, de quelque mani\u00e8re ou sous quelque forme que ce soit, le contenu du site web et toute \u0153uvre unique prot\u00e9g\u00e9e par le droit d&#8217;auteur et par tout autre droit de propri\u00e9t\u00e9 intellectuelle. A titre d&#8217;exemple, il est interdit d&#8217;alt\u00e9rer ou de modifier de quelque mani\u00e8re que ce soit le contenu du site web ou toute \u0153uvre prot\u00e9g\u00e9e par le droit d&#8217;auteur et tout autre droit de propri\u00e9t\u00e9 intellectuelle sans le consentement \u00e9crit de Roviti S.r.l. et, le cas \u00e9ch\u00e9ant, des diff\u00e9rents auteurs des \u0153uvres publi\u00e9es sur roviti.com.<\/p>\n<p><strong>3. Marque de commerce et nom de domaine<\/strong><br \/>\nRoviti S.r.l. est le propri\u00e9taire exclusif des logos, des marques d\u00e9pos\u00e9es et de tout autre signe distinctif, y compris le nom de domaine &#8221; roviti.com &#8220;.<\/p>\n<p><strong>4. Avertissement sur le contenu<\/strong><br \/>\nRoviti S.r.l. a pris toutes les pr\u00e9cautions utiles pour assurer \u00e0 ses utilisateurs que les contenus de roviti.com sont exacts et ne contiennent aucune information incorrecte ou p\u00e9rim\u00e9e \u00e0 la date de leur publication sur le site web et, dans la mesure du possible, m\u00eame ult\u00e9rieurement.<br \/>\nToutefois, Roviti S.r.l. n&#8217;assume aucune responsabilit\u00e9 envers les utilisateurs quant \u00e0 l&#8217;exactitude et \u00e0 l&#8217;exhaustivit\u00e9 des contenus publi\u00e9s sur roviti.com, \u00e0 l&#8217;exception de sa responsabilit\u00e9 en cas de fraude et de n\u00e9gligence grave et sauf disposition l\u00e9gale contraire.<br \/>\nEn outre, Roviti S.r.l. ne peut garantir aux utilisateurs que le site web fonctionnera de mani\u00e8re continue, sans interruptions et en l&#8217;absence d&#8217;erreurs ou de dysfonctionnements dus \u00e0 la connexion \u00e0 Internet. Si vous rencontrez des probl\u00e8mes lors de l&#8217;utilisation de notre site web, veuillez contacter le vendeur. Un responsable sera \u00e0 votre disposition pour vous assister et vous aider \u00e0 r\u00e9tablir la fonctionnalit\u00e9 de votre acc\u00e8s au site web, si cela est possible. De m\u00eame, nous vous recommandons de contacter votre fournisseur d&#8217;acc\u00e8s \u00e0 Internet ou de v\u00e9rifier que tout dispositif permettant de se connecter \u00e0 Internet et d&#8217;acc\u00e9der \u00e0 des contenus Web est correctement activ\u00e9, y compris votre navigateur Internet. Bien que Roviti S.r.l. fasse tout son possible pour assurer un acc\u00e8s continu \u00e0 son site web, la nature dynamique d&#8217;Internet et de ses contenus peut ne pas permettre \u00e0 roviti.com de fonctionner sans aucune suspension, interruption ou discontinuit\u00e9 due \u00e0 la mise \u00e0 jour du site web.<br \/>\nRoviti S.r.l. a adopt\u00e9 des mesures techniques et organisationnelles ad\u00e9quates pour prot\u00e9ger la s\u00e9curit\u00e9 de ses services sur roviti.com, l&#8217;int\u00e9grit\u00e9 des donn\u00e9es de trafic et des communications \u00e9lectroniques afin d&#8217;emp\u00eacher toute utilisation ou tout acc\u00e8s non autoris\u00e9 aux donn\u00e9es, ainsi que pour pr\u00e9venir les risques de diffusion, de destruction et de perte de donn\u00e9es et d&#8217;informations confidentielles\/non confidentielles concernant les utilisateurs de roviti.com, et pour \u00e9viter tout acc\u00e8s non autoris\u00e9 ou ill\u00e9gal \u00e0 ces donn\u00e9es et informations.<\/p>\n<p>&nbsp;<\/p>\n<p><strong>5. Notre politique commerciale<\/strong><br \/>\nRoviti S.r.l. a adopt\u00e9 sa propre politique commerciale ; sa mission consiste \u00e0 vendre des produits par l&#8217;interm\u00e9diaire de son site web exclusivement \u00e0 des &#8220;consommateurs finaux&#8221;, c&#8217;est-\u00e0-dire \u00e0 des personnes physiques agissant sur roviti.com \u00e0 des fins qui ne rel\u00e8vent pas de leur activit\u00e9 commerciale, industrielle ou professionnelle.<br \/>\nSi vous n&#8217;\u00eates pas un consommateur, veuillez ne pas utiliser nos services pour acheter des produits sur roviti.com. Dans le cas contraire, Roviti S.r.l. aura le droit de ne pas accepter toute proposition d&#8217;achat provenant de personnes qui ne sont pas des consommateurs finaux et toute autre proposition d&#8217;achat qui ne serait pas conforme aux conditions g\u00e9n\u00e9rales de vente et aux pr\u00e9sentes conditions g\u00e9n\u00e9rales d&#8217;utilisation.<\/p>\n<p>&nbsp;<\/p>\n<p><strong>6. Droit applicable et r\u00e9solution des litiges<\/strong><br \/>\nLes pr\u00e9sentes conditions g\u00e9n\u00e9rales d&#8217;utilisation sont r\u00e9gies par la loi italienne et en particulier par le d\u00e9cret l\u00e9gislatif n\u00b0 206 du 6 septembre 2005 (Code de la consommation). Tout litige ou question juridique d\u00e9coulant des conditions d&#8217;utilisation ou de leur interpr\u00e9tation sera soumis aux tribunaux du lieu de r\u00e9sidence de l&#8217;utilisateur si celui-ci est un consommateur, ou au tribunal de Tarente si l&#8217;utilisateur est un professionnel.[\/vc_column_text]\t\t<\/div>\n\t\t\t<\/div>\n<\/div><\/div>[\/vc_column][\/vc_row]<\/p>\n<p>Views: 36<\/p><\/section>","protected":false},"excerpt":{"rendered":"<p>[vc_row content_placement=&#8221;middle&#8221; disable_background_image=&#8221;&#8221; simple_background_image=&#8221;828&#8243; css=&#8221;.vc_custom_1618224502414{padding-top: 60px !important;padding-bottom: 60px !important;}&#8221;][vc_column offset=&#8221;vc_col-lg-12 vc_col-md-12&#8243;][\/vc_column][\/vc_row] Views: 36<\/p>\n","protected":false},"author":1,"featured_media":0,"parent":0,"menu_order":0,"comment_status":"closed","ping_status":"closed","template":"full-width.php","meta":{"_acf_changed":false,"footnotes":""},"class_list":["post-4670","page","type-page","status-publish","hentry"],"acf":[],"yoast_head":"<!-- This site is optimized with the Yoast SEO plugin v22.8 - https:\/\/yoast.com\/wordpress\/plugins\/seo\/ -->\n<title>Termes et conditions - Cosm\u00e9tiques naturels d&#039;excellence - Roviti<\/title>\n<meta name=\"robots\" content=\"index, follow, max-snippet:-1, max-image-preview:large, max-video-preview:-1\" \/>\n<link rel=\"canonical\" href=\"https:\/\/roviti.com\/fr\/termes-et-conditions\/\" \/>\n<meta property=\"og:locale\" content=\"fr_FR\" \/>\n<meta property=\"og:type\" content=\"article\" \/>\n<meta property=\"og:title\" content=\"Termes et conditions - Cosm\u00e9tiques naturels d&#039;excellence - Roviti\" \/>\n<meta property=\"og:description\" content=\"[vc_row content_placement=&#8221;middle&#8221; disable_background_image=&#8221;&#8221; simple_background_image=&#8221;828&#8243; css=&#8221;.vc_custom_1618224502414{padding-top: 60px !important;padding-bottom: 60px !important;}&#8221;][vc_column offset=&#8221;vc_col-lg-12 vc_col-md-12&#8243;][\/vc_column][\/vc_row] Views: 36\" \/>\n<meta property=\"og:url\" content=\"https:\/\/roviti.com\/fr\/termes-et-conditions\/\" \/>\n<meta property=\"og:site_name\" content=\"Cosm\u00e9tiques naturels d&#039;excellence - Roviti\" \/>\n<meta property=\"article:modified_time\" content=\"2021-08-26T11:58:37+00:00\" \/>\n<meta name=\"twitter:card\" content=\"summary_large_image\" \/>\n<meta name=\"twitter:label1\" content=\"Dur\u00e9e de lecture estim\u00e9e\" \/>\n\t<meta name=\"twitter:data1\" content=\"9 minutes\" \/>\n<!-- \/ Yoast SEO plugin. -->","yoast_head_json":{"title":"Termes et conditions - Cosm\u00e9tiques naturels d'excellence - Roviti","robots":{"index":"index","follow":"follow","max-snippet":"max-snippet:-1","max-image-preview":"max-image-preview:large","max-video-preview":"max-video-preview:-1"},"canonical":"https:\/\/roviti.com\/fr\/termes-et-conditions\/","og_locale":"fr_FR","og_type":"article","og_title":"Termes et conditions - Cosm\u00e9tiques naturels d'excellence - Roviti","og_description":"[vc_row content_placement=&#8221;middle&#8221; disable_background_image=&#8221;&#8221; simple_background_image=&#8221;828&#8243; css=&#8221;.vc_custom_1618224502414{padding-top: 60px !important;padding-bottom: 60px !important;}&#8221;][vc_column offset=&#8221;vc_col-lg-12 vc_col-md-12&#8243;][\/vc_column][\/vc_row] Views: 36","og_url":"https:\/\/roviti.com\/fr\/termes-et-conditions\/","og_site_name":"Cosm\u00e9tiques naturels d'excellence - Roviti","article_modified_time":"2021-08-26T11:58:37+00:00","twitter_card":"summary_large_image","twitter_misc":{"Dur\u00e9e de lecture estim\u00e9e":"9 minutes"},"schema":{"@context":"https:\/\/schema.org","@graph":[{"@type":"WebPage","@id":"https:\/\/roviti.com\/fr\/termes-et-conditions\/","url":"https:\/\/roviti.com\/fr\/termes-et-conditions\/","name":"Termes et conditions - Cosm\u00e9tiques naturels d'excellence - Roviti","isPartOf":{"@id":"https:\/\/roviti.com\/#website"},"datePublished":"2021-04-12T10:50:04+00:00","dateModified":"2021-08-26T11:58:37+00:00","breadcrumb":{"@id":"https:\/\/roviti.com\/fr\/termes-et-conditions\/#breadcrumb"},"inLanguage":"fr-FR","potentialAction":[{"@type":"ReadAction","target":["https:\/\/roviti.com\/fr\/termes-et-conditions\/"]}]},{"@type":"BreadcrumbList","@id":"https:\/\/roviti.com\/fr\/termes-et-conditions\/#breadcrumb","itemListElement":[{"@type":"ListItem","position":1,"name":"Home","item":"https:\/\/roviti.com\/fr\/"},{"@type":"ListItem","position":2,"name":"Termes et conditions"}]},{"@type":"WebSite","@id":"https:\/\/roviti.com\/#website","url":"https:\/\/roviti.com\/","name":"Cosm\u00e9tiques naturels d'excellence - Roviti","description":"Olio di fico d&#039;India","potentialAction":[{"@type":"SearchAction","target":{"@type":"EntryPoint","urlTemplate":"https:\/\/roviti.com\/?s={search_term_string}"},"query-input":"required name=search_term_string"}],"inLanguage":"fr-FR"}]}},"_links":{"self":[{"href":"https:\/\/roviti.com\/fr\/wp-json\/wp\/v2\/pages\/4670","targetHints":{"allow":["GET"]}}],"collection":[{"href":"https:\/\/roviti.com\/fr\/wp-json\/wp\/v2\/pages"}],"about":[{"href":"https:\/\/roviti.com\/fr\/wp-json\/wp\/v2\/types\/page"}],"author":[{"embeddable":true,"href":"https:\/\/roviti.com\/fr\/wp-json\/wp\/v2\/users\/1"}],"replies":[{"embeddable":true,"href":"https:\/\/roviti.com\/fr\/wp-json\/wp\/v2\/comments?post=4670"}],"version-history":[{"count":2,"href":"https:\/\/roviti.com\/fr\/wp-json\/wp\/v2\/pages\/4670\/revisions"}],"predecessor-version":[{"id":4672,"href":"https:\/\/roviti.com\/fr\/wp-json\/wp\/v2\/pages\/4670\/revisions\/4672"}],"wp:attachment":[{"href":"https:\/\/roviti.com\/fr\/wp-json\/wp\/v2\/media?parent=4670"}],"curies":[{"name":"wp","href":"https:\/\/api.w.org\/{rel}","templated":true}]}}