{"id":4658,"date":"2021-05-19T14:07:46","date_gmt":"2021-05-19T12:07:46","guid":{"rendered":"https:\/\/roviti.com\/politica-dei-cookie\/"},"modified":"2021-08-26T13:45:03","modified_gmt":"2021-08-26T11:45:03","slug":"politique-des-cookies","status":"publish","type":"page","link":"https:\/\/roviti.com\/fr\/politique-des-cookies\/","title":{"rendered":"Politique des cookies"},"content":{"rendered":"<section class=\"wpb-content-wrapper\"><p>[vc_row content_placement=&#8221;middle&#8221; disable_background_image=&#8221;&#8221; simple_background_image=&#8221;828&#8243; css=&#8221;.vc_custom_1618224502414{padding-top: 60px !important;padding-bottom: 60px !important;}&#8221;][vc_column offset=&#8221;vc_col-lg-12 vc_col-md-12&#8243;]<div class=\"mkdf-elements-holder   mkdf-one-column  mkdf-responsive-mode-768 \" ><div class=\"mkdf-eh-item     \" data-item-class=\"mkdf-eh-custom-9812\" data-769-1024=\"50px 10% 50px 10%\" data-681-768=\"50px 10% 50px 10%\" data-680=\"50px 10% 50px 10%\">\n\t<div class=\"mkdf-eh-background-holder\"  ><\/div>\n\t<div class=\"mkdf-eh-item-inner\">\n\t\t<div class=\"mkdf-eh-item-content mkdf-eh-custom-9812\" style=\"padding: 0px 10% 0px 10%\">\n\t\t\t[vc_column_text]<\/p>\n<p style=\"text-align: center;\"><strong>POLITIQUE DES COOKIES<\/strong><\/p>\n<p>INTRODUCTION<\/p>\n<p>Notre site web, https:\/\/roviti.com\/ (ci-apr\u00e8s : &#8220;le site web&#8221;) utilise des cookies et d&#8217;autres technologies connexes (par commodit\u00e9, toutes les technologies sont d\u00e9sign\u00e9es par le terme &#8220;cookies&#8221;). Dans le document ci-dessous, nous vous informons de l&#8217;utilisation des cookies sur notre site web.<\/p>\n<p>QUE SONT LES COOKIES<\/p>\n<p>Les cookies sont des \u00e9l\u00e9ments d&#8217;information qui sont plac\u00e9s sur votre navigateur lorsque vous visitez un site web ou utilisez un site de r\u00e9seau social avec votre ordinateur, votre smartphone ou votre tablette. Chaque cookie contient diverses donn\u00e9es telles que le nom du serveur dont il provient, un identifiant num\u00e9rique, etc.<\/p>\n<p>Les cookies peuvent rester sur votre syst\u00e8me pendant la dur\u00e9e d&#8217;une session (c&#8217;est-\u00e0-dire jusqu&#8217;\u00e0 ce que vous fermiez le navigateur que vous utilisez pour naviguer sur le web) ou pendant de longues p\u00e9riodes et peuvent contenir un identifiant unique.<\/p>\n<p>TYPES DE COOKIES<br \/>\nCookies techniques ou fonctionnels<br \/>\nCertains cookies assurent le bon fonctionnement du site et la validit\u00e9 de vos pr\u00e9f\u00e9rences. Gr\u00e2ce aux cookies fonctionnels, nous vous facilitons la visite de notre site web. De cette fa\u00e7on, vous ne devez pas saisir les m\u00eames informations \u00e0 plusieurs reprises lorsque vous visitez notre site. Par exemple, l&#8217;article reste dans votre panier jusqu&#8217;\u00e0 ce que vous l&#8217;ayez pay\u00e9. Nous pouvons utiliser ces cookies sans votre consentement.<br \/>\nCookies d&#8217;analyse<\/p>\n<p>Les cookies Google Analitycs (\u00e9gaux aux cookies techniques par le Garant pour la protection des donn\u00e9es personnelles) sont utilis\u00e9s pour une analyse statistique sous forme agr\u00e9g\u00e9e sur les habitudes de navigation des utilisateurs et permettent de collecter des informations anonymes sur l&#8217;utilisation du site web (par exemple, les pages visit\u00e9es, le nombre d&#8217;acc\u00e8s, etc.) Le responsable du traitement des donn\u00e9es traite les r\u00e9sultats de ces analyses de mani\u00e8re anonyme et \u00e0 des fins statistiques uniquement.<\/p>\n<p><strong>Cookies de marketing\/tra\u00e7age<\/strong><\/p>\n<p>Les cookies de marketing\/tracking sont des cookies ou tout autre syst\u00e8me de stockage de donn\u00e9es sur votre ordinateur local, utilis\u00e9s pour cr\u00e9er des profils d&#8217;utilisateur afin d&#8217;afficher des publicit\u00e9s ou de vous suivre sur ce site web ou entre des sites web \u00e0 des fins de marketing similaires.<\/p>\n<p><strong>QUELS SONT LES COOKIES PR\u00c9SENTS<\/strong><\/p>\n<table>\n<tbody>\n<tr>\n<td width=\"160\">NOM<\/td>\n<td width=\"255\">TIPOLOGIE<\/td>\n<td width=\"104\">DUREE<\/td>\n<td width=\"122\">TROISIEME PARTIE<\/td>\n<\/tr>\n<tr>\n<td width=\"160\">_Secure-3PSIDCC<\/td>\n<td width=\"255\">profilazione<\/td>\n<td width=\"104\">1 anno<\/td>\n<td width=\"122\">Google<\/td>\n<\/tr>\n<tr>\n<td width=\"160\">_Secure-3PSID<\/td>\n<td width=\"255\">profilazione<\/td>\n<td width=\"104\">2 anni<\/td>\n<td width=\"122\">Google<\/td>\n<\/tr>\n<tr>\n<td width=\"160\">SAPISID, APISID, SID, HSID<\/td>\n<td width=\"255\">tecnico<\/td>\n<td width=\"104\">2 anni<\/td>\n<td width=\"122\">Google<\/td>\n<\/tr>\n<tr>\n<td width=\"160\">SIDCC<\/td>\n<td width=\"255\">tecnico<\/td>\n<td width=\"104\">1 anno<\/td>\n<td width=\"122\">Google<\/td>\n<\/tr>\n<tr>\n<td width=\"160\">__Secure-3PAPISID<\/td>\n<td width=\"255\">tecnico<\/td>\n<td width=\"104\">2 anni<\/td>\n<td width=\"122\">Google<\/td>\n<\/tr>\n<tr>\n<td width=\"160\">SSID<\/td>\n<td width=\"255\">tecnico<\/td>\n<td width=\"104\">2 anni<\/td>\n<td width=\"122\">Google<\/td>\n<\/tr>\n<tr>\n<td width=\"160\">OGPC<\/td>\n<td width=\"255\"><\/td>\n<td width=\"104\">2 mesi<\/td>\n<td width=\"122\">Google<\/td>\n<\/tr>\n<tr>\n<td width=\"160\">NID<\/td>\n<td width=\"255\">tecnico<\/td>\n<td width=\"104\">6 mesi<\/td>\n<td width=\"122\">Google<\/td>\n<\/tr>\n<tr>\n<td width=\"160\">OGP<\/td>\n<td width=\"255\">tecnico<\/td>\n<td width=\"104\">6 mesi<\/td>\n<td width=\"122\">Google<\/td>\n<\/tr>\n<tr>\n<td width=\"160\">CONSENT<\/td>\n<td width=\"255\">tecnico<\/td>\n<td width=\"104\">18 anni<\/td>\n<td width=\"122\">Google<\/td>\n<\/tr>\n<\/tbody>\n<\/table>\n<p><strong>VOS DROITS<\/strong><\/p>\n<p>Vous avez les droits suivants concernant vos donn\u00e9es personnelles : :<\/p>\n<p>Vous avez le droit de savoir quand vos donn\u00e9es personnelles sont n\u00e9cessaires, ce qu&#8217;il en advient et combien de temps elles seront conserv\u00e9es.<br \/>\nDroit d&#8217;acc\u00e8s : vous avez le droit d&#8217;acc\u00e9der \u00e0 vos donn\u00e9es personnelles dont nous sommes<br \/>\nDroit de rectification : Vous avez le droit de compl\u00e9ter, de corriger, d&#8217;effacer ou de bloquer vos donn\u00e9es personnelles lorsque vous souhaitez nous en informer.<br \/>\nSi vous nous donnez votre consentement pour traiter vos donn\u00e9es, vous avez le droit de r\u00e9voquer ce consentement et de supprimer vos donn\u00e9es personnelles.<br \/>\nDroit de transf\u00e9rer vos donn\u00e9es : vous avez le droit de demander au responsable du traitement toutes vos donn\u00e9es et de les transf\u00e9rer toutes \u00e0 un autre responsable du traitement.<br \/>\nDroit d&#8217;opposition : Vous avez le droit de vous opposer au traitement de vos donn\u00e9es. Nous respecterons ce choix \u00e0 moins qu&#8217;il n&#8217;y ait une base valable pour le processus.<\/p>\n<p>Pour exercer ces droits, veuillez nous contacter. Veuillez vous reporter aux coordonn\u00e9es figurant au bas de la pr\u00e9sente d\u00e9claration relative aux cookies. Si vous avez une plainte \u00e0 formuler sur la fa\u00e7on dont nous traitons vos donn\u00e9es, nous aimerions que vous nous en fassiez part, mais vous avez \u00e9galement le droit de vous plaindre aupr\u00e8s de l&#8217;autorit\u00e9 de surveillance (l&#8217;autorit\u00e9 de protection des donn\u00e9es).<\/p>\n<p><strong>ACTIVER\/D\u00c9SACTIVER ET SUPPRIMER LES COOKIES<\/strong><\/p>\n<p>Vous pouvez utiliser votre navigateur pour supprimer automatiquement ou manuellement les cookies. Vous pouvez \u00e9galement sp\u00e9cifier que certains cookies ne peuvent pas \u00eatre stock\u00e9s. Une autre option consiste \u00e0 modifier les param\u00e8tres de votre navigateur afin de recevoir un message chaque fois qu&#8217;un cookie est plac\u00e9. Pour plus d&#8217;informations sur ces options, veuillez consulter les instructions dans la section Aide de votre navigateur. Veuillez noter que notre site peut ne pas fonctionner correctement si tous les cookies sont d\u00e9sactiv\u00e9s. Si vous supprimez les cookies dans votre navigateur, ils seront \u00e0 nouveau d\u00e9finis avec votre permission lorsque vous visiterez \u00e0 nouveau notre site.<\/p>\n<p><strong>CONTR\u00d4LEUR DES DONN\u00c9ES<\/strong><\/p>\n<p>Le responsable du traitement des donn\u00e9es est Roviti S.r.l., dont le si\u00e8ge social est situ\u00e9 Corso Umberto I, 74123 Taranto (Italie) &#8211; P.IVA 03272150735, e-mail : info@roviti.com.[\/vc_column_text]\t\t<\/div>\n\t\t\t<\/div>\n<\/div><\/div>[\/vc_column][\/vc_row]<\/p>\n<p>Views: 8<\/p><\/section>","protected":false},"excerpt":{"rendered":"<p>[vc_row content_placement=&#8221;middle&#8221; disable_background_image=&#8221;&#8221; simple_background_image=&#8221;828&#8243; css=&#8221;.vc_custom_1618224502414{padding-top: 60px !important;padding-bottom: 60px !important;}&#8221;][vc_column offset=&#8221;vc_col-lg-12 vc_col-md-12&#8243;][\/vc_column][\/vc_row] Views: 8<\/p>\n","protected":false},"author":20,"featured_media":0,"parent":0,"menu_order":0,"comment_status":"closed","ping_status":"closed","template":"full-width.php","meta":{"_acf_changed":false,"footnotes":""},"class_list":["post-4658","page","type-page","status-publish","hentry"],"acf":[],"yoast_head":"<!-- This site is optimized with the Yoast SEO plugin v22.8 - https:\/\/yoast.com\/wordpress\/plugins\/seo\/ -->\n<title>Politique des cookies - Cosm\u00e9tiques naturels d&#039;excellence - Roviti<\/title>\n<meta name=\"robots\" content=\"index, follow, max-snippet:-1, max-image-preview:large, max-video-preview:-1\" \/>\n<link rel=\"canonical\" href=\"https:\/\/roviti.com\/fr\/politique-des-cookies\/\" \/>\n<meta property=\"og:locale\" content=\"fr_FR\" \/>\n<meta property=\"og:type\" content=\"article\" \/>\n<meta property=\"og:title\" content=\"Politique des cookies - Cosm\u00e9tiques naturels d&#039;excellence - Roviti\" \/>\n<meta property=\"og:description\" content=\"[vc_row content_placement=&#8221;middle&#8221; disable_background_image=&#8221;&#8221; simple_background_image=&#8221;828&#8243; css=&#8221;.vc_custom_1618224502414{padding-top: 60px !important;padding-bottom: 60px !important;}&#8221;][vc_column offset=&#8221;vc_col-lg-12 vc_col-md-12&#8243;][\/vc_column][\/vc_row] Views: 8\" \/>\n<meta property=\"og:url\" content=\"https:\/\/roviti.com\/fr\/politique-des-cookies\/\" \/>\n<meta property=\"og:site_name\" content=\"Cosm\u00e9tiques naturels d&#039;excellence - Roviti\" \/>\n<meta property=\"article:modified_time\" content=\"2021-08-26T11:45:03+00:00\" \/>\n<meta name=\"twitter:card\" content=\"summary_large_image\" \/>\n<meta name=\"twitter:label1\" content=\"Dur\u00e9e de lecture estim\u00e9e\" \/>\n\t<meta name=\"twitter:data1\" content=\"5 minutes\" \/>\n<!-- \/ Yoast SEO plugin. -->","yoast_head_json":{"title":"Politique des cookies - Cosm\u00e9tiques naturels d'excellence - Roviti","robots":{"index":"index","follow":"follow","max-snippet":"max-snippet:-1","max-image-preview":"max-image-preview:large","max-video-preview":"max-video-preview:-1"},"canonical":"https:\/\/roviti.com\/fr\/politique-des-cookies\/","og_locale":"fr_FR","og_type":"article","og_title":"Politique des cookies - Cosm\u00e9tiques naturels d'excellence - Roviti","og_description":"[vc_row content_placement=&#8221;middle&#8221; disable_background_image=&#8221;&#8221; simple_background_image=&#8221;828&#8243; css=&#8221;.vc_custom_1618224502414{padding-top: 60px !important;padding-bottom: 60px !important;}&#8221;][vc_column offset=&#8221;vc_col-lg-12 vc_col-md-12&#8243;][\/vc_column][\/vc_row] Views: 8","og_url":"https:\/\/roviti.com\/fr\/politique-des-cookies\/","og_site_name":"Cosm\u00e9tiques naturels d'excellence - Roviti","article_modified_time":"2021-08-26T11:45:03+00:00","twitter_card":"summary_large_image","twitter_misc":{"Dur\u00e9e de lecture estim\u00e9e":"5 minutes"},"schema":{"@context":"https:\/\/schema.org","@graph":[{"@type":"WebPage","@id":"https:\/\/roviti.com\/fr\/politique-des-cookies\/","url":"https:\/\/roviti.com\/fr\/politique-des-cookies\/","name":"Politique des cookies - Cosm\u00e9tiques naturels d'excellence - Roviti","isPartOf":{"@id":"https:\/\/roviti.com\/#website"},"datePublished":"2021-05-19T12:07:46+00:00","dateModified":"2021-08-26T11:45:03+00:00","breadcrumb":{"@id":"https:\/\/roviti.com\/fr\/politique-des-cookies\/#breadcrumb"},"inLanguage":"fr-FR","potentialAction":[{"@type":"ReadAction","target":["https:\/\/roviti.com\/fr\/politique-des-cookies\/"]}]},{"@type":"BreadcrumbList","@id":"https:\/\/roviti.com\/fr\/politique-des-cookies\/#breadcrumb","itemListElement":[{"@type":"ListItem","position":1,"name":"Home","item":"https:\/\/roviti.com\/fr\/"},{"@type":"ListItem","position":2,"name":"Politique des cookies"}]},{"@type":"WebSite","@id":"https:\/\/roviti.com\/#website","url":"https:\/\/roviti.com\/","name":"Cosm\u00e9tiques naturels d'excellence - Roviti","description":"Olio di fico d&#039;India","potentialAction":[{"@type":"SearchAction","target":{"@type":"EntryPoint","urlTemplate":"https:\/\/roviti.com\/?s={search_term_string}"},"query-input":"required name=search_term_string"}],"inLanguage":"fr-FR"}]}},"_links":{"self":[{"href":"https:\/\/roviti.com\/fr\/wp-json\/wp\/v2\/pages\/4658","targetHints":{"allow":["GET"]}}],"collection":[{"href":"https:\/\/roviti.com\/fr\/wp-json\/wp\/v2\/pages"}],"about":[{"href":"https:\/\/roviti.com\/fr\/wp-json\/wp\/v2\/types\/page"}],"author":[{"embeddable":true,"href":"https:\/\/roviti.com\/fr\/wp-json\/wp\/v2\/users\/20"}],"replies":[{"embeddable":true,"href":"https:\/\/roviti.com\/fr\/wp-json\/wp\/v2\/comments?post=4658"}],"version-history":[{"count":2,"href":"https:\/\/roviti.com\/fr\/wp-json\/wp\/v2\/pages\/4658\/revisions"}],"predecessor-version":[{"id":4660,"href":"https:\/\/roviti.com\/fr\/wp-json\/wp\/v2\/pages\/4658\/revisions\/4660"}],"wp:attachment":[{"href":"https:\/\/roviti.com\/fr\/wp-json\/wp\/v2\/media?parent=4658"}],"curies":[{"name":"wp","href":"https:\/\/api.w.org\/{rel}","templated":true}]}}