{"id":4651,"date":"2021-04-07T12:39:03","date_gmt":"2021-04-07T10:39:03","guid":{"rendered":"https:\/\/roviti.com\/olio-di-fico-d-india\/"},"modified":"2025-12-07T14:04:02","modified_gmt":"2025-12-07T13:04:02","slug":"huile-de-figue-de-barbarie","status":"publish","type":"page","link":"https:\/\/roviti.com\/fr\/huile-de-figue-de-barbarie\/","title":{"rendered":"L&#8217;huile de figue de barbarie"},"content":{"rendered":"<section class=\"wpb-content-wrapper\"><p>[vc_row equal_height=&#8221;yes&#8221; css=&#8221;.vc_custom_1617805075935{padding-top: 85px !important;padding-bottom: 82px !important;}&#8221;][vc_column width=&#8221;1\/4&#8243;][\/vc_column][vc_column width=&#8221;1\/2&#8243;]<div class=\"mkdf-elements-holder   mkdf-one-column  mkdf-responsive-mode-768 \" ><div class=\"mkdf-eh-item   mkdf-horizontal-alignment-center  \" data-item-class=\"mkdf-eh-custom-5934\" data-1025-1399=\"0px 0px 0px 0px\" data-769-1024=\"0px 10% 0px 10%\" data-681-768=\"0px 10% 0px 10%\" data-680=\"0px 10% 0px 10%\">\n\t<div class=\"mkdf-eh-background-holder\"  ><\/div>\n\t<div class=\"mkdf-eh-item-inner\">\n\t\t<div class=\"mkdf-eh-item-content mkdf-eh-custom-5934\" style=\"padding: 0px 70px 0px 70px\">\n\t\t\t[vc_column_text]<\/p>\n<p style=\"font-size: 160%;\" align=\"center\">L&#8217;huile de figue de barbarie<\/p>\n<p style=\"text-align: justify;\">L&#8217;huile de figue de barbarie attire l&#8217;attention du monde de la cosm\u00e9tique artisanale.<\/p>\n<p style=\"font-size: 140%; color: blue;\" align=\"center\"><em><strong>Cosm\u00e9tiques bio Roviti:<\/strong><\/em>\u00a0 visiter notre <strong><a href=\"https:\/\/roviti.com\/fr\/shop\/\"><em>SHOP<\/em><\/a><\/strong>.<\/p>\n<p style=\"text-align: justify;\">La raret\u00e9 et la difficult\u00e9 d&#8217;extraction de cette huile &#8220;miraculeuse&#8221; font qu&#8217;elle ne peut \u00eatre produite qu&#8217;en petites quantit\u00e9s, ce qui ne convient pas aux processus industriels des grandes entreprises cosm\u00e9tiques.<\/p>\n<h2 style=\"font-size: 130%;\" align=\"left\">L&#8217;huile de figue de barbarie est un produit naturel exclusif<\/h2>\n<p style=\"text-align: justify;\">D\u2019abord, l&#8217;huile de p\u00e9pins de figue de barbarie pure, obtenue par premi\u00e8re pression \u00e0 froid, est donc un produit naturel exclusif et excellent pour l&#8217;usage cosm\u00e9tique.<\/p>\n<p style=\"text-align: justify;\">Ses propri\u00e9t\u00e9s sont bien sup\u00e9rieures \u00e0 celles de l&#8217;huile d&#8217;argan et de toutes les autres huiles naturelles \u00e0 usage cosm\u00e9tique actuellement sur le march\u00e9.<\/p>\n<p style=\"text-align: justify;\">C&#8217;est un ingr\u00e9dient cosm\u00e9tique de la plus haute qualit\u00e9 pour la fabrication artisanale de cosm\u00e9tiques.<\/p>\n<h2 style=\"font-size: 130%;\" align=\"left\">Qualit\u00e9 de l&#8217;huile de figue de barbarie<\/h2>\n<p style=\"text-align: justify;\">Rare, pr\u00e9cieux et dot\u00e9 de mille qualit\u00e9s : antioxydant, hydratant, r\u00e9g\u00e9n\u00e9rant et cicatrisant.<a href=\"https:\/\/roviti.com\/fr\/huile-de-figue-de-barbarie\/\"> L&#8217;huile de figue de barbarie<\/a> est riche en vitamine E et en om\u00e9ga 6 pour lutter contre le vieillissement de la peau et les rides.<\/p>\n<p style=\"text-align: justify;\">L&#8217;huile de p\u00e9pins de figue de barbarie utilis\u00e9 en puret\u00e9 est facilement absorb\u00e9 et rend la peau douce et souple. Mais ce n&#8217;est pas tout. C&#8217;est aussi une v\u00e9ritable panac\u00e9e pour le contour des yeux et pour la brillance et la douceur de vos cheveux.<\/p>\n<h2 style=\"font-size: 130%;\" align=\"left\">Propri\u00e9t\u00e9s de l\u00b4huile de figue de barbarie bio<\/h2>\n<p style=\"text-align: justify;\">L&#8217;huile de p\u00e9pins de figue de barbarie a des propri\u00e9t\u00e9s anti-inflammatoires, cicatrisantes et apaisantes. Elle s&#8217;est av\u00e9r\u00e9e m\u00eame sup\u00e9rieure \u00e0 l&#8217;huile d&#8217;argan, l&#8217;huile la plus connue.<\/p>\n<p style=\"text-align: justify;\">En plus des acides gras (notamment l&#8217;acide linol\u00e9nique), capables de lutter contre le vieillissement cutan\u00e9, l&#8217;huile de figue est riche en vitamine E. Elle contient \u00e9galement une quantit\u00e9 importante de polyph\u00e9nols. Ce sont des antioxydants qui aident votre peau \u00e0 rester jeune.<\/p>\n<p style=\"text-align: justify;\">Pour cette raison, elle a des propri\u00e9t\u00e9s r\u00e9g\u00e9n\u00e9rantes, restructurantes, renfor\u00e7antes. Elle est capable de ralentir le vieillissement de la peau, de r\u00e9duire les poches et autres signes du vieillissement. Et aussi, de pr\u00e9venir la formation des rides.<\/p>\n<p style=\"text-align: justify;\">L\u00b4huile de cactus\u00a0a une action antioxydante et protectrice contre les radicaux libres. Finalement, elle restaure \u00e9galement l&#8217;\u00e9lasticit\u00e9 d&#8217;origine et l&#8217;aspect velout\u00e9 d&#8217;une peau rajeunie.<\/p>\n<p style=\"text-align: justify;\">L&#8217;huile de figues de barbarie bio est riche en acides gras pr\u00e9cieux tels que les om\u00e9ga 6 et 3, la vitamine E et les phytost\u00e9rols. On les trouve dans des valeurs beaucoup plus \u00e9lev\u00e9es que les autres types d&#8217;huiles naturelles actuellement sur le march\u00e9. Par exemple, la teneur en vitamine E est 150% sup\u00e9rieure \u00e0 celle de l&#8217;huile d&#8217;argan.<\/p>\n<h2 style=\"font-size: 130%;\" align=\"justify\">Effets cosm\u00e9tiques de l&#8217;huile de figue de barbarie pure<\/h2>\n<p style=\"text-align: justify;\">Par cons\u00e9quent, l&#8217;huile de graines de cactus est un puissant antioxydant et hydratant qui exerce une puissante action anti-\u00e2ge. L&#8217;huile de graines de cactus est absorb\u00e9e rapidement et p\u00e9n\u00e8tre tr\u00e8s facilement dans la peau.<\/p>\n<p style=\"text-align: justify;\">En premier lieu, cette huile a un excellent effet contre la formation de rides ou d&#8217;autres imperfections cutan\u00e9es. Redonne brillance et \u00e9lasticit\u00e9 aux tissus cutan\u00e9s. Elle est id\u00e9al pour traiter les fines zones rid\u00e9es du visage. La teneur en vitamine K \u00e9claircit les cernes. Et aussi, favorise l&#8217;\u00e9lasticit\u00e9 de la peau.<\/p>\n<p style=\"text-align: justify;\">Cette huile est un excellent rem\u00e8de contre l&#8217;acn\u00e9. Pour ses propri\u00e9t\u00e9s antibact\u00e9riennes et anti-inflammatoires. Elle est tr\u00e8s riche en acide linol\u00e9ique. Elle pr\u00e9vient le durcissement du s\u00e9bum et l&#8217;obstruction des pores.<\/p>\n<h2 style=\"font-size: 130%;\" align=\"left\">Les bienfaits de l&#8217;huile de figue de barbarie<\/h2>\n<p style=\"text-align: justify;\">S&#8217;il est utilis\u00e9 r\u00e9guli\u00e8rement, il est \u00e9galement capable de pr\u00e9venir la formation de taches cutan\u00e9es. Il prot\u00e8ge \u00e9galement contre les dommages caus\u00e9s par le smog, les basses temp\u00e9ratures et les rayons UV.<\/p>\n<p style=\"text-align: left;\">L&#8217;effet b\u00e9n\u00e9fique de l&#8217;huile de cactus est prouv\u00e9 depuis longtemps. C&#8217;est pourquoi il est largement utilis\u00e9 dans de nombreux produits cosm\u00e9tiques de haute qualit\u00e9.<\/p>\n<p style=\"text-align: justify;\">C&#8217;est un v\u00e9ritable \u00e9lixir de beaut\u00e9. Ensuite, nous \u00e9num\u00e9rerons 15 avantages de l&#8217;huile de figue de barbarie.<\/p>\n<p style=\"text-align: justify;\">Pour les cheveux : Hydrate les cheveux. \u2013 Restructure les m\u00e8ches de cheveux. \u2013 Il est tr\u00e8s b\u00e9n\u00e9fique pour les cheveux secs. \u2013 Rend les cheveux brillants et lisses.<\/p>\n<p style=\"text-align: justify;\">L&#8217;huile de cactus peut \u00e9galement \u00eatre utilis\u00e9e pour le soin des cheveux ab\u00eem\u00e9s et teints chimiquement. Aide \u00e0 maintenir la couleur des cheveux.<\/p>\n<p style=\"text-align: justify;\">Pour la peau : Nourrit en profondeur. &#8211; Combat les vergetures. &#8211; Traite les cicatrices et les taches brunes. &#8211; Combat les rides et ridules. &#8211; Rafra\u00eechit la peau pendant la nuit. &#8211; Prot\u00e8ge la peau des agressions ext\u00e9rieures. &#8211; Att\u00e9nue les cernes. &#8211; Att\u00e9nue l&#8217;apparence des cernes d&#8217;acn\u00e9. &#8211; Utile contre la peau s\u00e8che.<\/p>\n<p style=\"text-align: justify;\">Pour les ongles : Traite les ongles cassants et mous. \u2013 Renforce les ongles et nourrit les cuticules.<\/p>\n<p style=\"text-align: justify;\">Dor\u00e9e, \u00e0 la texture fine et non grasse et \u00e0 l&#8217;odeur discr\u00e8te, l&#8217;huile de p\u00e9pins de cactus Opuntia Ficus Indica est facilement absorb\u00e9e par la peau. Avec une puret\u00e9 de 100% et une efficacit\u00e9 remarquable.<\/p>\n<p style=\"text-align: justify;\">Finalement,\u00a0 cette huile agit comme un v\u00e9ritable s\u00e9rum de jeunesse. R\u00e9duit les rides, lisse le contour des yeux et tonifie la peau. Il a un pouvoir incroyable pour revitaliser et r\u00e9g\u00e9n\u00e9rer la peau.<\/p>\n<h3 style=\"font-size: 130%;\" align=\"left\">Comment utiliser l&#8217;huile de figue de barbarie biologique pure<\/h3>\n<p style=\"text-align: justify;\">Cette huile peut \u00eatre facilement appliqu\u00e9e sur la peau s\u00e8che apr\u00e8s le lavage. D\u00e9posez une ou deux gouttes sur la paume ou le bout des doigts et massez doucement les zones n\u00e9cessitant un traitement. L&#8217;huile laissera votre peau douce et lisse. Il s&#8217;utilise sur les zones du visage une fois par jour, de pr\u00e9f\u00e9rence le soir.<\/p>\n<p style=\"text-align: justify;\">Appliquer en particulier autour des yeux, des l\u00e8vres et des zones pr\u00e9sentant des ridules ou des rides. Le moment id\u00e9al pour l&#8217;appliquer est en fin de journ\u00e9e, avant de se coucher, pour permettre \u00e0 l&#8217;huile d&#8217;agir pendant le sommeil. La r\u00e9g\u00e9n\u00e9ration de la peau est beaucoup plus rapide la nuit que le jour.<\/p>\n<h3 style=\"font-size: 130%;\" align=\"left\">Traitement profesionnel<\/h3>\n<p style=\"text-align: justify;\">Pour un soin du visage professionnel, 3 \u00e0 6 gouttes de produit suffisent. Les traitements excessifs doivent \u00eatre \u00e9vit\u00e9s. Il existe des flacons pipettes de 15 ml. Ils contiennent plus d&#8217;huile figue barbarie et devraient donc durer plus longtemps. L&#8217;huile de graines de cactus peut \u00eatre facilement appliqu\u00e9e sur une peau s\u00e8che et pr\u00e9alablement nettoy\u00e9e.<\/p>\n<p style=\"text-align: justify;\">D\u00e9posez une ou deux gouttes sur la paume ou le bout des doigts et massez doucement les zones n\u00e9cessitant un traitement.<\/p>\n<p style=\"text-align: justify;\">L&#8217;huile figue de barbarie laissera votre peau douce et lisse. Utiliser sur les zones du visage une fois par jour. De pr\u00e9f\u00e9rence le soir avant le coucher. Pour tout autre d\u00e9tail, contactez notre soci\u00e9t\u00e9: <a href=\"https:\/\/www.roviti.com\/fr\/\">Roviti Italia<\/a> &#8211; beaut\u00e9 et bien-\u00eatre.<\/p>\n<p>[\/vc_column_text]\t\t<\/div>\n\t\t\t<\/div>\n<\/div><\/div>[\/vc_column][vc_column width=&#8221;1\/4&#8243;][\/vc_column][\/vc_row][vc_row equal_height=&#8221;yes&#8221; simple_background_image_repeat=&#8221;no-repeat&#8221; disable_background_image=&#8221;&#8221; simple_background_image=&#8221;3914&#8243; el_id=&#8221;image-viso-parallax&#8221;][vc_column][\/vc_column][\/vc_row]<\/p>\n<p>Views: 617<\/p><\/section>","protected":false},"excerpt":{"rendered":"<p>[vc_row equal_height=&#8221;yes&#8221; css=&#8221;.vc_custom_1617805075935{padding-top: 85px !important;padding-bottom: 82px !important;}&#8221;][vc_column width=&#8221;1\/4&#8243;][\/vc_column][vc_column width=&#8221;1\/2&#8243;][\/vc_column][vc_column width=&#8221;1\/4&#8243;][\/vc_column][\/vc_row][vc_row equal_height=&#8221;yes&#8221; simple_background_image_repeat=&#8221;no-repeat&#8221; disable_background_image=&#8221;&#8221; simple_background_image=&#8221;3914&#8243; el_id=&#8221;image-viso-parallax&#8221;][vc_column][\/vc_column][\/vc_row] [&hellip;]<\/p>\n","protected":false},"author":1,"featured_media":7582,"parent":0,"menu_order":0,"comment_status":"closed","ping_status":"closed","template":"full-width.php","meta":{"_acf_changed":false,"footnotes":""},"class_list":["post-4651","page","type-page","status-publish","has-post-thumbnail","hentry"],"acf":[],"yoast_head":"<!-- This site is optimized with the Yoast SEO plugin v22.8 - https:\/\/yoast.com\/wordpress\/plugins\/seo\/ -->\n<title>L&#039;huile de figue de barbarie | Beaut\u00e9 et bien-\u00eatre<\/title>\n<meta name=\"description\" content=\"L&#039;huile de figue de barbarie, obtenue par premi\u00e8re pression \u00e0 froid. Un produit naturel exclusif et excellent pour l\u2019usage cosm\u00e9tique.\" \/>\n<meta name=\"robots\" content=\"index, follow, max-snippet:-1, max-image-preview:large, max-video-preview:-1\" \/>\n<link rel=\"canonical\" href=\"https:\/\/roviti.com\/fr\/huile-de-figue-de-barbarie\/\" \/>\n<meta property=\"og:locale\" content=\"fr_FR\" \/>\n<meta property=\"og:type\" content=\"article\" \/>\n<meta property=\"og:title\" content=\"L&#039;huile de figue de barbarie | Beaut\u00e9 et bien-\u00eatre\" \/>\n<meta property=\"og:description\" content=\"L&#039;huile de figue de barbarie, obtenue par premi\u00e8re pression \u00e0 froid. Un produit naturel exclusif et excellent pour l\u2019usage cosm\u00e9tique.\" \/>\n<meta property=\"og:url\" content=\"https:\/\/roviti.com\/fr\/huile-de-figue-de-barbarie\/\" \/>\n<meta property=\"og:site_name\" content=\"Cosm\u00e9tiques naturels d&#039;excellence - Roviti\" \/>\n<meta property=\"article:modified_time\" content=\"2025-12-07T13:04:02+00:00\" \/>\n<meta property=\"og:image\" content=\"https:\/\/roviti.com\/wp-content\/uploads\/2023\/04\/Huile-de-figue-de-barbarie-100-bio-dop-e1682862802212.jpg\" \/>\n\t<meta property=\"og:image:width\" content=\"650\" \/>\n\t<meta property=\"og:image:height\" content=\"650\" \/>\n\t<meta property=\"og:image:type\" content=\"image\/jpeg\" \/>\n<meta name=\"twitter:card\" content=\"summary_large_image\" \/>\n<meta name=\"twitter:label1\" content=\"Dur\u00e9e de lecture estim\u00e9e\" \/>\n\t<meta name=\"twitter:data1\" content=\"5 minutes\" \/>\n<!-- \/ Yoast SEO plugin. -->","yoast_head_json":{"title":"L'huile de figue de barbarie | Beaut\u00e9 et bien-\u00eatre","description":"L'huile de figue de barbarie, obtenue par premi\u00e8re pression \u00e0 froid. Un produit naturel exclusif et excellent pour l\u2019usage cosm\u00e9tique.","robots":{"index":"index","follow":"follow","max-snippet":"max-snippet:-1","max-image-preview":"max-image-preview:large","max-video-preview":"max-video-preview:-1"},"canonical":"https:\/\/roviti.com\/fr\/huile-de-figue-de-barbarie\/","og_locale":"fr_FR","og_type":"article","og_title":"L'huile de figue de barbarie | Beaut\u00e9 et bien-\u00eatre","og_description":"L'huile de figue de barbarie, obtenue par premi\u00e8re pression \u00e0 froid. Un produit naturel exclusif et excellent pour l\u2019usage cosm\u00e9tique.","og_url":"https:\/\/roviti.com\/fr\/huile-de-figue-de-barbarie\/","og_site_name":"Cosm\u00e9tiques naturels d'excellence - Roviti","article_modified_time":"2025-12-07T13:04:02+00:00","og_image":[{"width":650,"height":650,"url":"https:\/\/roviti.com\/wp-content\/uploads\/2023\/04\/Huile-de-figue-de-barbarie-100-bio-dop-e1682862802212.jpg","type":"image\/jpeg"}],"twitter_card":"summary_large_image","twitter_misc":{"Dur\u00e9e de lecture estim\u00e9e":"5 minutes"},"schema":{"@context":"https:\/\/schema.org","@graph":[{"@type":"WebPage","@id":"https:\/\/roviti.com\/fr\/huile-de-figue-de-barbarie\/","url":"https:\/\/roviti.com\/fr\/huile-de-figue-de-barbarie\/","name":"L'huile de figue de barbarie | Beaut\u00e9 et bien-\u00eatre","isPartOf":{"@id":"https:\/\/roviti.com\/#website"},"primaryImageOfPage":{"@id":"https:\/\/roviti.com\/fr\/huile-de-figue-de-barbarie\/#primaryimage"},"image":{"@id":"https:\/\/roviti.com\/fr\/huile-de-figue-de-barbarie\/#primaryimage"},"thumbnailUrl":"https:\/\/roviti.com\/wp-content\/uploads\/2023\/04\/Huile-de-figue-de-barbarie-100-bio-dop-e1682862802212.jpg","datePublished":"2021-04-07T10:39:03+00:00","dateModified":"2025-12-07T13:04:02+00:00","description":"L'huile de figue de barbarie, obtenue par premi\u00e8re pression \u00e0 froid. Un produit naturel exclusif et excellent pour l\u2019usage cosm\u00e9tique.","breadcrumb":{"@id":"https:\/\/roviti.com\/fr\/huile-de-figue-de-barbarie\/#breadcrumb"},"inLanguage":"fr-FR","potentialAction":[{"@type":"ReadAction","target":["https:\/\/roviti.com\/fr\/huile-de-figue-de-barbarie\/"]}]},{"@type":"ImageObject","inLanguage":"fr-FR","@id":"https:\/\/roviti.com\/fr\/huile-de-figue-de-barbarie\/#primaryimage","url":"https:\/\/roviti.com\/wp-content\/uploads\/2023\/04\/Huile-de-figue-de-barbarie-100-bio-dop-e1682862802212.jpg","contentUrl":"https:\/\/roviti.com\/wp-content\/uploads\/2023\/04\/Huile-de-figue-de-barbarie-100-bio-dop-e1682862802212.jpg","width":650,"height":650,"caption":"L'huile de figue de barbarie"},{"@type":"BreadcrumbList","@id":"https:\/\/roviti.com\/fr\/huile-de-figue-de-barbarie\/#breadcrumb","itemListElement":[{"@type":"ListItem","position":1,"name":"Home","item":"https:\/\/roviti.com\/fr\/"},{"@type":"ListItem","position":2,"name":"L&#8217;huile de figue de barbarie"}]},{"@type":"WebSite","@id":"https:\/\/roviti.com\/#website","url":"https:\/\/roviti.com\/","name":"Cosm\u00e9tiques naturels d'excellence - Roviti","description":"Olio di fico d&#039;India","potentialAction":[{"@type":"SearchAction","target":{"@type":"EntryPoint","urlTemplate":"https:\/\/roviti.com\/?s={search_term_string}"},"query-input":"required name=search_term_string"}],"inLanguage":"fr-FR"}]}},"_links":{"self":[{"href":"https:\/\/roviti.com\/fr\/wp-json\/wp\/v2\/pages\/4651","targetHints":{"allow":["GET"]}}],"collection":[{"href":"https:\/\/roviti.com\/fr\/wp-json\/wp\/v2\/pages"}],"about":[{"href":"https:\/\/roviti.com\/fr\/wp-json\/wp\/v2\/types\/page"}],"author":[{"embeddable":true,"href":"https:\/\/roviti.com\/fr\/wp-json\/wp\/v2\/users\/1"}],"replies":[{"embeddable":true,"href":"https:\/\/roviti.com\/fr\/wp-json\/wp\/v2\/comments?post=4651"}],"version-history":[{"count":91,"href":"https:\/\/roviti.com\/fr\/wp-json\/wp\/v2\/pages\/4651\/revisions"}],"predecessor-version":[{"id":9664,"href":"https:\/\/roviti.com\/fr\/wp-json\/wp\/v2\/pages\/4651\/revisions\/9664"}],"wp:featuredmedia":[{"embeddable":true,"href":"https:\/\/roviti.com\/fr\/wp-json\/wp\/v2\/media\/7582"}],"wp:attachment":[{"href":"https:\/\/roviti.com\/fr\/wp-json\/wp\/v2\/media?parent=4651"}],"curies":[{"name":"wp","href":"https:\/\/api.w.org\/{rel}","templated":true}]}}