{"id":4583,"date":"2021-04-08T16:05:27","date_gmt":"2021-04-08T14:05:27","guid":{"rendered":"https:\/\/roviti.com\/il-fico-d-india\/"},"modified":"2025-03-21T18:13:36","modified_gmt":"2025-03-21T17:13:36","slug":"figue-de-barbarie","status":"publish","type":"page","link":"https:\/\/roviti.com\/fr\/figue-de-barbarie\/","title":{"rendered":"Figue de Barbarie"},"content":{"rendered":"<section class=\"wpb-content-wrapper\"><p>[vc_row equal_height=&#8221;yes&#8221; css=&#8221;.vc_custom_1617885278039{padding-top: 65px !important;padding-bottom: 82px !important;}&#8221; el_class=&#8221;riga-testo-about&#8221;][vc_column width=&#8221;1\/4&#8243;][\/vc_column][vc_column width=&#8221;1\/2&#8243;]<div class=\"mkdf-elements-holder   mkdf-one-column  mkdf-responsive-mode-768 \" ><div class=\"mkdf-eh-item   mkdf-horizontal-alignment-center  \" data-item-class=\"mkdf-eh-custom-2608\" data-1400-1600=\"0px 0px 0px 0px\" data-1025-1399=\"0px 10% 0px 10%\" data-769-1024=\"0px 10% 0px 10%\" data-681-768=\"0px 10% 0px 10%\" data-680=\"0px 10% 0px 10%\">\n\t<div class=\"mkdf-eh-background-holder\"  ><\/div>\n\t<div class=\"mkdf-eh-item-inner\">\n\t\t<div class=\"mkdf-eh-item-content mkdf-eh-custom-2608\" style=\"padding: 0px 70px 0px 70px\">\n\t\t\t[vc_column_text el_class=&#8221;text-align-about&#8221;]<\/p>\n<p style=\"font-size: 140%;\" align=\"center\">FIGUE DE BARBARIE<\/p>\n<p align=\"justify\">La figue de barbarie, cette merveilleuse plante de la famille des cactus, originaire d&#8217;Am\u00e9rique centrale, est connue depuis l&#8217;\u00e9poque azt\u00e8que. Elle est arriv\u00e9 sous nos latitudes vers la fin du XVe si\u00e8cle. Probablement au retour de l&#8217;exp\u00e9dition de Christophe Colomb.<\/p>\n<p style=\"font-size: 140%; color: blue;\" align=\"center\"><em><strong>Cosm\u00e9tiques 100% naturels <a href=\"https:\/\/roviti.com\/wp-content\/uploads\/2022\/02\/analisi-olio-di-fico-dindia.pdf\"><span style=\"color: blue;\">certifi\u00e9s<\/span><\/a>:<\/strong><\/em> <a href=\"https:\/\/roviti.com\/fr\/shop\/\"><em><strong><span style=\"color: blue;\">LE SHOP ROVITI<\/span><\/strong><\/em><\/a><\/p>\n<p align=\"justify\">Elle s&#8217;est imm\u00e9diatement implant\u00e9 dans les r\u00e9gions du sud du pays, notamment dans les Pouilles, en Calabre et en Sicile.<\/p>\n<p align=\"justify\">Ces r\u00e9gions repr\u00e9sentent ensemble le troisi\u00e8me producteur mondial. Les fruits de figue de barbarie sont export\u00e9s dans toute l&#8217;Europe.<\/p>\n<p align=\"justify\">De nombreuses \u00e9tudes ont mis en \u00e9vidence les propri\u00e9t\u00e9s de cette plante, tant dans le domaine alimentaire que pour le traitement de nombreuses maladies.<\/p>\n<p align=\"justify\">Toutes les parties de la plante, telles que les <a href=\"https:\/\/en.wikipedia.org\/wiki\/Cladodes\">cladodes<\/a> (commun\u00e9ment appel\u00e9es pelles), les fleurs, les fruits et les graines contenues dans les fruits, peuvent \u00eatre utilis\u00e9es directement. Ils peuvent aussi \u00eatre transform\u00e9s en d\u00e9riv\u00e9s de grande valeur.<\/p>\n<h2>Cosm\u00e9tiques naturels \u00e0 base d&#8217;extraits de figue de barbarie<\/h2>\n<p align=\"justify\">Apr\u00e8s de longues analyses et \u00e9tudes men\u00e9es en collaboration avec des chercheurs de l&#8217;universit\u00e9 de Cosenza, nous avons d\u00e9cid\u00e9 de nous consacrer \u00e0 la cr\u00e9ation de produits cosm\u00e9tiques naturels.<\/p>\n<p align=\"justify\">Ces cosm\u00e9tiques naturels ont tr\u00e8s haute valeur ajout\u00e9e gr\u00e2ce \u00e0 l&#8217;utilisation d&#8217;un des d\u00e9riv\u00e9s les plus pr\u00e9cieux de la plante. <strong>L<\/strong><span style=\"text-decoration: underline;\"><strong>&#8216;huile extraite des p\u00e9pins contenues dans le fruit.<\/strong><\/span><\/p>\n<h2>Huile vierge de p\u00e9pins de figue de barbarie<\/h2>\n<p align=\"justify\">Elle este connu depuis toujours par les femmes berb\u00e8res qui vivent dans les zones d\u00e9sertiques du Maghreb. D&#8217;abord, l&#8217;huile de p\u00e9pins de figue de barbarie est un concentr\u00e9 de bien-\u00eatre pour la peau.<\/p>\n<p align=\"justify\">Cette huile est tr\u00e8s riche en acides gras pr\u00e9cieux tels que les om\u00e9ga 6 et 3, en vitamine E et en phytost\u00e9rols, dont les valeurs sont bien sup\u00e9rieures \u00e0 celles d&#8217;autres types d&#8217;huiles naturelles actuellement sur le march\u00e9.<\/p>\n<p align=\"justify\">L\u2019huile de figue de Barbarie contient une quantit\u00e9 notable de st\u00e9rols et de vitamine E. Comme elle contient aussi des om\u00e9ga-6, elle assure \u00e9galement une r\u00e9hydratation de la peau en plus de promouvoir le renouvellement des cellules de l\u2019\u00e9piderme.<\/p>\n<p align=\"justify\">Aussi, elle assure une protection de la peau contre les effets des radicaux libres qui acc\u00e9l\u00e8rent le vieillissement cutan\u00e9.<\/p>\n<h2>L&#8217;huile de figue de barbarie est antioxydant et hydratant<\/h2>\n<p align=\"justify\">L&#8217;huile de p\u00e9pins de <a href=\"https:\/\/roviti.com\/fr\/figue-de-barbarie\/\">figue de barbarie<\/a> est un antioxydant et un hydratant extr\u00eamement puissant. En premier lieu, elle exerce une forte action anti-\u00e2ge, contrecarrant le vieillissement de la peau et aussi la formation de rides ou d&#8217;autres imperfections cutan\u00e9es.<\/p>\n<p align=\"justify\">Finalement, nous avons d\u00e9cid\u00e9 d&#8217;utiliser ce produit exceptionnel, rare et pr\u00e9cieux pour cr\u00e9er une nuvelle ligne cosm\u00e9tique. Enti\u00e8rement d\u00e9di\u00e9e \u00e0 l&#8217;huile de graines de figues de barbarie.<\/p>\n<h2>Producteurs italiens de figue de barbarie<\/h2>\n<p align=\"justify\">Apr\u00e8s une recherche minutieuse, nous avons s\u00e9lectionn\u00e9 exclusivement des producteurs italiens qui pouvaient garantir et certifier la qualit\u00e9 d&#8217;un produit qui est l&#8217;un des meilleurs au monde en termes de concentration de principes actifs.<\/p>\n<p align=\"justify\">C\u00e9s qualit\u00e9s sont possible gr\u00e2ce aux conditions particuli\u00e8res de microclimat et de qualit\u00e9 du sol dans le sud d&#8217;Italie. La figue de barbarie est une plante qui pousse naturellement dans cette r\u00e9gion.<\/p>\n<p>[\/vc_column_text]\t\t<\/div>\n\t\t\t<\/div>\n<\/div><\/div>[\/vc_column][vc_column width=&#8221;1\/4&#8243;][\/vc_column][\/vc_row][vc_row css=&#8221;.vc_custom_1688398243623{background-position: 0 0 !important;background-repeat: no-repeat !important;}&#8221; el_id=&#8221;image-about-parallax&#8221; anchor=&#8221;figue de barbarie&#8221;][vc_column][vc_single_image image=&#8221;7795&#8243; img_size=&#8221;full&#8221; alignment=&#8221;center&#8221; el_id=&#8221;Figue de barbarie&#8221; title=&#8221;Fruits de figue de barbarie&#8221;][\/vc_column][\/vc_row][vc_row equal_height=&#8221;yes&#8221; css=&#8221;.vc_custom_1616512435685{padding-top: 55px !important;padding-bottom: 82px !important;}&#8221;][vc_column width=&#8221;1\/4&#8243;][\/vc_column][vc_column width=&#8221;1\/2&#8243;]<div class=\"mkdf-elements-holder   mkdf-one-column  mkdf-responsive-mode-768 \" ><div class=\"mkdf-eh-item   mkdf-horizontal-alignment-center  \" data-item-class=\"mkdf-eh-custom-8601\" data-1400-1600=\"0px 0px 0px 0px\" data-1025-1399=\"0px 10% 0px 10%\" data-769-1024=\"0px 10% 0px 10%\" data-681-768=\"0px 10% 0px 10%\" data-680=\"0px 10% 0px 10%\">\n\t<div class=\"mkdf-eh-background-holder\"  ><\/div>\n\t<div class=\"mkdf-eh-item-inner\">\n\t\t<div class=\"mkdf-eh-item-content mkdf-eh-custom-8601\" style=\"padding: 0px 70px 0px 70px\">\n\t\t\t<div class=\"mkdf-section-title-holder  mkdf-st-top-tagline-position mkdf-st-center-position mkdf-st-bottom-image-position \" style=\"text-align: center\">\n\t<div class=\"mkdf-st-inner\">\n\t\t\t\t\t\t\t<span class=\"mkdf-st-tagline\" style=\"color: #e5e5e5;margin-bottom: 0px\">\n\t\t\t\t\u00c9lixir de la nature\t\t\t<\/span>\n\t\t\t\t\t\t\t<h3 class=\"mkdf-st-title\" >\n\t\t\t\tProduction Made in Italy\t\t\t<\/h3>\n\t\t\t\t\t\t\t\t\t\t\t\t\t<\/div>\n<\/div>[vc_column_text el_class=&#8221;text-align-about&#8221;]<\/p>\n<p align=\"justify\">D\u00e8s le d\u00e9but, notre objectif \u00e9tait d&#8217;offrir au consommateur exigeant la premi\u00e8re ligne de cosm\u00e9tiques bas\u00e9e exclusivement sur l&#8217;inclusion de l&#8217;huile pure de graines de figue de barbarie dans la formulation.<\/p>\n<p align=\"justify\">Une production absolument <strong>Made in Italy<\/strong><em>.<\/em><\/p>\n<h4>Produit 100% naturels &#8211; Cosm\u00e9tiques de la plus haute qualit\u00e9<\/h4>\n<p align=\"justify\">Pour cr\u00e9er un produit cosm\u00e9tique de la plus haute qualit\u00e9, il ne suffit pas de s\u00e9lectionner les meilleurs ingr\u00e9dients.<br \/>\nLa formulation, l&#8217;expertise et la qualit\u00e9 de l&#8217;artisanat \u00e9taient \u00e9galement importantes.<\/p>\n<p align=\"justify\">Nous nous sommes donc tourn\u00e9s vers les plus grands experts du domaine et vers des laboratoires certifi\u00e9s, loin de toute logique industrielle et avec la plus grande attention \u00e0 une qualit\u00e9 absolue.<\/p>\n<h4>S\u00e9curit\u00e9 des produits cosm\u00e9tiques<\/h4>\n<p align=\"justify\">Entre autres exigences, nous demandons \u00e0 nos experts d&#8217;\u00e9viter, dans la mesure du possible, d&#8217;inclure dans la formulation des ingr\u00e9dients potentiellement toxiques ou des ingr\u00e9dients &#8220;mis en garde&#8221; par les organismes europ\u00e9ens et mondiaux sp\u00e9cialis\u00e9s dans la s\u00e9curit\u00e9 des produits cosm\u00e9tiques.<\/p>\n<p align=\"justify\">Finalement, nous sommes fiers de confirmer que cet objectif a \u00e9t\u00e9 atteint !<\/p>\n<p align=\"justify\">Aucun de nos cosm\u00e9tiques ne contient d&#8217;ingr\u00e9dients &#8220;controvers\u00e9s&#8221; et nous obtenons d&#8217;excellentes notes d&#8217;organismes sp\u00e9cialis\u00e9s dans l&#8217;\u00e9valuation de la s\u00e9curit\u00e9 des formulations.<\/p>\n<h4>Notre projet &#8211; Roviti Italie<\/h4>\n<p align=\"justify\">L&#8217;\u00e9volution de notre projet sera dans un futur proche, l&#8217;extension de notre gamme pour fournir une s\u00e9rie de produits sp\u00e9cifiques pour chaque besoin.<\/p>\n<p align=\"justify\">Nous voulons \u00eatre une marque de r\u00e9f\u00e9rence pour l&#8217;utilisation de mati\u00e8res premi\u00e8res de qualit\u00e9 sup\u00e9rieure et de cosm\u00e9tiques innovants capables d&#8217;offrir des r\u00e9sultats extraordinaires.<\/p>\n<p align=\"justify\">Nous pouvons \u00e9galement offrir une garantie de s\u00e9curit\u00e9, de puret\u00e9 et d&#8217;une attention maniaque aux processus de production artisanaux.<\/p>\n<p>[\/vc_column_text]\t\t<\/div>\n\t\t\t<\/div>\n<\/div><\/div>[\/vc_column][vc_column width=&#8221;1\/4&#8243;][\/vc_column][\/vc_row][vc_row][vc_column][vc_column_text]<\/p>\n<p>[\/vc_column_text][\/vc_column][\/vc_row]<\/p>\n<p>Views: 665<\/p><\/section>","protected":false},"excerpt":{"rendered":"<p>[vc_row equal_height=&#8221;yes&#8221; css=&#8221;.vc_custom_1617885278039{padding-top: 65px !important;padding-bottom: 82px !important;}&#8221; el_class=&#8221;riga-testo-about&#8221;][vc_column width=&#8221;1\/4&#8243;][\/vc_column][vc_column width=&#8221;1\/2&#8243;][\/vc_column][vc_column width=&#8221;1\/4&#8243;][\/vc_column][\/vc_row][vc_row css=&#8221;.vc_custom_1688398243623{background-position: 0 0 !important;background-repeat: [&hellip;]<\/p>\n","protected":false},"author":1,"featured_media":7795,"parent":0,"menu_order":0,"comment_status":"closed","ping_status":"closed","template":"full-width.php","meta":{"_acf_changed":false,"footnotes":""},"class_list":["post-4583","page","type-page","status-publish","has-post-thumbnail","hentry"],"acf":[],"yoast_head":"<!-- This site is optimized with the Yoast SEO plugin v22.8 - https:\/\/yoast.com\/wordpress\/plugins\/seo\/ -->\n<title>Figue de barbarie | Cosm\u00e9tiques 100% naturels | Roviti<\/title>\n<meta name=\"description\" content=\"Figue de Barbarie. Elle este connu depuis toujours par les femmes berb\u00e8res qui vivent dans les zones d\u00e9sertiques du Maghreb.\" \/>\n<meta name=\"robots\" content=\"index, follow, max-snippet:-1, max-image-preview:large, max-video-preview:-1\" \/>\n<link rel=\"canonical\" href=\"https:\/\/roviti.com\/fr\/figue-de-barbarie\/\" \/>\n<meta property=\"og:locale\" content=\"fr_FR\" \/>\n<meta property=\"og:type\" content=\"article\" \/>\n<meta property=\"og:title\" content=\"Figue de barbarie | Cosm\u00e9tiques 100% naturels | Roviti\" \/>\n<meta property=\"og:description\" content=\"Figue de Barbarie. Elle este connu depuis toujours par les femmes berb\u00e8res qui vivent dans les zones d\u00e9sertiques du Maghreb.\" \/>\n<meta property=\"og:url\" content=\"https:\/\/roviti.com\/fr\/figue-de-barbarie\/\" \/>\n<meta property=\"og:site_name\" content=\"Cosm\u00e9tiques naturels d&#039;excellence - Roviti\" \/>\n<meta property=\"article:modified_time\" content=\"2025-03-21T17:13:36+00:00\" \/>\n<meta property=\"og:image\" content=\"https:\/\/roviti.com\/wp-content\/uploads\/2023\/06\/roviti-ficho-d-india-parallax.jpeg\" \/>\n\t<meta property=\"og:image:width\" content=\"1920\" \/>\n\t<meta property=\"og:image:height\" content=\"800\" \/>\n\t<meta property=\"og:image:type\" content=\"image\/jpeg\" \/>\n<meta name=\"twitter:card\" content=\"summary_large_image\" \/>\n<meta name=\"twitter:label1\" content=\"Dur\u00e9e de lecture estim\u00e9e\" \/>\n\t<meta name=\"twitter:data1\" content=\"4 minutes\" \/>\n<!-- \/ Yoast SEO plugin. -->","yoast_head_json":{"title":"Figue de barbarie | Cosm\u00e9tiques 100% naturels | Roviti","description":"Figue de Barbarie. Elle este connu depuis toujours par les femmes berb\u00e8res qui vivent dans les zones d\u00e9sertiques du Maghreb.","robots":{"index":"index","follow":"follow","max-snippet":"max-snippet:-1","max-image-preview":"max-image-preview:large","max-video-preview":"max-video-preview:-1"},"canonical":"https:\/\/roviti.com\/fr\/figue-de-barbarie\/","og_locale":"fr_FR","og_type":"article","og_title":"Figue de barbarie | Cosm\u00e9tiques 100% naturels | Roviti","og_description":"Figue de Barbarie. Elle este connu depuis toujours par les femmes berb\u00e8res qui vivent dans les zones d\u00e9sertiques du Maghreb.","og_url":"https:\/\/roviti.com\/fr\/figue-de-barbarie\/","og_site_name":"Cosm\u00e9tiques naturels d'excellence - Roviti","article_modified_time":"2025-03-21T17:13:36+00:00","og_image":[{"width":1920,"height":800,"url":"https:\/\/roviti.com\/wp-content\/uploads\/2023\/06\/roviti-ficho-d-india-parallax.jpeg","type":"image\/jpeg"}],"twitter_card":"summary_large_image","twitter_misc":{"Dur\u00e9e de lecture estim\u00e9e":"4 minutes"},"schema":{"@context":"https:\/\/schema.org","@graph":[{"@type":"WebPage","@id":"https:\/\/roviti.com\/fr\/figue-de-barbarie\/","url":"https:\/\/roviti.com\/fr\/figue-de-barbarie\/","name":"Figue de barbarie | Cosm\u00e9tiques 100% naturels | Roviti","isPartOf":{"@id":"https:\/\/roviti.com\/#website"},"primaryImageOfPage":{"@id":"https:\/\/roviti.com\/fr\/figue-de-barbarie\/#primaryimage"},"image":{"@id":"https:\/\/roviti.com\/fr\/figue-de-barbarie\/#primaryimage"},"thumbnailUrl":"https:\/\/roviti.com\/wp-content\/uploads\/2023\/06\/roviti-ficho-d-india-parallax.jpeg","datePublished":"2021-04-08T14:05:27+00:00","dateModified":"2025-03-21T17:13:36+00:00","description":"Figue de Barbarie. Elle este connu depuis toujours par les femmes berb\u00e8res qui vivent dans les zones d\u00e9sertiques du Maghreb.","breadcrumb":{"@id":"https:\/\/roviti.com\/fr\/figue-de-barbarie\/#breadcrumb"},"inLanguage":"fr-FR","potentialAction":[{"@type":"ReadAction","target":["https:\/\/roviti.com\/fr\/figue-de-barbarie\/"]}]},{"@type":"ImageObject","inLanguage":"fr-FR","@id":"https:\/\/roviti.com\/fr\/figue-de-barbarie\/#primaryimage","url":"https:\/\/roviti.com\/wp-content\/uploads\/2023\/06\/roviti-ficho-d-india-parallax.jpeg","contentUrl":"https:\/\/roviti.com\/wp-content\/uploads\/2023\/06\/roviti-ficho-d-india-parallax.jpeg","width":1920,"height":800,"caption":"Fico d'india"},{"@type":"BreadcrumbList","@id":"https:\/\/roviti.com\/fr\/figue-de-barbarie\/#breadcrumb","itemListElement":[{"@type":"ListItem","position":1,"name":"Home","item":"https:\/\/roviti.com\/fr\/"},{"@type":"ListItem","position":2,"name":"Figue de Barbarie"}]},{"@type":"WebSite","@id":"https:\/\/roviti.com\/#website","url":"https:\/\/roviti.com\/","name":"Cosm\u00e9tiques naturels d'excellence - Roviti","description":"Olio di fico d&#039;India","potentialAction":[{"@type":"SearchAction","target":{"@type":"EntryPoint","urlTemplate":"https:\/\/roviti.com\/?s={search_term_string}"},"query-input":"required name=search_term_string"}],"inLanguage":"fr-FR"}]}},"_links":{"self":[{"href":"https:\/\/roviti.com\/fr\/wp-json\/wp\/v2\/pages\/4583","targetHints":{"allow":["GET"]}}],"collection":[{"href":"https:\/\/roviti.com\/fr\/wp-json\/wp\/v2\/pages"}],"about":[{"href":"https:\/\/roviti.com\/fr\/wp-json\/wp\/v2\/types\/page"}],"author":[{"embeddable":true,"href":"https:\/\/roviti.com\/fr\/wp-json\/wp\/v2\/users\/1"}],"replies":[{"embeddable":true,"href":"https:\/\/roviti.com\/fr\/wp-json\/wp\/v2\/comments?post=4583"}],"version-history":[{"count":88,"href":"https:\/\/roviti.com\/fr\/wp-json\/wp\/v2\/pages\/4583\/revisions"}],"predecessor-version":[{"id":9407,"href":"https:\/\/roviti.com\/fr\/wp-json\/wp\/v2\/pages\/4583\/revisions\/9407"}],"wp:featuredmedia":[{"embeddable":true,"href":"https:\/\/roviti.com\/fr\/wp-json\/wp\/v2\/media\/7795"}],"wp:attachment":[{"href":"https:\/\/roviti.com\/fr\/wp-json\/wp\/v2\/media?parent=4583"}],"curies":[{"name":"wp","href":"https:\/\/api.w.org\/{rel}","templated":true}]}}