{"id":4570,"date":"2021-04-12T12:55:19","date_gmt":"2021-04-12T10:55:19","guid":{"rendered":"https:\/\/roviti.com\/condizioni-generali-di-vendita\/"},"modified":"2023-06-12T14:59:47","modified_gmt":"2023-06-12T12:59:47","slug":"conditions-generales-de-vente","status":"publish","type":"page","link":"https:\/\/roviti.com\/fr\/conditions-generales-de-vente\/","title":{"rendered":"Conditions g\u00e9n\u00e9rales de vente"},"content":{"rendered":"<section class=\"wpb-content-wrapper\"><p>[vc_row content_placement=&#8221;middle&#8221; disable_background_image=&#8221;&#8221; simple_background_image=&#8221;828&#8243; css=&#8221;.vc_custom_1618224502414{padding-top: 60px !important;padding-bottom: 60px !important;}&#8221;][vc_column offset=&#8221;vc_col-lg-12 vc_col-md-12&#8243;]<div class=\"mkdf-elements-holder   mkdf-one-column  mkdf-responsive-mode-768 \" ><div class=\"mkdf-eh-item     \" data-item-class=\"mkdf-eh-custom-4486\" data-769-1024=\"50px 10% 50px 10%\" data-681-768=\"50px 10% 50px 10%\" data-680=\"50px 10% 50px 10%\">\n\t<div class=\"mkdf-eh-background-holder\"  ><\/div>\n\t<div class=\"mkdf-eh-item-inner\">\n\t\t<div class=\"mkdf-eh-item-content mkdf-eh-custom-4486\" style=\"padding: 0px 10% 0px 10%\">\n\t\t\t[vc_column_text]<\/p>\n<h1 style=\"text-align: center;\">CONDITIONS G\u00c9N\u00c9RALES DE VENTE<\/h1>\n<p>Cher client,<br \/>\nLa vente de produits sur notre site web (https:\/\/roviti.com\/) est r\u00e9gie par les pr\u00e9sentes conditions g\u00e9n\u00e9rales de vente.<\/p>\n<p>Les produits achet\u00e9s sur notre site web sont vendus directement par Roviti S.r.l. (&#8220;Le Vendeur&#8221;), dont le si\u00e8ge social est situ\u00e9 Corso Umberto I, 74123 Taranto (Italie) &#8211; P.IVA 03272150735.<\/p>\n<ol>\n<li>Le Vendeur exerce ses activit\u00e9s de commerce \u00e9lectronique exclusivement \u00e0 l&#8217;\u00e9gard de ses utilisateurs finaux ayant atteint l&#8217;\u00e2ge de la majorit\u00e9 et qui sont des &#8221; consommateurs &#8220;.<\/li>\n<li>Le &#8220;consommateur&#8221; est toute personne physique qui agit sur roviti.com \u00e0 des fins qui n&#8217;entrent pas dans le cadre de son activit\u00e9 commerciale, industrielle ou professionnelle. Si vous n&#8217;\u00eates pas un &#8220;consommateur&#8221;, veuillez vous abstenir d&#8217;effectuer des transactions commerciales sur roviti.com.<\/li>\n<li>Le Vendeur se r\u00e9serve le droit de ne pas accepter les propositions de commandes de personnes autres que des &#8220;consommateurs&#8221; ou, en tout cas, les propositions de commandes qui ne sont pas conformes \u00e0 sa politique commerciale, comme, par exemple, les propositions de commandes pour lesquelles il existe un rapport, ou une suspicion, d&#8217;activit\u00e9s frauduleuses ou ill\u00e9gales. Dans ce cas, le Vendeur informera l&#8217;utilisateur du rejet de la commande propos\u00e9e.<\/li>\n<\/ol>\n<h4>Informations destin\u00e9es \u00e0 la conclusion du contrat avec le Vendeur, conform\u00e9ment au d\u00e9cret l\u00e9gislatif 9 avril 2003, n\u00b0 70.<\/h4>\n<ol>\n<li>Afin de conclure un contrat pour l&#8217;achat d&#8217;un ou plusieurs produits sur roviti.com, vous devez envoyer une proposition de commande en ligne au Vendeur en remplissant le formulaire disponible sur roviti.com et en suivant les instructions correspondantes.<\/li>\n<li>Avant d&#8217;envoyer la proposition de commande, nous vous rappelons de lire attentivement les conditions g\u00e9n\u00e9rales de vente et la section &#8220;Droit de r\u00e9tractation&#8221;, d&#8217;imprimer une copie de la proposition de commande \u00e0 l&#8217;aide de la commande d&#8217;impression et de sauvegarder ou reproduire une copie pour votre usage personnel. Conform\u00e9ment \u00e0 l&#8217;article 51, paragraphe 7, du d\u00e9cret l\u00e9gislatif du 6 septembre 2005, n\u00b0. 206 (le &#8220;Code de la consommation&#8221;), nous vous fournirons, avant de transmettre votre proposition de commande, un r\u00e9sum\u00e9 des conditions commerciales et contractuelles qui s&#8217;appliqueront \u00e0 votre proposition de commande pour l&#8217;achat de produits et un r\u00e9sum\u00e9 des informations sur les caract\u00e9ristiques essentielles de chaque produit command\u00e9 avec son prix (incluant toutes les taxes ou droits applicables), les moyens de paiement que vous pouvez utiliser pour acheter chaque produit, les m\u00e9thodes de livraison des produits achet\u00e9s et les co\u00fbts d&#8217;exp\u00e9dition et de livraison ; ainsi que les r\u00e9f\u00e9rences, l&#8217;adresse g\u00e9ographique et les coordonn\u00e9es du Vendeur et la date \u00e0 laquelle le Vendeur, apr\u00e8s avoir accept\u00e9 votre proposition de commande, s&#8217;engage \u00e0 livrer les biens. Le Vendeur vous fournira \u00e9galement un r\u00e9sum\u00e9 des conditions et proc\u00e9dures d&#8217;exercice de votre droit de r\u00e9tractation. Le cas \u00e9ch\u00e9ant, vous serez inform\u00e9 que, en cas de r\u00e9tractation, vous devrez supporter les frais de renvoi des produits.<\/li>\n<li>Sur la page de confirmation de la proposition de commande, qui contient une r\u00e9f\u00e9rence aux Conditions g\u00e9n\u00e9rales de vente et \u00e0 l&#8217;Information sur le droit de r\u00e9tractation, nous vous fournirons des informations r\u00e9sum\u00e9es sur les caract\u00e9ristiques essentielles de chaque produit indiqu\u00e9 dans votre proposition de commande, le prix (y compris toutes les taxes ou droits applicables) et les frais d&#8217;exp\u00e9dition (y compris tous les frais suppl\u00e9mentaires encourus par vous en raison du choix d&#8217;un mode d&#8217;exp\u00e9dition et de livraison diff\u00e9rent et\/ou plus rapide que le mode standard).<\/li>\n<li>La transmission de la proposition de commande au Vendeur constitue une proposition d&#8217;achat ferme pour vous. Avant de transmettre votre proposition de commande, il vous sera donc demand\u00e9 d&#8217;identifier et de corriger les \u00e9ventuelles erreurs de saisie.<\/li>\n<li>Une fois que vous aurez soumis votre proposition de commande, vous recevrez un courriel du vendeur confirmant la r\u00e9ception de votre proposition de commande et son acceptation par le vendeur.<\/li>\n<li>Le vendeur vous enverra un deuxi\u00e8me courriel pour vous informer que les produits ont \u00e9t\u00e9 exp\u00e9di\u00e9s.<\/li>\n<li>La proposition de commande envoy\u00e9e au Vendeur sera archiv\u00e9e dans notre base de donn\u00e9es pendant la p\u00e9riode n\u00e9cessaire au traitement des propositions de commande accept\u00e9es par le Vendeur et en tout cas dans les termes de la loi.<\/li>\n<li>Le Vendeur peut ne pas accepter vos propositions de commande si elles ne pr\u00e9sentent pas de garanties suffisantes de solvabilit\u00e9 ou si elles sont incompl\u00e8tes ou incorrectes ou si les produits ne sont pas disponibles.<\/li>\n<li>Dans les cas susmentionn\u00e9s, nous vous informerons par e-mail que le contrat n&#8217;a pas \u00e9t\u00e9 ex\u00e9cut\u00e9 et que le vendeur n&#8217;a pas accept\u00e9 votre proposition de commande en pr\u00e9cisant les raisons de ce refus. Si les produits affich\u00e9s sur roviti.com ne sont plus disponibles au moment o\u00f9 votre proposition de commande est re\u00e7ue ou trait\u00e9e, le Vendeur vous informera de l&#8217;indisponibilit\u00e9 des produits dans les meilleurs d\u00e9lais et, en tout \u00e9tat de cause, dans les trente (30) jours \u00e0 compter du jour suivant la r\u00e9ception par le Vendeur de votre proposition de commande. Si vous avez d\u00e9j\u00e0 pay\u00e9 le prix des produits, le Vendeur vous remboursera, sans retard excessif, le montant que vous avez d\u00e9j\u00e0 pay\u00e9 et le contrat de vente sera consid\u00e9r\u00e9 comme r\u00e9sili\u00e9.<\/li>\n<li>Nous vous rappelons qu&#8217;en soumettant votre proposition de commande par voie \u00e9lectronique, vous acceptez sans r\u00e9serve et vous vous engagez \u00e0 respecter les pr\u00e9sentes Conditions G\u00e9n\u00e9rales de Vente dans vos relations avec le Vendeur. Si vous n&#8217;\u00eates pas d&#8217;accord avec certaines dispositions des pr\u00e9sentes conditions g\u00e9n\u00e9rales de vente, veuillez ne pas soumettre votre proposition de commande pour l&#8217;achat de produits sur roviti.com.<\/li>\n<li>En soumettant une proposition de commande, vous confirmez que vous comprenez et acceptez \u00e9galement les autres informations sur roviti.com, y compris les conditions g\u00e9n\u00e9rales d&#8217;utilisation et la politique de confidentialit\u00e9.<\/li>\n<\/ol>\n<h4>Disponibilit\u00e9 des produits<\/h4>\n<ol>\n<li>Les produits ne sont pas fournis \u00e0 titre d&#8217;essai. Les principales caract\u00e9ristiques des Produits sont d\u00e9crites sur le Site.<\/li>\n<li>En cas de non-disponibilit\u00e9 d&#8217;un ou plusieurs Produits, roviti.com ne rendra pas l&#8217;achat disponible. Si les produits s\u00e9lectionn\u00e9s, indiqu\u00e9s dans la Commande, ne sont pas disponibles, le Vendeur en informera le Client dans les meilleurs d\u00e9lais et, en tout cas, dans les 30 jours \u00e0 compter de la soumission de la Commande, et remboursera au Client le prix pay\u00e9 ; dans ce cas, le Contrat sera consid\u00e9r\u00e9 comme annul\u00e9.<\/li>\n<li>&#8220;Taxes et droits de douane&#8221;. Dans certains cas, les taxes et droits de douane sont per\u00e7us directement par les autorit\u00e9s douani\u00e8res, calcul\u00e9s sur la valeur de la marchandise command\u00e9e sur notre site. Ces frais sont enti\u00e8rement \u00e0 la charge du destinataire de l&#8217;envoi<\/li>\n<\/ol>\n<h4>Paiements<\/h4>\n<ol>\n<li>Pour le paiement du prix des produits et des frais d&#8217;exp\u00e9dition et de livraison y aff\u00e9rents, vous pouvez utiliser l&#8217;une des m\u00e9thodes indiqu\u00e9es sur le formulaire de proposition de commande. En aucun cas, vous ne serez factur\u00e9 de frais plus \u00e9lev\u00e9s que ceux r\u00e9ellement encourus par le Vendeur, en relation avec le mode de paiement que vous avez choisi.<\/li>\n<li>Si vous payez par carte de cr\u00e9dit, vos informations financi\u00e8res ne seront jamais utilis\u00e9es par le Vendeur, sauf pour ex\u00e9cuter la proc\u00e9dure relative \u00e0 votre achat et effectuer des remboursements en cas de retour de produits, lorsque vous exercez votre droit de r\u00e9tractation ou si cela est n\u00e9cessaire pour pr\u00e9venir ou signaler \u00e0 la police une fraude sur roviti.com. Le prix d&#8217;achat des produits et les frais d&#8217;exp\u00e9dition, tels qu&#8217;indiqu\u00e9s dans la proposition de commande, seront d\u00e9bit\u00e9s sur le compte bancaire choisi par vous pour le paiement au moment de l&#8217;acceptation de la commande.<\/li>\n<\/ol>\n<h4>Traitement des commandes, exp\u00e9dition et livraison des produits<\/h4>\n<ol>\n<li>Les d\u00e9lais de traitement des commandes sont de 1 \u00e0 2 jours ouvrables. Le d\u00e9lai de livraison varie de 3 \u00e0 7 jours ouvrables en fonction du mode d&#8217;exp\u00e9dition choisi.<\/li>\n<li>Le vendeur livre les produits par des coursiers de confiance.<br \/>\nLes achats seront livr\u00e9s dans les d\u00e9lais de livraison indiqu\u00e9s ; en tout \u00e9tat de cause, les d\u00e9lais de livraison ne sont pas sup\u00e9rieurs \u00e0 15 jours \u00e0 compter du jour suivant celui o\u00f9 la commande a \u00e9t\u00e9 pass\u00e9e sur roviti.com.<\/li>\n<li>Les frais d&#8217;exp\u00e9dition sont indiqu\u00e9s sur la page de confirmation de la proposition de commande.<br \/>\nLa documentation fiscale (facture \u00e9lectronique) est \u00e9mise sur demande par roviti.com et envoy\u00e9e au syst\u00e8me t\u00e9l\u00e9matique de l&#8217;Inland Revenue ; avec la livraison du produit, une copie de la facture sans valeur fiscale sera laiss\u00e9e, apr\u00e8s avoir sign\u00e9 le document de transport, ou elle peut \u00eatre envoy\u00e9e comme copie de courtoisie par e-mail \u00e0 l&#8217;adresse indiqu\u00e9e par le Client lors du remplissage de la Commande.<\/li>\n<\/ol>\n<h4>Droit de retrait<\/h4>\n<ol>\n<li>Conform\u00e9ment \u00e0 l&#8217;article 52 du d\u00e9cret l\u00e9gislatif n\u00b0 206 du 6 septembre 2005 (le &#8220;Code de la consommation&#8221;), vous avez le droit de vous r\u00e9tracter du contrat conclu avec le Vendeur sans aucune p\u00e9nalit\u00e9 et sans avoir \u00e0 fournir de motif, dans les quatorze (14) jours \u00e0 compter du jour o\u00f9 vous avez re\u00e7u les produits achet\u00e9s sur roviti.com.<\/li>\n<li>Les frais d&#8217;exp\u00e9dition pour le retour des produits sont \u00e0 la charge du client.<br \/>\n1.Conform\u00e9ment \u00e0 l&#8217;article 54 du Code de la consommation, vous pouvez exercer votre droit de r\u00e9tractation en utilisant, \u00e0 votre choix, l&#8217;une des m\u00e9thodes suivantes<br \/>\na) transmission en ligne au Vendeur du formulaire de retour, enti\u00e8rement rempli : dans ce cas, le Vendeur vous enverra une confirmation par e-mail de la r\u00e9ception de la d\u00e9claration de r\u00e9tractation ;<br \/>\n2.en envoyant au vendeur par voie postale une autre d\u00e9claration explicite de votre d\u00e9cision de r\u00e9tractation du contrat.<br \/>\nConform\u00e9ment \u00e0 l&#8217;article 57 du Code de la consommation, une fois que vous avez exerc\u00e9 votre droit de r\u00e9tractation, les produits \u00e0 retourner doivent \u00eatre remis au transporteur dans un d\u00e9lai de quatorze (14) jours \u00e0 compter de la date \u00e0 laquelle vous avez inform\u00e9 le Vendeur de votre d\u00e9cision de r\u00e9tractation du contrat.<br \/>\nConform\u00e9ment \u00e0 l&#8217;article 59 du code de la consommation, le droit de r\u00e9tractation est exclu si vous avez achet\u00e9 des produits personnalis\u00e9s ou des marchandises scell\u00e9es qui ne peuvent \u00eatre retourn\u00e9es pour des raisons d&#8217;hygi\u00e8ne ou de protection de la sant\u00e9 et qui ont \u00e9t\u00e9 ouvertes apr\u00e8s la livraison.<\/li>\n<li>Une fois que le Vendeur aura re\u00e7u votre retour et v\u00e9rifi\u00e9 que toutes les conditions ont \u00e9t\u00e9 remplies, vous recevrez un e-mail confirmant l&#8217;acceptation du retour et le Vendeur proc\u00e9dera \u00e0 un remboursement complet, ou, s&#8217;il y a une r\u00e9duction de la valeur des produits retourn\u00e9s, vous recevrez un e-mail vous informant du montant d\u00e9duit en tant que r\u00e9duction du remboursement et le Vendeur proc\u00e9dera au remboursement du montant d\u00fb. Quel que soit le mode de paiement disponible que vous avez utilis\u00e9, le remboursement sera activ\u00e9 par le Vendeur dans les meilleurs d\u00e9lais, et en tout \u00e9tat de cause dans les quatorze (14) jours \u00e0 compter de la date \u00e0 laquelle le Vendeur a eu connaissance de l&#8217;exercice de votre droit de r\u00e9tractation, apr\u00e8s avoir v\u00e9rifi\u00e9 que la r\u00e9tractation a \u00e9t\u00e9 effectu\u00e9e conform\u00e9ment aux conditions susmentionn\u00e9es.<br \/>\nLe d\u00e9lai effectif de recr\u00e9ditation ou de remboursement des sommes vers\u00e9es par vous pour l&#8217;achat des produits d\u00e9pend du mode de paiement utilis\u00e9.<\/li>\n<\/ol>\n<h4>Utilisation des produits<\/h4>\n<p>Il est recommand\u00e9 d&#8217;utiliser les produits ROVITI exclusivement \u00e0 des fins cosm\u00e9tiques, conform\u00e9ment aux avertissements g\u00e9n\u00e9raux et sp\u00e9cifiques figurant sur l&#8217;emballage.<\/p>\n<p>Comme tout produit ou agent ext\u00e9rieur entrant en contact avec la peau, les produits cosm\u00e9tiques peuvent pr\u00e9senter des intol\u00e9rances ou des r\u00e9actions allergiques pour certains utilisateurs, ind\u00e9pendamment de la qualit\u00e9 des ingr\u00e9dients utilis\u00e9s et de leur conformit\u00e9 \u00e0 la r\u00e9glementation en vigueur.<\/p>\n<p>Il est donc conseill\u00e9 de toujours effectuer un test en appliquant le produit sur une partie de la peau l\u00e9g\u00e8rement expos\u00e9e (par exemple sur le bras) afin de v\u00e9rifier la tol\u00e9rance individuelle aux composants du produit.<\/p>\n<p>ROVITI srl d\u00e9cline toute responsabilit\u00e9 suite \u00e0 une utilisation inappropri\u00e9e ou au non-respect des normes d&#8217;essai pr\u00e9ventif indiqu\u00e9es ici.<\/p>\n<h4>Droit applicable et r\u00e8glement des litiges<\/h4>\n<ol>\n<li>Sans pr\u00e9judice de l&#8217;application de la r\u00e9glementation imp\u00e9rative d&#8217;origine europ\u00e9enne pour la protection du consommateur, les Conditions G\u00e9n\u00e9rales de Vente sont r\u00e9gies par la loi italienne et en particulier par le Code de la consommation et par le d\u00e9cret l\u00e9gislatif n\u00b0 70 du 9 avril 2003 (&#8221; Mise en \u0153uvre de la directive 2000\/31\/CE relative \u00e0 certains aspects juridiques des services de la soci\u00e9t\u00e9 de l&#8217;information dans le march\u00e9 int\u00e9rieur, et notamment du commerce \u00e9lectronique &#8220;).<\/li>\n<li>Tous les litiges relatifs aux achats et\/ou aux pr\u00e9sentes conditions g\u00e9n\u00e9rales de vente seront r\u00e9gl\u00e9s par le tribunal du lieu de domicile ou de r\u00e9sidence du consommateur conform\u00e9ment \u00e0 la loi applicable ou, au choix du consommateur, par le tribunal de Tarente.<\/li>\n<\/ol>\n<h4>Modification et mise \u00e0 jour<\/h4>\n<p>Les Conditions G\u00e9n\u00e9rales de Vente sont modifi\u00e9es par le Vendeur de temps \u00e0 autre, \u00e9galement en consid\u00e9ration d&#8217;\u00e9ventuelles modifications r\u00e9glementaires. Les nouvelles conditions g\u00e9n\u00e9rales de vente entrent en vigueur \u00e0 la date de leur publication sur roviti.com.[\/vc_column_text]\t\t<\/div>\n\t\t\t<\/div>\n<\/div><\/div>[\/vc_column][\/vc_row]<\/p>\n<p>Views: 32<\/p><\/section>","protected":false},"excerpt":{"rendered":"<p>[vc_row content_placement=&#8221;middle&#8221; disable_background_image=&#8221;&#8221; simple_background_image=&#8221;828&#8243; css=&#8221;.vc_custom_1618224502414{padding-top: 60px !important;padding-bottom: 60px !important;}&#8221;][vc_column offset=&#8221;vc_col-lg-12 vc_col-md-12&#8243;][\/vc_column][\/vc_row] Views: 32<\/p>\n","protected":false},"author":1,"featured_media":0,"parent":0,"menu_order":0,"comment_status":"closed","ping_status":"closed","template":"full-width.php","meta":{"_acf_changed":false,"footnotes":""},"class_list":["post-4570","page","type-page","status-publish","hentry"],"acf":[],"yoast_head":"<!-- This site is optimized with the Yoast SEO plugin v22.8 - https:\/\/yoast.com\/wordpress\/plugins\/seo\/ -->\n<title>Conditions g\u00e9n\u00e9rales de vente<\/title>\n<meta name=\"description\" content=\"Conditions g\u00e9n\u00e9rales de vente - Roviti\" \/>\n<meta name=\"robots\" content=\"index, follow, max-snippet:-1, max-image-preview:large, max-video-preview:-1\" \/>\n<link rel=\"canonical\" href=\"https:\/\/roviti.com\/fr\/conditions-generales-de-vente\/\" \/>\n<meta property=\"og:locale\" content=\"fr_FR\" \/>\n<meta property=\"og:type\" content=\"article\" \/>\n<meta property=\"og:title\" content=\"Conditions g\u00e9n\u00e9rales de vente\" \/>\n<meta property=\"og:description\" content=\"Conditions g\u00e9n\u00e9rales de vente - Roviti\" \/>\n<meta property=\"og:url\" content=\"https:\/\/roviti.com\/fr\/conditions-generales-de-vente\/\" \/>\n<meta property=\"og:site_name\" content=\"Cosm\u00e9tiques naturels d&#039;excellence - Roviti\" \/>\n<meta property=\"article:modified_time\" content=\"2023-06-12T12:59:47+00:00\" \/>\n<meta name=\"twitter:card\" content=\"summary_large_image\" \/>\n<meta name=\"twitter:label1\" content=\"Dur\u00e9e de lecture estim\u00e9e\" \/>\n\t<meta name=\"twitter:data1\" content=\"10 minutes\" \/>\n<!-- \/ Yoast SEO plugin. -->","yoast_head_json":{"title":"Conditions g\u00e9n\u00e9rales de vente","description":"Conditions g\u00e9n\u00e9rales de vente - Roviti","robots":{"index":"index","follow":"follow","max-snippet":"max-snippet:-1","max-image-preview":"max-image-preview:large","max-video-preview":"max-video-preview:-1"},"canonical":"https:\/\/roviti.com\/fr\/conditions-generales-de-vente\/","og_locale":"fr_FR","og_type":"article","og_title":"Conditions g\u00e9n\u00e9rales de vente","og_description":"Conditions g\u00e9n\u00e9rales de vente - Roviti","og_url":"https:\/\/roviti.com\/fr\/conditions-generales-de-vente\/","og_site_name":"Cosm\u00e9tiques naturels d'excellence - Roviti","article_modified_time":"2023-06-12T12:59:47+00:00","twitter_card":"summary_large_image","twitter_misc":{"Dur\u00e9e de lecture estim\u00e9e":"10 minutes"},"schema":{"@context":"https:\/\/schema.org","@graph":[{"@type":"WebPage","@id":"https:\/\/roviti.com\/fr\/conditions-generales-de-vente\/","url":"https:\/\/roviti.com\/fr\/conditions-generales-de-vente\/","name":"Conditions g\u00e9n\u00e9rales de vente","isPartOf":{"@id":"https:\/\/roviti.com\/#website"},"datePublished":"2021-04-12T10:55:19+00:00","dateModified":"2023-06-12T12:59:47+00:00","description":"Conditions g\u00e9n\u00e9rales de vente - Roviti","breadcrumb":{"@id":"https:\/\/roviti.com\/fr\/conditions-generales-de-vente\/#breadcrumb"},"inLanguage":"fr-FR","potentialAction":[{"@type":"ReadAction","target":["https:\/\/roviti.com\/fr\/conditions-generales-de-vente\/"]}]},{"@type":"BreadcrumbList","@id":"https:\/\/roviti.com\/fr\/conditions-generales-de-vente\/#breadcrumb","itemListElement":[{"@type":"ListItem","position":1,"name":"Home","item":"https:\/\/roviti.com\/fr\/"},{"@type":"ListItem","position":2,"name":"Conditions g\u00e9n\u00e9rales de vente"}]},{"@type":"WebSite","@id":"https:\/\/roviti.com\/#website","url":"https:\/\/roviti.com\/","name":"Cosm\u00e9tiques naturels d'excellence - Roviti","description":"Olio di fico d&#039;India","potentialAction":[{"@type":"SearchAction","target":{"@type":"EntryPoint","urlTemplate":"https:\/\/roviti.com\/?s={search_term_string}"},"query-input":"required name=search_term_string"}],"inLanguage":"fr-FR"}]}},"_links":{"self":[{"href":"https:\/\/roviti.com\/fr\/wp-json\/wp\/v2\/pages\/4570","targetHints":{"allow":["GET"]}}],"collection":[{"href":"https:\/\/roviti.com\/fr\/wp-json\/wp\/v2\/pages"}],"about":[{"href":"https:\/\/roviti.com\/fr\/wp-json\/wp\/v2\/types\/page"}],"author":[{"embeddable":true,"href":"https:\/\/roviti.com\/fr\/wp-json\/wp\/v2\/users\/1"}],"replies":[{"embeddable":true,"href":"https:\/\/roviti.com\/fr\/wp-json\/wp\/v2\/comments?post=4570"}],"version-history":[{"count":4,"href":"https:\/\/roviti.com\/fr\/wp-json\/wp\/v2\/pages\/4570\/revisions"}],"predecessor-version":[{"id":4571,"href":"https:\/\/roviti.com\/fr\/wp-json\/wp\/v2\/pages\/4570\/revisions\/4571"}],"wp:attachment":[{"href":"https:\/\/roviti.com\/fr\/wp-json\/wp\/v2\/media?parent=4570"}],"curies":[{"name":"wp","href":"https:\/\/api.w.org\/{rel}","templated":true}]}}