{"id":4566,"date":"2021-03-23T16:02:51","date_gmt":"2021-03-23T15:02:51","guid":{"rendered":"https:\/\/roviti.com\/chi-siamo\/"},"modified":"2024-05-26T22:42:22","modified_gmt":"2024-05-26T20:42:22","slug":"a-propos-de-nous","status":"publish","type":"page","link":"https:\/\/roviti.com\/fr\/a-propos-de-nous\/","title":{"rendered":"\u00c0 propos de nous"},"content":{"rendered":"<section class=\"wpb-content-wrapper\"><p>[vc_row equal_height=&#8221;yes&#8221; css=&#8221;.vc_custom_1617885278039{padding-top: 65px !important;padding-bottom: 82px !important;}&#8221; el_class=&#8221;riga-testo-about&#8221;][vc_column width=&#8221;1\/4&#8243;][\/vc_column][vc_column width=&#8221;1\/2&#8243;]<div class=\"mkdf-elements-holder   mkdf-one-column  mkdf-responsive-mode-768 \" ><div class=\"mkdf-eh-item   mkdf-horizontal-alignment-center  \" data-item-class=\"mkdf-eh-custom-6936\" data-1400-1600=\"0px 0px 0px 0px\" data-1025-1399=\"0px 10% 0px 10%\" data-769-1024=\"0px 10% 0px 10%\" data-681-768=\"0px 10% 0px 10%\" data-680=\"0px 10% 0px 10%\">\n\t<div class=\"mkdf-eh-background-holder\"  ><\/div>\n\t<div class=\"mkdf-eh-item-inner\">\n\t\t<div class=\"mkdf-eh-item-content mkdf-eh-custom-6936\" style=\"padding: 0px 70px 0px 70px\">\n\t\t\t[vc_column_text el_class=&#8221;text-align-about&#8221;]<\/p>\n<p style=\"font-size: 140%;\" align=\"center\">\u00c0 propos de nous &#8211; Passion et excellence<\/p>\n<p align=\"justify\">\u00c0 propos de nous &#8211; Roviti est le nom de notre famille, originaire du <a href=\"https:\/\/es.wikipedia.org\/wiki\/Mezzogiorno\"> sud de l&#8217;Italie<\/a>, parmi laquelle nous sommes fiers de compter des professionnels et des propri\u00e9taires fonciers respect\u00e9s. Notre amour pour la terre et la nature s&#8217;est transmis de g\u00e9n\u00e9ration en g\u00e9n\u00e9ration, sauvegardant fi\u00e8rement les valeurs de la tradition et de la sagesse rurale.<\/p>\n<p align=\"justify\">Toute la philosophie de notre entreprise repose sur la valorisation des <strong>produits naturels<\/strong> et leur application dans le domaine cosm\u00e9tique.<\/p>\n<h2>\u00c0 propos de nous &#8211; Roviti une entreprise italienne<\/h2>\n<p align=\"justify\">Roviti srl est une <strong>entreprise italienne<\/strong> fond\u00e9e par les descendants passionn\u00e9s de la famille dans le but de pr\u00e9server ces traditions et ces valeurs. Notre objectif a \u00e9t\u00e9 de valoriser la production locale de fruits, de fleurs et de plantes qui font partie de la pr\u00e9cieuse singularit\u00e9 de la biodiversit\u00e9 de nos territoires.<\/p>\n<p align=\"justify\">Nous nous consacrons avec d\u00e9vouement \u00e0 la s\u00e9lection et \u00e0 la cr\u00e9ation <strong>d&#8217;ingr\u00e9dients pr\u00e9cieux<\/strong> pour les soins de la peau en utilisant et en valorisant m\u00e9ticuleusement les richesses de notre nature.<\/p>\n<h2>\u00c0 propos de nous &#8211; Recherche scientifique<\/h2>\n<p align=\"justify\">Nous travaillons avec le soutien de la <strong>recherche scientifique<\/strong> et notre collaboration constante avec des professionnels reconnus. Nous visons \u00e0 r\u00e9unir les propri\u00e9t\u00e9s exceptionnelles et b\u00e9n\u00e9fiques de plantes et de fruits uniques qui ne trouvent leur habitat que dans des zones g\u00e9ographiques sp\u00e9cifiques et limit\u00e9es en Italie.<\/p>\n<h2>\u00c0 propos de nous &#8211; Un march\u00e9 tr\u00e8s concurrentiel<\/h2>\n<p align=\"justify\">Sur un march\u00e9 tr\u00e8s concurrentiel, <a href=\"https:\/\/roviti.com\/fr\">Roviti<\/a> innove en proposant une ligne de produits cosm\u00e9tiques dont la formule et les ingr\u00e9dients sont uniques.<\/p>\n<p align=\"justify\">Tous les composants qui forment la base de nos cosm\u00e9tiques sont <strong>exclusivement naturels<\/strong>. Leur proportion est depuis longtemps \u00e9tudi\u00e9e et optimis\u00e9e par notre \u00e9quipe de sp\u00e9cialistes.<\/p>\n<h3>Production limit\u00e9e<\/h3>\n<p align=\"justify\">Notre <strong>production est limit\u00e9e<\/strong> par la raret\u00e9 des mati\u00e8res premi\u00e8res et l&#8217;approche artisanale que nous adoptons pour cr\u00e9er chaque produit. Loin de la logique industrielle et du manque de transparence trop fr\u00e9quent dans le secteur des cosm\u00e9tiques.<\/p>\n<p align=\"justify\">Notre \u00e9quipe sp\u00e9cialis\u00e9e cr\u00e9e des <strong>produits uniques<\/strong>, tant par le choix des ingr\u00e9dients de base que par leur transformation. Tous nos cosm\u00e9tiques sont <i><strong>absolument exempts<\/strong><\/i> de composants chimiques dangereux pour la sant\u00e9 et les soins de la peau.<\/p>\n<p>[\/vc_column_text]\t\t<\/div>\n\t\t\t<\/div>\n<\/div><\/div>[\/vc_column][vc_column width=&#8221;1\/4&#8243;][\/vc_column][\/vc_row][vc_row parallax=&#8221;content-moving-fade&#8221; simple_background_image_repeat=&#8221;no-repeat&#8221; disable_background_image=&#8221;&#8221; css=&#8221;.vc_custom_1617891988550{background-position: 0 0;background-repeat: no-repeat !important;}&#8221; el_id=&#8221;image-about-parallax&#8221; simple_background_image=&#8221;3930&#8243;][vc_column][\/vc_column][\/vc_row][vc_row equal_height=&#8221;yes&#8221; css=&#8221;.vc_custom_1616512435685{padding-top: 55px !important;padding-bottom: 82px !important;}&#8221;][vc_column width=&#8221;1\/4&#8243;][\/vc_column][vc_column width=&#8221;1\/2&#8243;]<div class=\"mkdf-elements-holder   mkdf-one-column  mkdf-responsive-mode-768 \" ><div class=\"mkdf-eh-item   mkdf-horizontal-alignment-center  \" data-item-class=\"mkdf-eh-custom-1944\" data-1400-1600=\"0px 0px 0px 0px\" data-1025-1399=\"0px 10% 0px 10%\" data-769-1024=\"0px 10% 0px 10%\" data-681-768=\"0px 10% 0px 10%\" data-680=\"0px 10% 0px 10%\">\n\t<div class=\"mkdf-eh-background-holder\"  ><\/div>\n\t<div class=\"mkdf-eh-item-inner\">\n\t\t<div class=\"mkdf-eh-item-content mkdf-eh-custom-1944\" style=\"padding: 0px 70px 0px 70px\">\n\t\t\t<div class=\"mkdf-section-title-holder  mkdf-st-top-tagline-position mkdf-st-left-position mkdf-st-bottom-image-position \" style=\"text-align: left\">\n\t<div class=\"mkdf-st-inner\">\n\t\t\t\t\t\t\t<h3 class=\"mkdf-st-tagline\" style=\"color: #e5e5e5;margin-bottom: 0px\">\n\t\t\t\tRoviti Cosm\u00e9tiques naturels\t\t\t<\/h3>\n\t\t\t\t\t\t\t<h3 class=\"mkdf-st-title\" >\n\t\t\t\tLe Projet \u201cRoviti Natural Cosmetics\u201d\t\t\t<\/h3>\n\t\t\t\t\t\t\t\t\t\t\t\t\t<\/div>\n<\/div>[vc_column_text el_class=&#8221;text-align-about&#8221;]Nous sommes anim\u00e9s par une passion pour les produits naturels. Un pays comme l&#8217;Italie et surtout certaines r\u00e9gions du sud sont riches en produits naturels. Nous avons d\u00e9cid\u00e9 de nous concentrer sur la merveilleuse production de fruits et de plantes que seule la biodiversit\u00e9 d&#8217;un \u00e9cosyst\u00e8me unique au monde peut offrir.<\/p>\n<p>Notre projet a \u00e9t\u00e9 con\u00e7u autour d&#8217;une <strong>huile v\u00e9g\u00e9tale tr\u00e8s pure<\/strong>, rare et pr\u00e9cieuse, appr\u00e9ci\u00e9e pour ses innombrables propri\u00e9t\u00e9s pour le soin de la peau.<\/p>\n<h4>La figue de barbarie<\/h4>\n<p>Nous nous sommes donc consacr\u00e9s \u00e0 l&#8217;\u00e9tude des plantes typiques de nos territoires, en essayant de comprendre leurs propri\u00e9t\u00e9s, connues depuis longtemps par la sagesse populaire (mais souvent peu connues du grand public) et soutenues par des \u00e9tudes scientifiques r\u00e9centes et des publications importantes.<\/p>\n<p>Notre attention s&#8217;est port\u00e9e sur une plante et ses fruits typiques de la ceinture m\u00e9diterran\u00e9enne. Dont le sud de l&#8217;Italie est particuli\u00e8rement riche, tant en quantit\u00e9 qu&#8217;en qualit\u00e9 : <a href=\"https:\/\/roviti.com\/fr\/figue-de-barbarie\/\">le figuier de Barbarie<\/a>.<\/p>\n<p>L&#8217;huile press\u00e9e \u00e0 froid extraite des graines du fruit poss\u00e8de plus de 15 propri\u00e9t\u00e9s b\u00e9n\u00e9fiques diff\u00e9rentes pour la peau, dont les plus importantes sont les propri\u00e9t\u00e9s r\u00e9g\u00e9n\u00e9ratrices, hydratantes et antioxydantes.<\/p>\n<p>Les produits cosm\u00e9tiques Roviti exploitent toutes ces <strong>propri\u00e9t\u00e9s naturelles<\/strong> \u00e0 l&#8217;exclusion de tout additif de synth\u00e8se.<\/p>\n<h4>Roviti international<\/h4>\n<p>D\u00e8s le d\u00e9but, notre entreprise s&#8217;est concentr\u00e9e sur l&#8217;expansion internationale. Le caract\u00e8re unique et la qualit\u00e9 de nos produits sont tr\u00e8s appr\u00e9ci\u00e9s par les clients du monde entier.<\/p>\n<p>Dans un march\u00e9 tr\u00e8s concurrentiel, notre entreprise est connue et appr\u00e9ci\u00e9e des distributeurs et des clients finaux exigeants.<\/p>\n<p>Nous exportons des produits cosm\u00e9tiques de la plus haute qualit\u00e9, en prenant soin des d\u00e9lais de livraison et du niveau de services.<\/p>\n<h4>Service client<\/h4>\n<p>Notre \u00e9quipe commerciale vous assistera en quatre langues (anglais, fran\u00e7ais, italien et espagnol) avec tous les d\u00e9tails techniques, commerciaux et logistiques n\u00e9cessaires.<\/p>\n<p>Pour notre r\u00e9seau de revendeurs, nous pouvons nous adapter aux besoins sp\u00e9cifiques et nous pouvons proposer une s\u00e9rie de solutions personnalis\u00e9es pour le d\u00e9veloppement des activit\u00e9s commerciales<\/p>\n<h4>Qualit\u00e9 et garantie<\/h4>\n<p>Nos produits sont certifi\u00e9s BIO et subissent des tests approfondis de qualit\u00e9 et de s\u00e9curit\u00e9. L&#8217;excellente qualit\u00e9 des <strong>cosm\u00e9tiques Roviti<\/strong> repose sur les ingr\u00e9dients uniques qui les composent, sur leur proportion pr\u00e9sente dans les ingr\u00e9dients et sur leur formule unique.<\/p>\n<p>Vous pouvez acheter et recevoir confortablement chez vous nos produits cosm\u00e9tiques naturels uniques en visitant la <a href=\"https:\/\/roviti.com\/fr\/shop\">boutique Roviti<\/a>. Nous t&#8217;attendons![\/vc_column_text]\t\t<\/div>\n\t\t\t<\/div>\n<\/div><\/div>[\/vc_column][vc_column width=&#8221;1\/4&#8243;][\/vc_column][\/vc_row][vc_row disable_element=&#8221;yes&#8221; css=&#8221;.vc_custom_1621707218025{padding-top: 20px !important;padding-bottom: 50px !important;background-position: center !important;background-repeat: no-repeat !important;background-size: cover !important;}&#8221; bg_text_transparency=&#8221;1&#8243;][vc_column][vc_row_inner bg_text_appear=&#8221;mkdf-from-right&#8221; bg_text_placement=&#8221;mkdf-inside-placement&#8221; bg_text=&#8221;You said about us&#8221; bg_text_color=&#8221;#ffffff&#8221; bg_text_bottom=&#8221;-60%&#8221; bg_text_right=&#8221;6px&#8221; bg_text_font_size=&#8221;116px&#8221; css=&#8221;.vc_custom_1621664666470{margin-top: -37px !important;}&#8221;][vc_column_inner width=&#8221;2\/3&#8243; offset=&#8221;vc_col-sm-offset-2&#8243;]<div class=\"mkdf-testimonials-holder clearfix mkdf-testimonials-standard \">\n\t<div class=\"mkdf-testimonials mkdf-owl-slider\" data-enable-loop=\"yes\" data-enable-autoplay=\"yes\" data-slider-speed=\"5000\" data-slider-speed-animation=\"600\" data-enable-navigation=\"yes\" data-enable-pagination=\"yes\">\n\t\t\n\t\t\t\t\t\t\n\t\t\t\t<div class=\"mkdf-testimonial-content\" id=\"mkdf-testimonials-4593\">\n\t\t\t\t\t<div class=\"mkdf-testimonial-text-holder\">\n\t\t\t\t\t\t\t\t\t\t\t\t\t<p itemprop=\"name\"\n\t\t\t\t\t\t\t    class=\"mkdf-testimonial-tagline entry-title\">vos commentaires<\/p>\n\t\t\t\t\t\t\t\t\t\t\t\t\t\t\t\t\t\t\t<h2 itemprop=\"name\"\n\t\t\t\t\t\t\t    class=\"mkdf-testimonial-title entry-title\">t\u00e9moignages<\/h2>\n\t\t\t\t\t\t\t\t\t\t\t\t\t\t\t\t\t\t\t<p class=\"mkdf-testimonial-text\">La cr\u00e8me pour le corps laisse la peau douce et lisse. La texture est douce et s&#039;absorbe rapidement. Senteur l\u00e9g\u00e8re et agr\u00e9able qui s&#039;adapte parfaitement \u00e0 tous les parfums<\/p>\n\t\t\t\t\t\t\t\t\t\t\t\t\t\t\t\t\t\t\t<h4 class=\"mkdf-testimonial-author\">\n\t\t\t\t\t\t\t\t<span class=\"mkdf-testimonials-author-name\">Angela<\/span>\n\t\t\t\t\t\t\t\t\t\t\t\t\t\t\t<\/h4>\n\t\t\t\t\t\t\t\t\t\t\t<\/div>\n\t\t\t\t\t\t\t\t\t<\/div>\n\t\t\t\n\t\t\t\t\t\t\t\n\t\t\t\t<div class=\"mkdf-testimonial-content\" id=\"mkdf-testimonials-4595\">\n\t\t\t\t\t<div class=\"mkdf-testimonial-text-holder\">\n\t\t\t\t\t\t\t\t\t\t\t\t\t<p itemprop=\"name\"\n\t\t\t\t\t\t\t    class=\"mkdf-testimonial-tagline entry-title\">vos commentaires<\/p>\n\t\t\t\t\t\t\t\t\t\t\t\t\t\t\t\t\t\t\t<h2 itemprop=\"name\"\n\t\t\t\t\t\t\t    class=\"mkdf-testimonial-title entry-title\">t\u00e9moignages<\/h2>\n\t\t\t\t\t\t\t\t\t\t\t\t\t\t\t\t\t\t\t<p class=\"mkdf-testimonial-text\">L&#039;huile pure de graines de figue de barbarie a une consistance l\u00e9g\u00e8re et un parfum doux et agr\u00e9able. Il est absorb\u00e9 rapidement et quelques gouttes suffisent pour obtenir un effet hydratant exceptionnel. Je l&#039;utilise le soir, pure ou m\u00e9lang\u00e9e \u00e0 la cr\u00e8me de nuit. Une v\u00e9ritable panac\u00e9e pour les cheveux et le contour des yeux.<\/p>\n\t\t\t\t\t\t\t\t\t\t\t\t\t\t\t\t\t\t\t<h4 class=\"mkdf-testimonial-author\">\n\t\t\t\t\t\t\t\t<span class=\"mkdf-testimonials-author-name\">Patrizia<\/span>\n\t\t\t\t\t\t\t\t\t\t\t\t\t\t\t<\/h4>\n\t\t\t\t\t\t\t\t\t\t\t<\/div>\n\t\t\t\t\t\t\t\t\t<\/div>\n\t\t\t\n\t\t\t\t\t\t\t\n\t\t\t\t<div class=\"mkdf-testimonial-content\" id=\"mkdf-testimonials-4597\">\n\t\t\t\t\t<div class=\"mkdf-testimonial-text-holder\">\n\t\t\t\t\t\t\t\t\t\t\t\t\t<p itemprop=\"name\"\n\t\t\t\t\t\t\t    class=\"mkdf-testimonial-tagline entry-title\">vos commentaires<\/p>\n\t\t\t\t\t\t\t\t\t\t\t\t\t\t\t\t\t\t\t<h2 itemprop=\"name\"\n\t\t\t\t\t\t\t    class=\"mkdf-testimonial-title entry-title\">t\u00e9moignages<\/h2>\n\t\t\t\t\t\t\t\t\t\t\t\t\t\t\t\t\t\t\t<p class=\"mkdf-testimonial-text\">Cr\u00e8me de jour anti-\u00e2ge, je l&#039;ai utilis\u00e9e aussi bien le jour que le soir. Sa texture est douce et tr\u00e8s agr\u00e9able \u00e0 appliquer. La peau est visiblement plus souple, plus \u00e9clatante et revitalis\u00e9e. C&#039;est aussi une v\u00e9ritable panac\u00e9e pour les rides, sur lesquelles il a un effet lissant tr\u00e8s marqu\u00e9. C&#039;est un v\u00e9ritable arsenal &quot;anti-temps&quot;.<\/p>\n\t\t\t\t\t\t\t\t\t\t\t\t\t\t\t\t\t\t\t<h4 class=\"mkdf-testimonial-author\">\n\t\t\t\t\t\t\t\t<span class=\"mkdf-testimonials-author-name\">Laurence<\/span>\n\t\t\t\t\t\t\t\t\t\t\t\t\t\t\t<\/h4>\n\t\t\t\t\t\t\t\t\t\t\t<\/div>\n\t\t\t\t\t\t\t\t\t<\/div>\n\t\t\t\n\t\t\t\t\t\t\t\n\t\t\t\t<div class=\"mkdf-testimonial-content\" id=\"mkdf-testimonials-4599\">\n\t\t\t\t\t<div class=\"mkdf-testimonial-text-holder\">\n\t\t\t\t\t\t\t\t\t\t\t\t\t<p itemprop=\"name\"\n\t\t\t\t\t\t\t    class=\"mkdf-testimonial-tagline entry-title\">vos commentaires<\/p>\n\t\t\t\t\t\t\t\t\t\t\t\t\t\t\t\t\t\t\t<h2 itemprop=\"name\"\n\t\t\t\t\t\t\t    class=\"mkdf-testimonial-title entry-title\">t\u00e9moignages<\/h2>\n\t\t\t\t\t\t\t\t\t\t\t\t\t\t\t\t\t\t\t<p class=\"mkdf-testimonial-text\">Une amie m&#039;a sugg\u00e9r\u00e9 d&#039;essayer la cr\u00e8me pour le visage Roviti. Je dois avouer que ma peau l&#039;absorbe imm\u00e9diatement et qu&#039;il rend mon visage extr\u00eamement lumineux et velout\u00e9. La pr\u00e9sence de l&#039;huile de graines de figue de barbarie dans les ingr\u00e9dients est un vrai plus qui se combine parfaitement avec tous les autres composants naturels. Parmi les meilleures cr\u00e8mes que j&#039;ai essay\u00e9es !<\/p>\n\t\t\t\t\t\t\t\t\t\t\t\t\t\t\t\t\t\t\t<h4 class=\"mkdf-testimonial-author\">\n\t\t\t\t\t\t\t\t<span class=\"mkdf-testimonials-author-name\">Edith<\/span>\n\t\t\t\t\t\t\t\t\t\t\t\t\t\t\t<\/h4>\n\t\t\t\t\t\t\t\t\t\t\t<\/div>\n\t\t\t\t\t\t\t\t\t<\/div>\n\t\t\t\n\t\t\t\t\t\t\t\n\t\t\t\t<div class=\"mkdf-testimonial-content\" id=\"mkdf-testimonials-4601\">\n\t\t\t\t\t<div class=\"mkdf-testimonial-text-holder\">\n\t\t\t\t\t\t\t\t\t\t\t\t\t<p itemprop=\"name\"\n\t\t\t\t\t\t\t    class=\"mkdf-testimonial-tagline entry-title\">vos commentaires<\/p>\n\t\t\t\t\t\t\t\t\t\t\t\t\t\t\t\t\t\t\t<h2 itemprop=\"name\"\n\t\t\t\t\t\t\t    class=\"mkdf-testimonial-title entry-title\">t\u00e9moignages<\/h2>\n\t\t\t\t\t\t\t\t\t\t\t\t\t\t\t\t\t\t\t<p class=\"mkdf-testimonial-text\">Apr\u00e8s la douche, j&#039;\u00e9tale la cr\u00e8me pour le corps et j&#039;ai l&#039;impression de faire un voyage dans le sud de l&#039;Italie gr\u00e2ce \u00e0 son d\u00e9licat parfum de fleurs d&#039;agrumes. Ma peau est hydrat\u00e9e, douce et souple gr\u00e2ce \u00e0 la triple action des ingr\u00e9dients 100% naturels que sont les graines d&#039;argan, le beurre de karit\u00e9 et les extraits de r\u00e9glisse.<\/p>\n\t\t\t\t\t\t\t\t\t\t\t\t\t\t\t\t\t\t\t<h4 class=\"mkdf-testimonial-author\">\n\t\t\t\t\t\t\t\t<span class=\"mkdf-testimonials-author-name\">Laura<\/span>\n\t\t\t\t\t\t\t\t\t\t\t\t\t\t\t<\/h4>\n\t\t\t\t\t\t\t\t\t\t\t<\/div>\n\t\t\t\t\t\t\t\t\t<\/div>\n\t\t\t\n\t\t\t\t\t\t\t\n\t\t\t\t<div class=\"mkdf-testimonial-content\" id=\"mkdf-testimonials-4603\">\n\t\t\t\t\t<div class=\"mkdf-testimonial-text-holder\">\n\t\t\t\t\t\t\t\t\t\t\t\t\t<p itemprop=\"name\"\n\t\t\t\t\t\t\t    class=\"mkdf-testimonial-tagline entry-title\">vos commentaires<\/p>\n\t\t\t\t\t\t\t\t\t\t\t\t\t\t\t\t\t\t\t<h2 itemprop=\"name\"\n\t\t\t\t\t\t\t    class=\"mkdf-testimonial-title entry-title\">t\u00e9moignages<\/h2>\n\t\t\t\t\t\t\t\t\t\t\t\t\t\t\t\t\t\t\t<p class=\"mkdf-testimonial-text\">Cette huile est une merveille ! 2-3 gouttes sur le contour des yeux le soir et mes yeux sont repos\u00e9s au r\u00e9veil, quelques gouttes sur les pointes s\u00e8ches de mes cheveux et ils deviennent doux et brillants. J&#039;ajoute \u00e9galement 2 ou 3 gouttes \u00e0 un peu de cr\u00e8me de base pour le visage ou le corps pour qu&#039;elle devienne imm\u00e9diatement une cr\u00e8me super nourrissante pour toute la journ\u00e9e.<\/p>\n\t\t\t\t\t\t\t\t\t\t\t\t\t\t\t\t\t\t\t<h4 class=\"mkdf-testimonial-author\">\n\t\t\t\t\t\t\t\t<span class=\"mkdf-testimonials-author-name\">Alessia<\/span>\n\t\t\t\t\t\t\t\t\t\t\t\t\t\t\t<\/h4>\n\t\t\t\t\t\t\t\t\t\t\t<\/div>\n\t\t\t\t\t\t\t\t\t<\/div>\n\t\t\t\n\t\t\t\t\t\t\t\n\t\t\t\t<div class=\"mkdf-testimonial-content\" id=\"mkdf-testimonials-4605\">\n\t\t\t\t\t<div class=\"mkdf-testimonial-text-holder\">\n\t\t\t\t\t\t\t\t\t\t\t\t\t<p itemprop=\"name\"\n\t\t\t\t\t\t\t    class=\"mkdf-testimonial-tagline entry-title\">vos commentaires<\/p>\n\t\t\t\t\t\t\t\t\t\t\t\t\t\t\t\t\t\t\t<h2 itemprop=\"name\"\n\t\t\t\t\t\t\t    class=\"mkdf-testimonial-title entry-title\">t\u00e9moignages<\/h2>\n\t\t\t\t\t\t\t\t\t\t\t\t\t\t\t\t\t\t\t<p class=\"mkdf-testimonial-text\">\u00c0 55 ans, la peau de mon visage souffre des changements de temp\u00e9rature et des changements de saison. Gr\u00e2ce \u00e0 la cr\u00e8me de jour anti-\u00e2ge, la peau de mon visage est devenue douce, brillante et ne tire plus. Chaque matin, j&#039;applique ma cr\u00e8me sur mon visage, mon cou et mon d\u00e9collet\u00e9 en sachant qu&#039;il s&#039;agit d&#039;un produit 100% naturel au merveilleux parfum d&#039;agrumes et d&#039;huiles essentielles.<\/p>\n\t\t\t\t\t\t\t\t\t\t\t\t\t\t\t\t\t\t\t<h4 class=\"mkdf-testimonial-author\">\n\t\t\t\t\t\t\t\t<span class=\"mkdf-testimonials-author-name\">Sandra<\/span>\n\t\t\t\t\t\t\t\t\t\t\t\t\t\t\t<\/h4>\n\t\t\t\t\t\t\t\t\t\t\t<\/div>\n\t\t\t\t\t\t\t\t\t<\/div>\n\t\t\t\n\t\t\t\t\n\t<\/div>\n<\/div>[\/vc_column_inner][\/vc_row_inner][\/vc_column][\/vc_row]<\/p>\n<p>Views: 370<\/p><\/section>","protected":false},"excerpt":{"rendered":"<p>[vc_row equal_height=&#8221;yes&#8221; css=&#8221;.vc_custom_1617885278039{padding-top: 65px !important;padding-bottom: 82px !important;}&#8221; el_class=&#8221;riga-testo-about&#8221;][vc_column width=&#8221;1\/4&#8243;][\/vc_column][vc_column width=&#8221;1\/2&#8243;][\/vc_column][vc_column width=&#8221;1\/4&#8243;][\/vc_column][\/vc_row][vc_row parallax=&#8221;content-moving-fade&#8221; simple_background_image_repeat=&#8221;no-repeat&#8221; disable_background_image=&#8221;&#8221; css=&#8221;.vc_custom_1617891988550{background-position: [&hellip;]<\/p>\n","protected":false},"author":1,"featured_media":0,"parent":0,"menu_order":0,"comment_status":"closed","ping_status":"closed","template":"full-width.php","meta":{"_acf_changed":false,"footnotes":""},"class_list":["post-4566","page","type-page","status-publish","hentry"],"acf":[],"yoast_head":"<!-- This site is optimized with the Yoast SEO plugin v22.8 - https:\/\/yoast.com\/wordpress\/plugins\/seo\/ -->\n<title>\u00c0 propos de nous | Cosm\u00e9tique bio Roviti | Passion et excellence<\/title>\n<meta name=\"description\" content=\"\u00c0 propos de nous. Roviti est le nom de notre famille, parmi laquelle nous sommes fiers de compter des professionnels respect\u00e9s.\" \/>\n<meta name=\"robots\" content=\"index, follow, max-snippet:-1, max-image-preview:large, max-video-preview:-1\" \/>\n<link rel=\"canonical\" href=\"https:\/\/roviti.com\/fr\/a-propos-de-nous\/\" \/>\n<meta property=\"og:locale\" content=\"fr_FR\" \/>\n<meta property=\"og:type\" content=\"article\" \/>\n<meta property=\"og:title\" content=\"\u00c0 propos de nous | Cosm\u00e9tique bio Roviti | Passion et excellence\" \/>\n<meta property=\"og:description\" content=\"\u00c0 propos de nous. Roviti est le nom de notre famille, parmi laquelle nous sommes fiers de compter des professionnels respect\u00e9s.\" \/>\n<meta property=\"og:url\" content=\"https:\/\/roviti.com\/fr\/a-propos-de-nous\/\" \/>\n<meta property=\"og:site_name\" content=\"Cosm\u00e9tiques naturels d&#039;excellence - Roviti\" \/>\n<meta property=\"article:modified_time\" content=\"2024-05-26T20:42:22+00:00\" \/>\n<meta name=\"twitter:card\" content=\"summary_large_image\" \/>\n<meta name=\"twitter:label1\" content=\"Dur\u00e9e de lecture estim\u00e9e\" \/>\n\t<meta name=\"twitter:data1\" content=\"4 minutes\" \/>\n<!-- \/ Yoast SEO plugin. -->","yoast_head_json":{"title":"\u00c0 propos de nous | Cosm\u00e9tique bio Roviti | Passion et excellence","description":"\u00c0 propos de nous. Roviti est le nom de notre famille, parmi laquelle nous sommes fiers de compter des professionnels respect\u00e9s.","robots":{"index":"index","follow":"follow","max-snippet":"max-snippet:-1","max-image-preview":"max-image-preview:large","max-video-preview":"max-video-preview:-1"},"canonical":"https:\/\/roviti.com\/fr\/a-propos-de-nous\/","og_locale":"fr_FR","og_type":"article","og_title":"\u00c0 propos de nous | Cosm\u00e9tique bio Roviti | Passion et excellence","og_description":"\u00c0 propos de nous. Roviti est le nom de notre famille, parmi laquelle nous sommes fiers de compter des professionnels respect\u00e9s.","og_url":"https:\/\/roviti.com\/fr\/a-propos-de-nous\/","og_site_name":"Cosm\u00e9tiques naturels d'excellence - Roviti","article_modified_time":"2024-05-26T20:42:22+00:00","twitter_card":"summary_large_image","twitter_misc":{"Dur\u00e9e de lecture estim\u00e9e":"4 minutes"},"schema":{"@context":"https:\/\/schema.org","@graph":[{"@type":"WebPage","@id":"https:\/\/roviti.com\/fr\/a-propos-de-nous\/","url":"https:\/\/roviti.com\/fr\/a-propos-de-nous\/","name":"\u00c0 propos de nous | Cosm\u00e9tique bio Roviti | Passion et excellence","isPartOf":{"@id":"https:\/\/roviti.com\/#website"},"datePublished":"2021-03-23T15:02:51+00:00","dateModified":"2024-05-26T20:42:22+00:00","description":"\u00c0 propos de nous. Roviti est le nom de notre famille, parmi laquelle nous sommes fiers de compter des professionnels respect\u00e9s.","breadcrumb":{"@id":"https:\/\/roviti.com\/fr\/a-propos-de-nous\/#breadcrumb"},"inLanguage":"fr-FR","potentialAction":[{"@type":"ReadAction","target":["https:\/\/roviti.com\/fr\/a-propos-de-nous\/"]}]},{"@type":"BreadcrumbList","@id":"https:\/\/roviti.com\/fr\/a-propos-de-nous\/#breadcrumb","itemListElement":[{"@type":"ListItem","position":1,"name":"Home","item":"https:\/\/roviti.com\/fr\/"},{"@type":"ListItem","position":2,"name":"\u00c0 propos de nous"}]},{"@type":"WebSite","@id":"https:\/\/roviti.com\/#website","url":"https:\/\/roviti.com\/","name":"Cosm\u00e9tiques naturels d'excellence - Roviti","description":"Olio di fico d&#039;India","potentialAction":[{"@type":"SearchAction","target":{"@type":"EntryPoint","urlTemplate":"https:\/\/roviti.com\/?s={search_term_string}"},"query-input":"required name=search_term_string"}],"inLanguage":"fr-FR"}]}},"_links":{"self":[{"href":"https:\/\/roviti.com\/fr\/wp-json\/wp\/v2\/pages\/4566","targetHints":{"allow":["GET"]}}],"collection":[{"href":"https:\/\/roviti.com\/fr\/wp-json\/wp\/v2\/pages"}],"about":[{"href":"https:\/\/roviti.com\/fr\/wp-json\/wp\/v2\/types\/page"}],"author":[{"embeddable":true,"href":"https:\/\/roviti.com\/fr\/wp-json\/wp\/v2\/users\/1"}],"replies":[{"embeddable":true,"href":"https:\/\/roviti.com\/fr\/wp-json\/wp\/v2\/comments?post=4566"}],"version-history":[{"count":35,"href":"https:\/\/roviti.com\/fr\/wp-json\/wp\/v2\/pages\/4566\/revisions"}],"predecessor-version":[{"id":8580,"href":"https:\/\/roviti.com\/fr\/wp-json\/wp\/v2\/pages\/4566\/revisions\/8580"}],"wp:attachment":[{"href":"https:\/\/roviti.com\/fr\/wp-json\/wp\/v2\/media?parent=4566"}],"curies":[{"name":"wp","href":"https:\/\/api.w.org\/{rel}","templated":true}]}}