{"id":4512,"date":"2021-04-07T16:27:08","date_gmt":"2021-04-07T14:27:08","guid":{"rendered":"https:\/\/roviti.com\/blog\/"},"modified":"2024-05-26T22:44:07","modified_gmt":"2024-05-26T20:44:07","slug":"blog","status":"publish","type":"page","link":"https:\/\/roviti.com\/fr\/blog\/","title":{"rendered":"Cosm\u00e9tiques Bio &#8211; Blog"},"content":{"rendered":"<section class=\"wpb-content-wrapper\"><p>[vc_row css=&#8221;.vc_custom_1617961132542{background-position: center !important;background-repeat: no-repeat !important;background-size: cover !important;}&#8221;][vc_column][vc_row_inner row_content_width=&#8221;grid&#8221;][vc_column_inner][vc_column_text]<\/p>\n<h2 style=\"font-size: 110%;\">Cosm\u00e9tiques bio \u00e0 base d&#8217;huile de figue de barbarie<\/h2>\n<p align=\"justify\">Cosm\u00e9tiques bio Roviti \u2013 production et distribution de cosm\u00e9tiques naturels pour chaque type de peau. Nos produits, \u00e0 base <a href=\"https:\/\/fr.wikipedia.org\/wiki\/Figuier_de_Barbarie\">d&#8217;huile essentielle de figue de barbarie<\/a> et d&#8217;autres ingr\u00e9dients 100% naturels sont \u00e9labor\u00e9s avec des formules innovantes.<\/p>\n<h3>Recherche scientifique et essai en laboratoire<\/h3>\n<p align=\"justify\">Nous produisons et vendons uniquement des produits cosm\u00e9tiques bio-naturels avec une attention particuli\u00e8re aux soins de la peau. Tous nos produits sont test\u00e9s par des sp\u00e9cialistes accr\u00e9dit\u00e9s. Nous garantissons la qualit\u00e9 et la puret\u00e9 de nos produits ainsi que <i><strong>l&#8217;absence de tout additif de synth\u00e8se<\/strong><\/i>.<\/p>\n<p>[\/vc_column_text][vc_empty_space height=&#8221;2px&#8221;]<div class=\"mkdf-blog-list-holder mkdf-grid-list mkdf-bl-standard mkdf-three-columns mkdf-disable-bottom-space mkdf-medium-space mkdf-bl-pag-no-pagination\"  data-type=standard data-number-of-posts=-1 data-number-of-columns=three data-space-between-items=medium data-orderby=date data-order=DESC data-image-size=custom data-custom-image-width=650 data-custom-image-height=650 data-title-tag=h4 data-excerpt-length=20 data-post-info-section=no data-post-info-image=yes data-post-info-author=no data-post-info-date=yes data-post-info-category=yes data-pagination-type=no-pagination data-max-num-pages=0 data-next-page=2>\n\t<div class=\"mkdf-bl-wrapper mkdf-outer-space\">\n\t\t<ul class=\"mkdf-blog-list\">\n\t\t\t\n<li class=\"mkdf-bl-item mkdf-item-space\">\n\t<div class=\"mkdf-bli-inner\">\n\t\t\t\t\t<div class=\"mkdf-bli-heading\">\n\t\t\t\t\t<div class=\"mkdf-post-image\">\n\t\t\t\t\t<a itemprop=\"url\" href=\"https:\/\/roviti.com\/fr\/comment-reconnaitre-une-huile-de-figue-de-barbarie-de-qualite\/\" title=\"Comment reconna\u00eetre une huile de figue de barbarie de bonne qualit\u00e9 ?\">\n\t\t\t\t\t<img fetchpriority=\"high\" decoding=\"async\" src=\"https:\/\/roviti.com\/wp-content\/uploads\/2021\/04\/roviti-blog-09-650x650.jpg\" alt=\"olio di fico d&#039;india\" width=\"650\" height=\"650\" \/>\t\t\t\t\t<\/a>\n\t\t\t\t\t<\/div>\n<div itemprop=\"dateCreated\" class=\"mkdf-post-info-date entry-date published updated\">\n\t\t\t<a itemprop=\"url\" href=\"https:\/\/roviti.com\/fr\/2021\/00\/\">\n\t\t\t\t\t\t<span class=\"mkdf-post-info-get-month\">Avr<\/span>\n\t\t\t<span class=\"mkdf-post-info-get-date\">09<\/span>\n\t\t<\/a>\n\t\t<meta itemprop=\"interactionCount\" content=\"UserComments: 0\"\/>\n<\/div>\t\t\t<\/div>\n\t\t\t\t<div class=\"mkdf-bli-content\">\n\t\t\t\t\t\t\n\t\t\t\n<h4 itemprop=\"name\" class=\"entry-title mkdf-post-title\" >\n            <a itemprop=\"url\" href=\"https:\/\/roviti.com\/fr\/comment-reconnaitre-une-huile-de-figue-de-barbarie-de-qualite\/\" title=\"Comment reconna\u00eetre une huile de figue de barbarie de bonne qualit\u00e9 ?\">\n            Comment reconna\u00eetre une huile de figue de barbarie de bonne qualit\u00e9 ?            <\/a>\n    <\/h4>\t\t\t\n\t\t\t<div class=\"mkdf-bli-excerpt\">\n\t\t\t\t\t\t<div class=\"mkdf-post-excerpt-holder\">\n\t\t\t<p itemprop=\"description\" class=\"mkdf-post-excerpt\">\n\t\t\t\tEn effectuant une simple recherche sur Internet, vous trouverez de nombreux sites proposant \u00e0 la vente de l\u2019huile de\u2026\t\t\t<\/p>\n\t\t<\/div>\n\t\t\t\t\t\t<div class=\"mkdf-post-read-more-button\">\n\t\t<a itemprop=\"url\" href=\"https:\/\/roviti.com\/fr\/comment-reconnaitre-une-huile-de-figue-de-barbarie-de-qualite\/\" target=\"_self\"  class=\"mkdf-btn mkdf-btn-medium mkdf-btn-simple mkdf-blog-list-button mkdf-btn-with-prefix\"  >    <span class=\"mkdf-btn-text\">Lire Plus<\/span>    <\/a>\t<\/div>\n\t\t\t<\/div>\n\t\t<\/div>\n\t<\/div>\n<\/li>\n<li class=\"mkdf-bl-item mkdf-item-space\">\n\t<div class=\"mkdf-bli-inner\">\n\t\t\t\t\t<div class=\"mkdf-bli-heading\">\n\t\t\t\t\t<div class=\"mkdf-post-image\">\n\t\t\t\t\t<a itemprop=\"url\" href=\"https:\/\/roviti.com\/fr\/cosmetiques-naturels-bio\/\" title=\"Cosm\u00e9tiques naturels bio\">\n\t\t\t\t\t<img decoding=\"async\" src=\"https:\/\/roviti.com\/wp-content\/uploads\/2021\/04\/roviti-blog-06-650x650.jpg\" alt=\"Cosmetici naturali Roviti\" width=\"650\" height=\"650\" \/>\t\t\t\t\t<\/a>\n\t\t\t\t\t<\/div>\n<div itemprop=\"dateCreated\" class=\"mkdf-post-info-date entry-date published updated\">\n\t\t\t<a itemprop=\"url\" href=\"https:\/\/roviti.com\/fr\/2021\/00\/\">\n\t\t\t\t\t\t<span class=\"mkdf-post-info-get-month\">Avr<\/span>\n\t\t\t<span class=\"mkdf-post-info-get-date\">05<\/span>\n\t\t<\/a>\n\t\t<meta itemprop=\"interactionCount\" content=\"UserComments: 0\"\/>\n<\/div>\t\t\t<\/div>\n\t\t\t\t<div class=\"mkdf-bli-content\">\n\t\t\t\t\t\t\n\t\t\t\n<h4 itemprop=\"name\" class=\"entry-title mkdf-post-title\" >\n            <a itemprop=\"url\" href=\"https:\/\/roviti.com\/fr\/cosmetiques-naturels-bio\/\" title=\"Cosm\u00e9tiques naturels bio\">\n            Cosm\u00e9tiques naturels bio            <\/a>\n    <\/h4>\t\t\t\n\t\t\t<div class=\"mkdf-bli-excerpt\">\n\t\t\t\t\t\t<div class=\"mkdf-post-excerpt-holder\">\n\t\t\t<p itemprop=\"description\" class=\"mkdf-post-excerpt\">\n\t\t\t\tLes produits Roviti Natural Cosmetics se caract\u00e9risent par la pr\u00e9sence d\u2019huiles et de beurres issus de l\u2019agriculture biologique\u2026\t\t\t<\/p>\n\t\t<\/div>\n\t\t\t\t\t\t<div class=\"mkdf-post-read-more-button\">\n\t\t<a itemprop=\"url\" href=\"https:\/\/roviti.com\/fr\/cosmetiques-naturels-bio\/\" target=\"_self\"  class=\"mkdf-btn mkdf-btn-medium mkdf-btn-simple mkdf-blog-list-button mkdf-btn-with-prefix\"  >    <span class=\"mkdf-btn-text\">Lire Plus<\/span>    <\/a>\t<\/div>\n\t\t\t<\/div>\n\t\t<\/div>\n\t<\/div>\n<\/li>\n<li class=\"mkdf-bl-item mkdf-item-space\">\n\t<div class=\"mkdf-bli-inner\">\n\t\t\t\t\t<div class=\"mkdf-bli-heading\">\n\t\t\t\t\t<div class=\"mkdf-post-image\">\n\t\t\t\t\t<a itemprop=\"url\" href=\"https:\/\/roviti.com\/fr\/creme-de-nuit-naturelle\/\" title=\"CR\u00c8ME DE NUIT NATURELLE\">\n\t\t\t\t\t<img decoding=\"async\" src=\"https:\/\/roviti.com\/wp-content\/uploads\/2021\/04\/roviti-blog-11-650x650.jpg\" alt=\"Crema notte naturale\" width=\"650\" height=\"650\" \/>\t\t\t\t\t<\/a>\n\t\t\t\t\t<\/div>\n<div itemprop=\"dateCreated\" class=\"mkdf-post-info-date entry-date published updated\">\n\t\t\t<a itemprop=\"url\" href=\"https:\/\/roviti.com\/fr\/2021\/00\/\">\n\t\t\t\t\t\t<span class=\"mkdf-post-info-get-month\">Mar<\/span>\n\t\t\t<span class=\"mkdf-post-info-get-date\">25<\/span>\n\t\t<\/a>\n\t\t<meta itemprop=\"interactionCount\" content=\"UserComments: 0\"\/>\n<\/div>\t\t\t<\/div>\n\t\t\t\t<div class=\"mkdf-bli-content\">\n\t\t\t\t\t\t\n\t\t\t\n<h4 itemprop=\"name\" class=\"entry-title mkdf-post-title\" >\n            <a itemprop=\"url\" href=\"https:\/\/roviti.com\/fr\/creme-de-nuit-naturelle\/\" title=\"CR\u00c8ME DE NUIT NATURELLE\">\n            CR\u00c8ME DE NUIT NATURELLE            <\/a>\n    <\/h4>\t\t\t\n\t\t\t<div class=\"mkdf-bli-excerpt\">\n\t\t\t\t\t\t<div class=\"mkdf-post-excerpt-holder\">\n\t\t\t<p itemprop=\"description\" class=\"mkdf-post-excerpt\">\n\t\t\t\tIn Roviti Natural Cosmetics, abbiamo una passione autentica per la cosmesi naturale e ci teniamo a produrre\t\t\t<\/p>\n\t\t<\/div>\n\t\t\t\t\t\t<div class=\"mkdf-post-read-more-button\">\n\t\t<a itemprop=\"url\" href=\"https:\/\/roviti.com\/fr\/creme-de-nuit-naturelle\/\" target=\"_self\"  class=\"mkdf-btn mkdf-btn-medium mkdf-btn-simple mkdf-blog-list-button mkdf-btn-with-prefix\"  >    <span class=\"mkdf-btn-text\">Lire Plus<\/span>    <\/a>\t<\/div>\n\t\t\t<\/div>\n\t\t<\/div>\n\t<\/div>\n<\/li>\n<li class=\"mkdf-bl-item mkdf-item-space\">\n\t<div class=\"mkdf-bli-inner\">\n\t\t\t\t\t<div class=\"mkdf-bli-heading\">\n\t\t\t\t\t<div class=\"mkdf-post-image\">\n\t\t\t\t\t<a itemprop=\"url\" href=\"https:\/\/roviti.com\/fr\/lait-de-bain-elixir-de-figue-de-barbarie-un-produit-cosmetique-exclusif\/\" title=\"Lait de bain hydratant a base d&#8217;huile de figue de barbarie\">\n\t\t\t\t\t<img loading=\"lazy\" decoding=\"async\" src=\"https:\/\/roviti.com\/wp-content\/uploads\/2021\/03\/roviti_bagno_latte-650x650.jpeg\" alt=\"Bagno latte a base di olio di fico d&#039;india\" width=\"650\" height=\"650\" \/>\t\t\t\t\t<\/a>\n\t\t\t\t\t<\/div>\n<div itemprop=\"dateCreated\" class=\"mkdf-post-info-date entry-date published updated\">\n\t\t\t<a itemprop=\"url\" href=\"https:\/\/roviti.com\/fr\/2021\/00\/\">\n\t\t\t\t\t\t<span class=\"mkdf-post-info-get-month\">Mar<\/span>\n\t\t\t<span class=\"mkdf-post-info-get-date\">10<\/span>\n\t\t<\/a>\n\t\t<meta itemprop=\"interactionCount\" content=\"UserComments: 0\"\/>\n<\/div>\t\t\t<\/div>\n\t\t\t\t<div class=\"mkdf-bli-content\">\n\t\t\t\t\t\t\n\t\t\t\n<h4 itemprop=\"name\" class=\"entry-title mkdf-post-title\" >\n            <a itemprop=\"url\" href=\"https:\/\/roviti.com\/fr\/lait-de-bain-elixir-de-figue-de-barbarie-un-produit-cosmetique-exclusif\/\" title=\"Lait de bain hydratant a base d&#8217;huile de figue de barbarie\">\n            Lait de bain hydratant a base d&#8217;huile de figue de barbarie            <\/a>\n    <\/h4>\t\t\t\n\t\t\t<div class=\"mkdf-bli-excerpt\">\n\t\t\t\t\t\t<div class=\"mkdf-post-excerpt-holder\">\n\t\t\t<p itemprop=\"description\" class=\"mkdf-post-excerpt\">\n\t\t\t\tNous vous pr\u00e9sentons aujourd\u2019hui un cosm\u00e9tique exclusif, le bain de lait \u00e0 la figue de barbarie Elisir. Gr\u00e2ce \u00e0 la\t\t\t<\/p>\n\t\t<\/div>\n\t\t\t\t\t\t<div class=\"mkdf-post-read-more-button\">\n\t\t<a itemprop=\"url\" href=\"https:\/\/roviti.com\/fr\/lait-de-bain-elixir-de-figue-de-barbarie-un-produit-cosmetique-exclusif\/\" target=\"_self\"  class=\"mkdf-btn mkdf-btn-medium mkdf-btn-simple mkdf-blog-list-button mkdf-btn-with-prefix\"  >    <span class=\"mkdf-btn-text\">Lire Plus<\/span>    <\/a>\t<\/div>\n\t\t\t<\/div>\n\t\t<\/div>\n\t<\/div>\n<\/li>\n<li class=\"mkdf-bl-item mkdf-item-space\">\n\t<div class=\"mkdf-bli-inner\">\n\t\t\t\t\t<div class=\"mkdf-bli-heading\">\n\t\t\t\t\t<div class=\"mkdf-post-image\">\n\t\t\t\t\t<a itemprop=\"url\" href=\"https:\/\/roviti.com\/fr\/une-comparaison-entre-huile-de-figue-de-barbarie-et-huile-d-argan\/\" title=\"Une comparaison entre l&#8217;huile de figue de barbarie et l&#8217;huile d&#8217;argan\">\n\t\t\t\t\t<img loading=\"lazy\" decoding=\"async\" src=\"https:\/\/roviti.com\/wp-content\/uploads\/2021\/04\/roviti-blog-10-650x650.jpg\" alt=\"Fico d&#039;India\" width=\"650\" height=\"650\" \/>\t\t\t\t\t<\/a>\n\t\t\t\t\t<\/div>\n<div itemprop=\"dateCreated\" class=\"mkdf-post-info-date entry-date published updated\">\n\t\t\t<a itemprop=\"url\" href=\"https:\/\/roviti.com\/fr\/2021\/00\/\">\n\t\t\t\t\t\t<span class=\"mkdf-post-info-get-month\">Mar<\/span>\n\t\t\t<span class=\"mkdf-post-info-get-date\">01<\/span>\n\t\t<\/a>\n\t\t<meta itemprop=\"interactionCount\" content=\"UserComments: 0\"\/>\n<\/div>\t\t\t<\/div>\n\t\t\t\t<div class=\"mkdf-bli-content\">\n\t\t\t\t\t\t\n\t\t\t\n<h4 itemprop=\"name\" class=\"entry-title mkdf-post-title\" >\n            <a itemprop=\"url\" href=\"https:\/\/roviti.com\/fr\/une-comparaison-entre-huile-de-figue-de-barbarie-et-huile-d-argan\/\" title=\"Une comparaison entre l&#8217;huile de figue de barbarie et l&#8217;huile d&#8217;argan\">\n            Une comparaison entre l&#8217;huile de figue de barbarie et l&#8217;huile d&#8217;argan            <\/a>\n    <\/h4>\t\t\t\n\t\t\t<div class=\"mkdf-bli-excerpt\">\n\t\t\t\t\t\t<div class=\"mkdf-post-excerpt-holder\">\n\t\t\t<p itemprop=\"description\" class=\"mkdf-post-excerpt\">\n\t\t\t\tL\u2019huile de figue de Barbarie poss\u00e8de un certain nombre de propri\u00e9t\u00e9s extraordinaires pour la production de produits cosm\u00e9tiques de haute\t\t\t<\/p>\n\t\t<\/div>\n\t\t\t\t\t\t<div class=\"mkdf-post-read-more-button\">\n\t\t<a itemprop=\"url\" href=\"https:\/\/roviti.com\/fr\/une-comparaison-entre-huile-de-figue-de-barbarie-et-huile-d-argan\/\" target=\"_self\"  class=\"mkdf-btn mkdf-btn-medium mkdf-btn-simple mkdf-blog-list-button mkdf-btn-with-prefix\"  >    <span class=\"mkdf-btn-text\">Lire Plus<\/span>    <\/a>\t<\/div>\n\t\t\t<\/div>\n\t\t<\/div>\n\t<\/div>\n<\/li>\n<li class=\"mkdf-bl-item mkdf-item-space\">\n\t<div class=\"mkdf-bli-inner\">\n\t\t\t\t\t<div class=\"mkdf-bli-heading\">\n\t\t\t\t\t<div class=\"mkdf-post-image\">\n\t\t\t\t\t<a itemprop=\"url\" href=\"https:\/\/roviti.com\/fr\/pourquoi-la-date-de-production-d-un-cosmetique-est-elle-importante\/\" title=\"Date de production d&#8217;un cosm\u00e9tique\">\n\t\t\t\t\t<img loading=\"lazy\" decoding=\"async\" src=\"https:\/\/roviti.com\/wp-content\/uploads\/2021\/04\/roviti-blog-07-650x650.jpg\" alt=\"Data di produzione di un cosmetico\" width=\"650\" height=\"650\" \/>\t\t\t\t\t<\/a>\n\t\t\t\t\t<\/div>\n<div itemprop=\"dateCreated\" class=\"mkdf-post-info-date entry-date published updated\">\n\t\t\t<a itemprop=\"url\" href=\"https:\/\/roviti.com\/fr\/2021\/00\/\">\n\t\t\t\t\t\t<span class=\"mkdf-post-info-get-month\">F\u00e9v<\/span>\n\t\t\t<span class=\"mkdf-post-info-get-date\">20<\/span>\n\t\t<\/a>\n\t\t<meta itemprop=\"interactionCount\" content=\"UserComments: 0\"\/>\n<\/div>\t\t\t<\/div>\n\t\t\t\t<div class=\"mkdf-bli-content\">\n\t\t\t\t\t\t\n\t\t\t\n<h4 itemprop=\"name\" class=\"entry-title mkdf-post-title\" >\n            <a itemprop=\"url\" href=\"https:\/\/roviti.com\/fr\/pourquoi-la-date-de-production-d-un-cosmetique-est-elle-importante\/\" title=\"Date de production d&#8217;un cosm\u00e9tique\">\n            Date de production d&#8217;un cosm\u00e9tique            <\/a>\n    <\/h4>\t\t\t\n\t\t\t<div class=\"mkdf-bli-excerpt\">\n\t\t\t\t\t\t<div class=\"mkdf-post-excerpt-holder\">\n\t\t\t<p itemprop=\"description\" class=\"mkdf-post-excerpt\">\n\t\t\t\tLes produits cosm\u00e9tiques, comme les produits alimentaires par exemple, ont une date de p\u00e9remption. Et dans le cas des cosm\u00e9tiques\t\t\t<\/p>\n\t\t<\/div>\n\t\t\t\t\t\t<div class=\"mkdf-post-read-more-button\">\n\t\t<a itemprop=\"url\" href=\"https:\/\/roviti.com\/fr\/pourquoi-la-date-de-production-d-un-cosmetique-est-elle-importante\/\" target=\"_self\"  class=\"mkdf-btn mkdf-btn-medium mkdf-btn-simple mkdf-blog-list-button mkdf-btn-with-prefix\"  >    <span class=\"mkdf-btn-text\">Lire Plus<\/span>    <\/a>\t<\/div>\n\t\t\t<\/div>\n\t\t<\/div>\n\t<\/div>\n<\/li>\t\t<\/ul>\n\t<\/div>\n\t<\/div>[vc_column_text]<\/p>\n<p align=\"center\">La ligne cosm\u00e9tique professionnelle Roviti est synonyme de beaut\u00e9 durable en harmonie avec tout type de peau et l&#8217;environnement dans lequel vous vivez.<\/p>\n<p>[\/vc_column_text][\/vc_column_inner][\/vc_row_inner][\/vc_column][\/vc_row]<\/p>\n<p>Views: 396<\/p><\/section>","protected":false},"excerpt":{"rendered":"<p>[vc_row css=&#8221;.vc_custom_1617961132542{background-position: center !important;background-repeat: no-repeat !important;background-size: cover !important;}&#8221;][vc_column][vc_row_inner row_content_width=&#8221;grid&#8221;][vc_column_inner][vc_column_text] Cosm\u00e9tiques bio \u00e0 base d&#8217;huile de [&hellip;]<\/p>\n","protected":false},"author":1,"featured_media":0,"parent":0,"menu_order":0,"comment_status":"closed","ping_status":"closed","template":"full-width.php","meta":{"_acf_changed":false,"footnotes":""},"class_list":["post-4512","page","type-page","status-publish","hentry"],"acf":[],"yoast_head":"<!-- This site is optimized with the Yoast SEO plugin v22.8 - https:\/\/yoast.com\/wordpress\/plugins\/seo\/ -->\n<title>Cosm\u00e9tiques bio | Produits 100% naturels | Roviti Italia<\/title>\n<meta name=\"description\" content=\"Cosm\u00e9tiques bio Roviti. Production et distribution de cosm\u00e9tiques naturels pour tous les types de peau. Produits test\u00e9s par des sp\u00e9cialistes accr\u00e9dit\u00e9s.\" \/>\n<meta name=\"robots\" content=\"index, follow, max-snippet:-1, max-image-preview:large, max-video-preview:-1\" \/>\n<link rel=\"canonical\" href=\"https:\/\/roviti.com\/fr\/blog\/\" \/>\n<meta property=\"og:locale\" content=\"fr_FR\" \/>\n<meta property=\"og:type\" content=\"article\" \/>\n<meta property=\"og:title\" content=\"Cosm\u00e9tiques bio | Produits 100% naturels | Roviti Italia\" \/>\n<meta property=\"og:description\" content=\"Cosm\u00e9tiques bio Roviti. Production et distribution de cosm\u00e9tiques naturels pour tous les types de peau. Produits test\u00e9s par des sp\u00e9cialistes accr\u00e9dit\u00e9s.\" \/>\n<meta property=\"og:url\" content=\"https:\/\/roviti.com\/fr\/blog\/\" \/>\n<meta property=\"og:site_name\" content=\"Cosm\u00e9tiques naturels d&#039;excellence - Roviti\" \/>\n<meta property=\"article:modified_time\" content=\"2024-05-26T20:44:07+00:00\" \/>\n<meta name=\"twitter:card\" content=\"summary_large_image\" \/>\n<meta name=\"twitter:label1\" content=\"Dur\u00e9e de lecture estim\u00e9e\" \/>\n\t<meta name=\"twitter:data1\" content=\"1 minute\" \/>\n<!-- \/ Yoast SEO plugin. -->","yoast_head_json":{"title":"Cosm\u00e9tiques bio | Produits 100% naturels | Roviti Italia","description":"Cosm\u00e9tiques bio Roviti. Production et distribution de cosm\u00e9tiques naturels pour tous les types de peau. Produits test\u00e9s par des sp\u00e9cialistes accr\u00e9dit\u00e9s.","robots":{"index":"index","follow":"follow","max-snippet":"max-snippet:-1","max-image-preview":"max-image-preview:large","max-video-preview":"max-video-preview:-1"},"canonical":"https:\/\/roviti.com\/fr\/blog\/","og_locale":"fr_FR","og_type":"article","og_title":"Cosm\u00e9tiques bio | Produits 100% naturels | Roviti Italia","og_description":"Cosm\u00e9tiques bio Roviti. Production et distribution de cosm\u00e9tiques naturels pour tous les types de peau. Produits test\u00e9s par des sp\u00e9cialistes accr\u00e9dit\u00e9s.","og_url":"https:\/\/roviti.com\/fr\/blog\/","og_site_name":"Cosm\u00e9tiques naturels d'excellence - Roviti","article_modified_time":"2024-05-26T20:44:07+00:00","twitter_card":"summary_large_image","twitter_misc":{"Dur\u00e9e de lecture estim\u00e9e":"1 minute"},"schema":{"@context":"https:\/\/schema.org","@graph":[{"@type":"WebPage","@id":"https:\/\/roviti.com\/fr\/blog\/","url":"https:\/\/roviti.com\/fr\/blog\/","name":"Cosm\u00e9tiques bio | Produits 100% naturels | Roviti Italia","isPartOf":{"@id":"https:\/\/roviti.com\/#website"},"datePublished":"2021-04-07T14:27:08+00:00","dateModified":"2024-05-26T20:44:07+00:00","description":"Cosm\u00e9tiques bio Roviti. Production et distribution de cosm\u00e9tiques naturels pour tous les types de peau. Produits test\u00e9s par des sp\u00e9cialistes accr\u00e9dit\u00e9s.","breadcrumb":{"@id":"https:\/\/roviti.com\/fr\/blog\/#breadcrumb"},"inLanguage":"fr-FR","potentialAction":[{"@type":"ReadAction","target":["https:\/\/roviti.com\/fr\/blog\/"]}]},{"@type":"BreadcrumbList","@id":"https:\/\/roviti.com\/fr\/blog\/#breadcrumb","itemListElement":[{"@type":"ListItem","position":1,"name":"Home","item":"https:\/\/roviti.com\/fr\/"},{"@type":"ListItem","position":2,"name":"Cosm\u00e9tiques Bio &#8211; Blog"}]},{"@type":"WebSite","@id":"https:\/\/roviti.com\/#website","url":"https:\/\/roviti.com\/","name":"Cosm\u00e9tiques naturels d'excellence - Roviti","description":"Olio di fico d&#039;India","potentialAction":[{"@type":"SearchAction","target":{"@type":"EntryPoint","urlTemplate":"https:\/\/roviti.com\/?s={search_term_string}"},"query-input":"required name=search_term_string"}],"inLanguage":"fr-FR"}]}},"_links":{"self":[{"href":"https:\/\/roviti.com\/fr\/wp-json\/wp\/v2\/pages\/4512","targetHints":{"allow":["GET"]}}],"collection":[{"href":"https:\/\/roviti.com\/fr\/wp-json\/wp\/v2\/pages"}],"about":[{"href":"https:\/\/roviti.com\/fr\/wp-json\/wp\/v2\/types\/page"}],"author":[{"embeddable":true,"href":"https:\/\/roviti.com\/fr\/wp-json\/wp\/v2\/users\/1"}],"replies":[{"embeddable":true,"href":"https:\/\/roviti.com\/fr\/wp-json\/wp\/v2\/comments?post=4512"}],"version-history":[{"count":18,"href":"https:\/\/roviti.com\/fr\/wp-json\/wp\/v2\/pages\/4512\/revisions"}],"predecessor-version":[{"id":8581,"href":"https:\/\/roviti.com\/fr\/wp-json\/wp\/v2\/pages\/4512\/revisions\/8581"}],"wp:attachment":[{"href":"https:\/\/roviti.com\/fr\/wp-json\/wp\/v2\/media?parent=4512"}],"curies":[{"name":"wp","href":"https:\/\/api.w.org\/{rel}","templated":true}]}}